{"id":2871,"date":"2020-05-08T05:11:27","date_gmt":"2020-05-07T19:11:27","guid":{"rendered":"https:\/\/www.plymouthbrethrenchristianchurch.org\/vad-vi-tror\/andra\/"},"modified":"2024-09-10T14:09:03","modified_gmt":"2024-09-10T04:09:03","slug":"ovrigt","status":"publish","type":"page","link":"https:\/\/www.plymouthbrethrenchristianchurch.org\/sv\/vad-vi-tror\/ovrigt\/","title":{"rendered":"Andra"},"content":{"rendered":"","protected":false},"excerpt":{"rendered":"","protected":false},"author":2,"featured_media":0,"parent":2853,"menu_order":4,"comment_status":"closed","ping_status":"closed","template":"page-templates\/acf-flexible-content.php","meta":{"_acf_changed":false,"_relevanssi_hide_post":"","_relevanssi_hide_content":"","_relevanssi_pin_for_all":"","_relevanssi_pin_keywords":"","_relevanssi_unpin_keywords":"","_relevanssi_related_keywords":"","_relevanssi_related_include_ids":"","_relevanssi_related_exclude_ids":"","_relevanssi_related_no_append":"","_relevanssi_related_not_related":"","_relevanssi_related_posts":"","_relevanssi_noindex_reason":"","inline_featured_image":false,"footnotes":""},"class_list":["post-2871","page","type-page","status-publish","hentry"],"acf":{"post_page_video":"","content":[{"acf_fc_layout":"page_header_with_links","override_title":false,"custom_title":"Testa titel","intro_text":"<p>Annan information om Plymouthbr\u00f6dernas trosuppfattningar, inklusive Separationsdoktrinen, synen p\u00e5 regering och tj\u00e4nstg\u00f6ring i krig.<\/p>\n","enable_button":true,"button":{"button_text":"","button_url":"","open_in_new_tab":false,"button_class":""},"link_source":"menu","select_a_menu":{"value":"18","label":"Vad vi tror p\u00e5"},"menu_title":"","custom_links":false,"header_styles":{"":null,"background_colour":"#515151","background_image":988,"text_colour":"white"},"row_class":""},{"acf_fc_layout":"module_section","row":[{"column_gap":"6","column":[{"module":[{"acf_fc_layout":"accordion_module","accordion_item":[{"accordion_closed_title":"L\u00e4ran om separation","accordion_closed_sub_title":"","accordion_open_title":"","accordion_open_sub_title":"","accordion_content":"<p>PBCC tror att varje sann troende p\u00e5 Herren Jesus Kristus, varje \u00e4kta omv\u00e4nd person, kommer att vara i himlen och v\u00e5ra sanna br\u00f6der i Kristus. Principen om separation ut\u00f6vas av alla m\u00e4nniskor, nationer och religioner i n\u00e5gon form eller annat. Bibeln h\u00e4nvisar till det i m\u00e5nga avsnitt &#8211; fr\u00e5n F\u00f6rsta Mosebok kapitel 1, d\u00e4r Gud delas mellan ljus och m\u00f6rker, \u00e4nda fram till Uppenbarelseboken kapitel 22, d\u00e4r det finns de som \u00e4r inom och de som \u00e4r utan. Herren Jesus sade liksom till sina l\u00e4rjungar &#8221;de \u00e4r inte av v\u00e4rlden, \u00e4ven som jag inte \u00e4r av v\u00e4rlden&#8221; John 17 v14. V\u00e4rlden i denna mening syftar p\u00e5 systemet med synd och lagl\u00f6shet under dominans. Som kyrka f\u00f6rs\u00f6ker vi helhj\u00e4rtat att vi skall \u00e4gna v\u00e5ra liv \u00e5t denna princip. Vi v\u00e4ljer att f\u00f6lja Jesu l\u00e4rdomar som anges i evangelierna och undervisas i Nya testamentets epistlar. H\u00e4nvisa passager som Matthew 16 v24-26, Mark 10 v28-30, 2 Timothy 2 v19 och 2 Kor 6v14-18. Separation representerar en moralisk distinktion mellan vad som \u00e4r r\u00e4tt och vad som \u00e4r fel, vad som \u00e4r r\u00e4ttf\u00e4rdigt och vad som \u00e4r or\u00e4ttf\u00e4rdigt. Kristna som troende p\u00e5 Herren Jesus Kristus manad att &#8221;v\u00e4gra det onda och att v\u00e4lja det goda&#8221; Jesaja 7 v15. Vi g\u00f6r ett \u00e5tagande att \u00e4ta och dricka bara med dem som vi skulle fira Herrens Nattvard &#8211; det \u00e4r grunden f\u00f6r v\u00e5r gemenskap. Detta betyder inte att vi h\u00e5ller oss sj\u00e4lva som \u00f6verl\u00e4gsna v\u00e5ra medm\u00e4nniskor, kvinnor och barn. Vi lever och arbetar harmoniskt tillsammans med dem, i samh\u00e4llets huvudf\u00e5ra. V\u00e5r praxis att separera utesluter inte interaktion i det bredare samh\u00e4llet. Vi hj\u00e4lper v\u00e5ra grannar och de hj\u00e4lper oss. Vi bryr oss om och skyddar deras egendom och de g\u00f6r v\u00e5r. Vi uppskattar det goda som vi f\u00e5r fr\u00e5n m\u00e5nga av v\u00e5ra medborgare, och v\u00e4lkomnar m\u00f6jligheten att uppfylla v\u00e5rt ansvar i samh\u00e4llet. V\u00e5r inst\u00e4llning \u00e4r att g\u00f6ra gott mot alla, allt eftersom m\u00f6jligheter uppst\u00e5r.<\/p>\n","accordion_foot_notes":"","social_share_links":["facebook","twitter"]},{"accordion_closed_title":"Plymouthbr\u00f6derna och politik","accordion_closed_sub_title":"","accordion_open_title":"V\u00e5r syn p\u00e5 regeringar, lagstiftning och r\u00f6stning","accordion_open_sub_title":"","accordion_content":"<p>Br\u00f6derna \u00e4r partipolitiskt obundna och tror att en viss regering (oavsett politiskt parti eller enskilda kandidater) har valts genom Guds vilja.<br \/>\n\u00c4ven om det finns en st\u00e4ndig och konsekvent b\u00f6n om ett gott styre, r\u00f6star vi inte av samvetssk\u00e4l.<br \/>\nI de flesta l\u00e4nder d\u00e4r det \u00e4r obligatoriskt att r\u00f6sta finns det undantag fr\u00e5n att r\u00f6sta av samvetssk\u00e4l.<br \/>\nS\u00e5ledes, \u00e4ven om vi inte r\u00f6star, \u00e4r vi fortfarande uppm\u00e4rksamma p\u00e5 politiken i de l\u00e4nder vi bor i, och som med alla kristna kyrkor intar Plymouthbr\u00f6derna ibland en moralisk st\u00e5ndpunkt n\u00e4r det g\u00e4ller f\u00f6renligheten av lagstiftning och politik med Bibelns l\u00e4ror.<br \/>\nVid dessa tillf\u00e4llen bedriver vi aktiv lobbyverksamhet gentemot v\u00e5ra representanter och ut\u00f6var v\u00e5ra individuella demokratiska r\u00e4ttigheter som medborgare som lever i ett fritt samh\u00e4lle.    <\/p>\n","accordion_foot_notes":"","social_share_links":["facebook","twitter"]},{"accordion_closed_title":"Br\u00f6der tj\u00e4nade i b\u00e5da v\u00e4rldskrigen","accordion_closed_sub_title":"","accordion_open_title":"","accordion_open_sub_title":"","accordion_content":"<p>Under tiden d\u00e5 de var inkallade till milit\u00e4rtj\u00e4nstg\u00f6ring var medlemmar av Plymouthbr\u00f6dernas kristna kyrka inblandade i b\u00e5da v\u00e4rldskrigen och Koreakriget och Vietnamkriget, och tj\u00e4nstgjorde tillsammans med soldater som inte var br\u00f6der i sina respektive l\u00e4nder.<br \/>\nBr\u00f6derna ans\u00e5g att de skulle erk\u00e4nnas som icke-stridande till skillnad fr\u00e5n vapenv\u00e4grare.<br \/>\nDe utsattes s\u00e4rskilt under f\u00f6rsta v\u00e4rldskriget f\u00f6r att de v\u00e4grade b\u00e4ra vapen, men tiden och erfarenheten visade att det fanns stort mod i att g\u00e5 in i frontlinjen obev\u00e4pnad f\u00f6r att r\u00e4dda de s\u00e5rade.<br \/>\nBr\u00f6der har tj\u00e4nat p\u00e5 m\u00e5nga platser, bland annat i Papua Nya Guineas djungler, i Nordafrikas \u00f6knar, p\u00e5 str\u00e4nderna i Dunkerque, vid landstigningen i Normandie, i Korea och Vietnam.<br \/>\nDe har tj\u00e4nstgjort vid fronten som b\u00e5rb\u00e4rare s\u00e5v\u00e4l som i hemligst\u00e4mplade hemliga signalf\u00f6rband.<br \/>\nEn av dem var 2 I.C. p\u00e5 ett av de st\u00f6rsta arm\u00e9sjukhusen i Australien.<br \/>\nExempel p\u00e5 uppskattning av deras arbete var en utm\u00e4rkelse under f\u00f6rsta v\u00e4rldskriget f\u00f6r tapperhet i deras tj\u00e4nst, inklusive milit\u00e4rkorset.<br \/>\nUnder andra v\u00e4rldskriget, trots att han satt f\u00e4ngslad i Changi, n\u00e4mndes en av dem i depescher f\u00f6r sin tj\u00e4nstg\u00f6ring hos andra krigsf\u00e5ngar.<br \/>\nUnder det kalla krigets sp\u00e4nningar i Europa uts\u00e5gs en av br\u00f6derna till &#8221;\u00c5rets soldat&#8221; tv\u00e5 g\u00e5nger i rad.          <strong>UTDRAG FR\u00c5N NATIONAL ARCHIVES AUSTRALIA<\/strong>  F. KINGSLEY NORRIS (D.G.A.M.S.) GENERALDIREKT\u00d6R AUST. MEDICINSK SERVICE \u2013 AUST. ARM\u00c9N 1942-43 STYRKOR F\u00f6rluster och sjukdomar hade bedr\u00f6vligt tunnat ut leden bland min sjukv\u00e5rdspersonal, och som svar p\u00e5 m\u00e5nga signaler hade vi till slut tilldelats ytterligare en f\u00e4ltambulans, som inkluderade ett kompani &#8221;vapenv\u00e4grare&#8230;&#8230; Jag diskuterade situationen med chefen och besl\u00f6t att flytta hans ambulans \u00f6ver till Soputa d\u00e4r stridens kris hade uppn\u00e5tts och v\u00e5ra f\u00f6rluster \u00f6kade. B\u00e4rare bland &#8221;conshies&#8221; beordrades in i striden, och ingen tvekade. Somliga d\u00f6dades, andra s\u00e5rades, och medan jag betraktade dem, s\u00e5g jag inte en enda man eller n\u00e5gon b\u00e5rpatrull som hade gjort en paus f\u00f6r de skadade innan de \u00e5terv\u00e4nde. P\u00e5 samma s\u00e4tt som m\u00e4nnen i Mons f\u00f6rvandlade det f\u00f6raktliga ordet till \u00e4rans guld, s\u00e5 blev &#8221;conshie&#8221; ett \u00e4delt ord av respekt och aktning. H\u00e4ndelsen i Soputa var ett av de mest inspirerande exempel p\u00e5 moraliskt och fysiskt mod som jag har upplevt.<\/p>\n","accordion_foot_notes":"","social_share_links":["facebook","twitter"]}]},{"acf_fc_layout":"bible_quote_slim","quote_text":"Men Guds grundvalar st\u00e5r fast, ty han har detta sigill: \"Herren k\u00e4nner dem som \u00e4r hans.\"\nOch var och en som n\u00e4mner Kristi namn m\u00e5 vika av fr\u00e5n or\u00e4ttf\u00e4rdigheten. ","quote_source":"2 Timoteusbrevet 2 mot 19"},{"acf_fc_layout":"global_module","global_module_id":1148}],"columns_sm":"12","columns_md":"8","columns_lg":"8"},{"module":false,"columns_sm":"12","columns_md":"4","columns_lg":"4"}],"row_class":"","module_padding":{"":null,"padding_top_xs":"","padding_bottom_xs":"","padding_left_xs":"","padding_right_xs":"","padding_top_md":"","padding_bottom_md":"","padding_left_md":"","padding_right_md":"","padding_top_lg":"","padding_bottom_lg":"","padding_left_lg":"","padding_right_lg":""},"module_margin":{"":null,"margin_top_xs":"","margin_bottom_xs":"","margin_left_xs":"","margin_right_xs":"","margin_top_md":"","margin_bottom_md":"","margin_left_md":"","margin_right_md":"","margin_top_lg":"","margin_bottom_lg":"","margin_left_lg":"","margin_right_lg":""}}],"section_heading":"","section_class":"","module_padding":{"":null,"padding_top_xs":"","padding_bottom_xs":"","padding_left_xs":"","padding_right_xs":"","padding_top_md":"","padding_bottom_md":"","padding_left_md":"","padding_right_md":"","padding_top_lg":"","padding_bottom_lg":"","padding_left_lg":"","padding_right_lg":""},"module_margin":{"":null,"margin_top_xs":"","margin_bottom_xs":"","margin_left_xs":"","margin_right_xs":"","margin_top_md":"","margin_bottom_md":"","margin_left_md":"","margin_right_md":"","margin_top_lg":"","margin_bottom_lg":"","margin_left_lg":"","margin_right_lg":""}}]},"yoast_head":"<!-- This site is optimized with the Yoast SEO plugin v25.2 - https:\/\/yoast.com\/wordpress\/plugins\/seo\/ -->\n<title>Andra | Plymouth Brethren Christian Church<\/title>\n<meta name=\"description\" content=\"Bes\u00f6k den andra sidan p\u00e5 kyrkans hemsida, en kristen gemenskap som bygger p\u00e5 Bibeln som Guds ord.\" \/>\n<meta name=\"robots\" content=\"index, follow, max-snippet:-1, max-image-preview:large, max-video-preview:-1\" \/>\n<link rel=\"canonical\" href=\"https:\/\/www.plymouthbrethrenchristianchurch.org\/sv\/vad-vi-tror\/ovrigt\/\" \/>\n<meta property=\"og:locale\" content=\"sv_SE\" \/>\n<meta property=\"og:type\" content=\"article\" \/>\n<meta property=\"og:title\" content=\"Andra | Plymouth Brethren Christian Church\" \/>\n<meta property=\"og:description\" content=\"Bes\u00f6k den andra sidan p\u00e5 kyrkans hemsida, en kristen gemenskap som bygger p\u00e5 Bibeln som Guds ord.\" \/>\n<meta property=\"og:url\" content=\"https:\/\/www.plymouthbrethrenchristianchurch.org\/sv\/vad-vi-tror\/ovrigt\/\" \/>\n<meta property=\"og:site_name\" content=\"Plymouth Brethren Christian Church\" \/>\n<meta property=\"article:publisher\" content=\"https:\/\/www.facebook.com\/PlymouthBrethrenChristianChurch\" \/>\n<meta property=\"article:modified_time\" content=\"2024-09-10T04:09:03+00:00\" \/>\n<meta name=\"twitter:card\" content=\"summary_large_image\" \/>\n<script type=\"application\/ld+json\" class=\"yoast-schema-graph\">{\"@context\":\"https:\/\/schema.org\",\"@graph\":[{\"@type\":\"WebPage\",\"@id\":\"https:\/\/www.plymouthbrethrenchristianchurch.org\/sv\/vad-vi-tror\/ovrigt\/\",\"url\":\"https:\/\/www.plymouthbrethrenchristianchurch.org\/sv\/vad-vi-tror\/ovrigt\/\",\"name\":\"Andra | Plymouth Brethren Christian Church\",\"isPartOf\":{\"@id\":\"https:\/\/www.plymouthbrethrenchristianchurch.org\/#website\"},\"datePublished\":\"2020-05-07T19:11:27+00:00\",\"dateModified\":\"2024-09-10T04:09:03+00:00\",\"description\":\"Bes\u00f6k den andra sidan p\u00e5 kyrkans hemsida, en kristen gemenskap som bygger p\u00e5 Bibeln som Guds ord.\",\"breadcrumb\":{\"@id\":\"https:\/\/www.plymouthbrethrenchristianchurch.org\/sv\/vad-vi-tror\/ovrigt\/#breadcrumb\"},\"inLanguage\":\"sv-SE\",\"potentialAction\":[{\"@type\":\"ReadAction\",\"target\":[\"https:\/\/www.plymouthbrethrenchristianchurch.org\/sv\/vad-vi-tror\/ovrigt\/\"]}]},{\"@type\":\"BreadcrumbList\",\"@id\":\"https:\/\/www.plymouthbrethrenchristianchurch.org\/sv\/vad-vi-tror\/ovrigt\/#breadcrumb\",\"itemListElement\":[{\"@type\":\"ListItem\",\"position\":1,\"name\":\"Home\",\"item\":\"https:\/\/www.plymouthbrethrenchristianchurch.org\/sv\/hem\/\"},{\"@type\":\"ListItem\",\"position\":2,\"name\":\"Vad vi tror\",\"item\":\"https:\/\/www.plymouthbrethrenchristianchurch.org\/sv\/vad-vi-tror\/\"},{\"@type\":\"ListItem\",\"position\":3,\"name\":\"Andra\"}]},{\"@type\":\"WebSite\",\"@id\":\"https:\/\/www.plymouthbrethrenchristianchurch.org\/#website\",\"url\":\"https:\/\/www.plymouthbrethrenchristianchurch.org\/\",\"name\":\"Plymouth Brethren Christian Church\",\"description\":\"\",\"publisher\":{\"@id\":\"https:\/\/www.plymouthbrethrenchristianchurch.org\/#organization\"},\"potentialAction\":[{\"@type\":\"SearchAction\",\"target\":{\"@type\":\"EntryPoint\",\"urlTemplate\":\"https:\/\/www.plymouthbrethrenchristianchurch.org\/?s={search_term_string}\"},\"query-input\":{\"@type\":\"PropertyValueSpecification\",\"valueRequired\":true,\"valueName\":\"search_term_string\"}}],\"inLanguage\":\"sv-SE\"},{\"@type\":\"Organization\",\"@id\":\"https:\/\/www.plymouthbrethrenchristianchurch.org\/#organization\",\"name\":\"Plymouth Brethren Christian Church\",\"url\":\"https:\/\/www.plymouthbrethrenchristianchurch.org\/\",\"logo\":{\"@type\":\"ImageObject\",\"inLanguage\":\"sv-SE\",\"@id\":\"https:\/\/www.plymouthbrethrenchristianchurch.org\/#\/schema\/logo\/image\/\",\"url\":\"https:\/\/www.plymouthbrethrenchristianchurch.org\/wp-content\/uploads\/2020\/05\/site-logo.svg\",\"contentUrl\":\"https:\/\/www.plymouthbrethrenchristianchurch.org\/wp-content\/uploads\/2020\/05\/site-logo.svg\",\"caption\":\"Plymouth Brethren Christian Church\"},\"image\":{\"@id\":\"https:\/\/www.plymouthbrethrenchristianchurch.org\/#\/schema\/logo\/image\/\"},\"sameAs\":[\"https:\/\/www.facebook.com\/PlymouthBrethrenChristianChurch\",\"https:\/\/www.youtube.com\/channel\/UC76fGueDJBbLvhs988yTBXQ\",\"https:\/\/www.pinterest.com.au\/plymouthbcc\/\"]}]}<\/script>\n<!-- \/ Yoast SEO plugin. -->","yoast_head_json":{"title":"Andra | Plymouth Brethren Christian Church","description":"Bes\u00f6k den andra sidan p\u00e5 kyrkans hemsida, en kristen gemenskap som bygger p\u00e5 Bibeln som Guds ord.","robots":{"index":"index","follow":"follow","max-snippet":"max-snippet:-1","max-image-preview":"max-image-preview:large","max-video-preview":"max-video-preview:-1"},"canonical":"https:\/\/www.plymouthbrethrenchristianchurch.org\/sv\/vad-vi-tror\/ovrigt\/","og_locale":"sv_SE","og_type":"article","og_title":"Andra | Plymouth Brethren Christian Church","og_description":"Bes\u00f6k den andra sidan p\u00e5 kyrkans hemsida, en kristen gemenskap som bygger p\u00e5 Bibeln som Guds ord.","og_url":"https:\/\/www.plymouthbrethrenchristianchurch.org\/sv\/vad-vi-tror\/ovrigt\/","og_site_name":"Plymouth Brethren Christian Church","article_publisher":"https:\/\/www.facebook.com\/PlymouthBrethrenChristianChurch","article_modified_time":"2024-09-10T04:09:03+00:00","twitter_card":"summary_large_image","schema":{"@context":"https:\/\/schema.org","@graph":[{"@type":"WebPage","@id":"https:\/\/www.plymouthbrethrenchristianchurch.org\/sv\/vad-vi-tror\/ovrigt\/","url":"https:\/\/www.plymouthbrethrenchristianchurch.org\/sv\/vad-vi-tror\/ovrigt\/","name":"Andra | Plymouth Brethren Christian Church","isPartOf":{"@id":"https:\/\/www.plymouthbrethrenchristianchurch.org\/#website"},"datePublished":"2020-05-07T19:11:27+00:00","dateModified":"2024-09-10T04:09:03+00:00","description":"Bes\u00f6k den andra sidan p\u00e5 kyrkans hemsida, en kristen gemenskap som bygger p\u00e5 Bibeln som Guds ord.","breadcrumb":{"@id":"https:\/\/www.plymouthbrethrenchristianchurch.org\/sv\/vad-vi-tror\/ovrigt\/#breadcrumb"},"inLanguage":"sv-SE","potentialAction":[{"@type":"ReadAction","target":["https:\/\/www.plymouthbrethrenchristianchurch.org\/sv\/vad-vi-tror\/ovrigt\/"]}]},{"@type":"BreadcrumbList","@id":"https:\/\/www.plymouthbrethrenchristianchurch.org\/sv\/vad-vi-tror\/ovrigt\/#breadcrumb","itemListElement":[{"@type":"ListItem","position":1,"name":"Home","item":"https:\/\/www.plymouthbrethrenchristianchurch.org\/sv\/hem\/"},{"@type":"ListItem","position":2,"name":"Vad vi tror","item":"https:\/\/www.plymouthbrethrenchristianchurch.org\/sv\/vad-vi-tror\/"},{"@type":"ListItem","position":3,"name":"Andra"}]},{"@type":"WebSite","@id":"https:\/\/www.plymouthbrethrenchristianchurch.org\/#website","url":"https:\/\/www.plymouthbrethrenchristianchurch.org\/","name":"Plymouth Brethren Christian Church","description":"","publisher":{"@id":"https:\/\/www.plymouthbrethrenchristianchurch.org\/#organization"},"potentialAction":[{"@type":"SearchAction","target":{"@type":"EntryPoint","urlTemplate":"https:\/\/www.plymouthbrethrenchristianchurch.org\/?s={search_term_string}"},"query-input":{"@type":"PropertyValueSpecification","valueRequired":true,"valueName":"search_term_string"}}],"inLanguage":"sv-SE"},{"@type":"Organization","@id":"https:\/\/www.plymouthbrethrenchristianchurch.org\/#organization","name":"Plymouth Brethren Christian Church","url":"https:\/\/www.plymouthbrethrenchristianchurch.org\/","logo":{"@type":"ImageObject","inLanguage":"sv-SE","@id":"https:\/\/www.plymouthbrethrenchristianchurch.org\/#\/schema\/logo\/image\/","url":"https:\/\/www.plymouthbrethrenchristianchurch.org\/wp-content\/uploads\/2020\/05\/site-logo.svg","contentUrl":"https:\/\/www.plymouthbrethrenchristianchurch.org\/wp-content\/uploads\/2020\/05\/site-logo.svg","caption":"Plymouth Brethren Christian Church"},"image":{"@id":"https:\/\/www.plymouthbrethrenchristianchurch.org\/#\/schema\/logo\/image\/"},"sameAs":["https:\/\/www.facebook.com\/PlymouthBrethrenChristianChurch","https:\/\/www.youtube.com\/channel\/UC76fGueDJBbLvhs988yTBXQ","https:\/\/www.pinterest.com.au\/plymouthbcc\/"]}]}},"_links":{"self":[{"href":"https:\/\/www.plymouthbrethrenchristianchurch.org\/sv\/wp-json\/wp\/v2\/pages\/2871"}],"collection":[{"href":"https:\/\/www.plymouthbrethrenchristianchurch.org\/sv\/wp-json\/wp\/v2\/pages"}],"about":[{"href":"https:\/\/www.plymouthbrethrenchristianchurch.org\/sv\/wp-json\/wp\/v2\/types\/page"}],"author":[{"embeddable":true,"href":"https:\/\/www.plymouthbrethrenchristianchurch.org\/sv\/wp-json\/wp\/v2\/users\/2"}],"replies":[{"embeddable":true,"href":"https:\/\/www.plymouthbrethrenchristianchurch.org\/sv\/wp-json\/wp\/v2\/comments?post=2871"}],"version-history":[{"count":3,"href":"https:\/\/www.plymouthbrethrenchristianchurch.org\/sv\/wp-json\/wp\/v2\/pages\/2871\/revisions"}],"predecessor-version":[{"id":7891,"href":"https:\/\/www.plymouthbrethrenchristianchurch.org\/sv\/wp-json\/wp\/v2\/pages\/2871\/revisions\/7891"}],"up":[{"embeddable":true,"href":"https:\/\/www.plymouthbrethrenchristianchurch.org\/sv\/wp-json\/wp\/v2\/pages\/2853"}],"wp:attachment":[{"href":"https:\/\/www.plymouthbrethrenchristianchurch.org\/sv\/wp-json\/wp\/v2\/media?parent=2871"}],"curies":[{"name":"wp","href":"https:\/\/api.w.org\/{rel}","templated":true}]}}