{"id":2895,"date":"2020-05-12T06:37:36","date_gmt":"2020-05-11T20:37:36","guid":{"rendered":"https:\/\/www.plymouthbrethrenchristianchurch.org\/vara-varderingar\/comunity\/"},"modified":"2025-09-16T22:31:32","modified_gmt":"2025-09-16T12:31:32","slug":"samhallet","status":"publish","type":"page","link":"https:\/\/www.plymouthbrethrenchristianchurch.org\/sv\/samhallet\/","title":{"rendered":"Livsstil"},"content":{"rendered":"","protected":false},"excerpt":{"rendered":"","protected":false},"author":2,"featured_media":0,"parent":0,"menu_order":4,"comment_status":"closed","ping_status":"closed","template":"page-templates\/acf-flexible-content.php","meta":{"_acf_changed":false,"_relevanssi_hide_post":"","_relevanssi_hide_content":"","_relevanssi_pin_for_all":"","_relevanssi_pin_keywords":"","_relevanssi_unpin_keywords":"","_relevanssi_related_keywords":"","_relevanssi_related_include_ids":"","_relevanssi_related_exclude_ids":"","_relevanssi_related_no_append":"","_relevanssi_related_not_related":"","_relevanssi_related_posts":"","_relevanssi_noindex_reason":"","inline_featured_image":false,"footnotes":""},"class_list":["post-2895","page","type-page","status-publish","hentry"],"acf":{"post_page_video":"","content":[{"acf_fc_layout":"page_header_with_links","override_title":true,"custom_title":"Livsstil","intro_text":"<p>L\u00e4r k\u00e4nna v\u00e5r gemenskap, Plymouth Brethren Christian Church (PBCC).<\/p>\n","enable_button":false,"button":{"button_text":"","button_url":"","open_in_new_tab":false,"button_class":""},"link_source":"menu","select_a_menu":{"value":"13","label":"Huvudmeny"},"menu_title":"","custom_links":false,"header_styles":{"":null,"background_colour":"#515151","background_image":1131,"text_colour":"white"},"row_class":""},{"acf_fc_layout":"module_section","row":[{"column_gap":"6","column":[{"module":[{"acf_fc_layout":"rich_media_block","image":false,"header":{"":null,"title":"Livsstilen i Plymouthbr\u00f6dernas kristna kyrka","heading_level":"h2","header_styles":{"":null,"background_colour":"","background_image":false,"text_colour":"orange"},"make_separator":true},"content":"<p>Plymouthbr\u00f6dernas kristna kyrka \u00e4r byggd p\u00e5 k\u00e4rnv\u00e4rden som betonar tro, gemenskap och moralisk integritet. Centralt f\u00f6r dessa v\u00e4rderingar \u00e4r ett starkt engagemang f\u00f6r bibliska l\u00e4ror, som formar f\u00f6rsamlingsmedlemmarnas inst\u00e4llning till det dagliga livet och interaktionen med andra. <\/p>\n<p>Kyrkan bildades f\u00f6r omkring 200 \u00e5r sedan i Plymouth i s\u00f6dra England och har i dag omkring 55 000 medlemmar spridda \u00f6ver hela v\u00e4rlden, i l\u00e4nder som USA, Nya Zeeland, Karibien, Australien och Storbritannien.<\/p>\n<p>Vi \u00e4r en vanlig kristen kyrka, men som alla religioner har vi v\u00e5ra egna traditioner, kultur och livsstil. Det finns en viss nyfikenhet p\u00e5 Plymouthbr\u00f6dernas kristna kyrka i samh\u00e4llet i stort, och ocks\u00e5 en hel del missuppfattningar om v\u00e5r tro och v\u00e5ra sedv\u00e4njor. <\/p>\n","enable_button":false,"button":{"button_text":"L\u00e4s mer om v\u00e5ra \u00f6vertygelser","button_url":{"title":"V\u00e5ra \u00f6vertygelser","url":"https:\/\/www.plymouthbrethrenchristianchurch.org\/community\/our-beliefs\/","target":""},"open_in_new_tab":false,"button_class":""},"class":""},{"acf_fc_layout":"rich_media_block","image":6685,"header":{"":null,"title":"Plymouthbr\u00f6dernas kristna kyrkas trosuppfattningar","heading_level":"h2","header_styles":{"":null,"background_colour":"","background_image":false,"text_colour":"orange"},"make_separator":true},"content":"<p>Vi \u00e4r kristna och vi str\u00e4var efter att leva ett fullv\u00e4rdigt och gott liv, enligt Bibelns v\u00e4gledning. Vi ansluter regelbundet till v\u00e5r gemenskap i enkla gospelsalar runt om i v\u00e4rlden, och vi samlas varje s\u00f6ndag f\u00f6r att fira Herrens nattvard, som du kanske k\u00e4nner som den heliga kommunionen. <\/p>\n<p>Vi tror inte att vi \u00e4r \u00f6verl\u00e4gsna n\u00e5gon annan, och vi lever sida vid sida med m\u00e4nniskor av annan tro och ingen tro varje dag.<\/p>\n","enable_button":true,"button":{"button_text":"L\u00e4s mer om v\u00e5ra \u00f6vertygelser","button_url":{"title":"L\u00e4s mer om v\u00e5ra \u00f6vertygelser","url":"https:\/\/www.plymouthbrethrenchristianchurch.org\/our-way-of-life\/our-beliefs\/","target":""},"open_in_new_tab":false,"button_class":""},"class":""},{"acf_fc_layout":"rich_media_block","image":6692,"header":{"":null,"title":"K\u00e4rnv\u00e4rden i Plymouthbr\u00f6dernas kristna kyrka","heading_level":"h2","header_styles":{"":null,"background_colour":"","background_image":false,"text_colour":"orange"},"make_separator":true},"content":"<p>Br\u00f6dernas m\u00e4n och kvinnor i v\u00e5r kyrka har gemensamma v\u00e4rderingar om omsorg och medk\u00e4nsla samt deltagande, egenansvar och beslutsfattande i samh\u00e4llet. Vi praktiserar aktivt kristendomen genom att tj\u00e4na v\u00e5r familj, v\u00e5r kyrka och v\u00e5ra lokala och globala samh\u00e4llen. V\u00e5r \u00f6msesidiga kristna gemenskap \u00e4r en integrerad del av v\u00e5rt s\u00e4tt att leva.  <\/p>\n<p>Vi kallar oss sj\u00e4lva \u201cbr\u00f6der\u201d eftersom vi \u00e4r en t\u00e4t, sammansvetsad gemenskap av familjer som h\u00e5lls samman av v\u00e5r gemensamma kristna tro som \u00e4r grundad p\u00e5 Bibeln. Med det sagt, precis som alla andra, lever Br\u00f6ders kvinnor och m\u00e4n i harmoni tillsammans med alla m\u00e4nniskor oavsett om de har en annan tro eller inte. <\/p>\n<p>V\u00e5ra v\u00e4rderingar \u00e4r bland annat:<\/p>\n<ul>\n<li>Proaktivt engagemang i samh\u00e4llet, aktivt bidra till de lokala samh\u00e4llen d\u00e4r vi bor, arbetar och verkar.<\/li>\n<li>S\u00f6ka m\u00f6jligheter att st\u00f6dja lokala, regionala och globala initiativ med omsorg och medk\u00e4nsla.<\/li>\n<li>Utbildning \u00e4r viktigt f\u00f6r oss. OneSchool Global (OSG) bes\u00f6ks av familjer i v\u00e5r kyrka och har \u00f6ver 120 campus i 20 l\u00e4nder, undervisar 8 000 elever och syssels\u00e4tter \u00f6ver 1 800 l\u00e4rare och personal utanf\u00f6r v\u00e5r gemenskap.<\/li>\n<li>Att inte rekrytera nya medlemmar. M\u00e4nniskor \u00e4r v\u00e4lkomna att bli medlemmar om v\u00e4rderingarna st\u00e4mmer \u00f6verens, men medlemmar f\u00f6ds i allm\u00e4nhet in i v\u00e5r kyrka. <\/li>\n<\/ul>\n","enable_button":false,"button":{"button_text":"L\u00e4s mer om v\u00e5r historia","button_url":{"title":"L\u00e4s mer om v\u00e5r historia","url":"https:\/\/www.plymouthbrethrenchristianchurch.org\/our-way-of-life\/history\/","target":""},"open_in_new_tab":false,"button_class":""},"class":""},{"acf_fc_layout":"rich_media_block","image":2169,"header":{"":null,"title":"Plymouthbr\u00f6dernas tro och Bibelns l\u00e4rdomar","heading_level":"h2","header_styles":{"":null,"background_colour":"","background_image":false,"text_colour":"orange"},"make_separator":true},"content":"<p>F\u00f6r v\u00e5ra medlemmar \u00e4r Bibeln en viktig f\u00f6ljeslagare och auktoritativ v\u00e4gledning genom livet. Fr\u00e5n tidig \u00e5lder blir unga medlemmar l\u00e4sta och undervisade i bibliska ber\u00e4ttelser som har inspirerat miljontals m\u00e4nniskor genom tiderna. <\/p>\n<p>Vi tror att Bibeln inte \u00e4r n\u00e5gon vanlig bok, utan snarare att den \u00e4r det absoluta, ofelbara, inspirerade Guds ord, tillhandah\u00e5llet av Gud f\u00f6r m\u00e4nniskan. Alla medlemmar i kyrkan f\u00f6rv\u00e4ntas ha den h\u00f6gsta niv\u00e5n av moralisk integritet och alltid handla i enlighet med Bibelns l\u00e4ra. <\/p>\n<p>Vi samlas dagligen f\u00f6r att be tillsammans och l\u00e4sa ur Bibeln. Vi samlas ocks\u00e5 varje s\u00f6ndag i v\u00e5ra evangeliesalar f\u00f6r att fira nattvarden och predika evangeliet. <\/p>\n","enable_button":false,"button":{"button_text":"L\u00e4s v\u00e5ra vanliga fr\u00e5gor och svar","button_url":{"title":"L\u00e4s v\u00e5ra vanliga fr\u00e5gor och svar","url":"https:\/\/www.plymouthbrethrenchristianchurch.org\/our-way-of-life\/faqs\/","target":""},"open_in_new_tab":false,"button_class":""},"class":""},{"acf_fc_layout":"rich_media_block","image":6565,"header":{"":null,"title":"Blygsamhet och \u00f6dmjukhet","heading_level":"h2","header_styles":{"":null,"background_colour":"","background_image":false,"text_colour":"orange"},"make_separator":true},"content":"<p>Bibeln \u00e4r mycket tydlig n\u00e4r det g\u00e4ller \u00f6dmjukhetens dygder, bland annat i 1 Petrus 5:5 som s\u00e4ger: <em>&#8221;<strong><sup><\/sup><\/strong><em>Underordna er alla varandra och kl\u00e4 er i \u00f6dmjukhet, ty Gud st\u00e5r emot de h\u00f6gmodiga och ger n\u00e5d \u00e5t de \u00f6dmjuka.<\/em><\/em><\/p>\n<p><em> <\/em>M\u00e4nnen och kvinnorna i Plymouthbr\u00f6dernas kristna kyrka kl\u00e4r sig prydligt och anst\u00e4ndigt, m\u00e4nnen b\u00e4r l\u00e5ngbyxor och undviker ansiktsbeh\u00e5ring, och kvinnorna b\u00e4r kl\u00e4nningar och minimalt med smink.<\/p>\n<p>Och m\u00e4nnen och kvinnorna i v\u00e5r kyrka v\u00e4rdes\u00e4tter deltagande, \u00e4garskap och beslutsfattande i samh\u00e4llet. I aff\u00e4rslivet och i hemmet kommer vi att arbeta tillsammans f\u00f6r att komma fram till gemensamma beslut d\u00e4r det \u00e4r m\u00f6jligt. <\/p>\n","enable_button":false,"button":{"button_text":"","button_url":null,"open_in_new_tab":false,"button_class":""},"class":""},{"acf_fc_layout":"rich_media_block","image":9597,"header":{"":null,"title":"Familj och samh\u00e4lle","heading_level":"h2","header_styles":{"":null,"background_colour":"","background_image":false,"text_colour":"orange"},"make_separator":true},"content":"<p>Familjen har en central roll i livet f\u00f6r medlemmarna i Plymouthbr\u00f6dernas kristna kyrka.<\/p>\n<p>Br\u00f6ders familjer tillbringar mycket tid tillsammans \u2013 inte bara de n\u00e4rmaste familjerna utan \u00e4ven sl\u00e4kten. I synnerhet tillbringar br\u00f6dernas familjer ofta sin fritid tillsammans, spelar musik och sjunger, lagar mat tillsammans och njuter av utomhusaktiviteter. <\/p>\n<p>Br\u00f6dernas familjer f\u00f6rblir sammansvetsade n\u00e4r deras barn v\u00e4xer upp, och unga vuxna br\u00f6der bor kvar hemma tills de gifter sig.<\/p>\n<p>Br\u00f6der v\u00e4rdes\u00e4tter ocks\u00e5 att vara hj\u00e4lpsamma, omt\u00e4nksamma och medk\u00e4nnande medlemmar i sina samh\u00e4llen. Medlemmar i v\u00e5r kyrka tvekar inte att hj\u00e4lpa sina grannar, och m\u00e5nga st\u00e4ller upp som volont\u00e4rer och g\u00f6r v\u00e4lg\u00f6renhetsarbete. <\/p>\n","enable_button":false,"button":{"button_text":"","button_url":null,"open_in_new_tab":false,"button_class":""},"class":""}],"columns_sm":"8","columns_md":"none","columns_lg":"8"},{"module":false,"columns_sm":"4","columns_md":"none","columns_lg":"4"}],"row_class":"","module_padding":{"":null,"padding_top_xs":"","padding_bottom_xs":"","padding_left_xs":"","padding_right_xs":"","padding_top_md":"","padding_bottom_md":"","padding_left_md":"","padding_right_md":"","padding_top_lg":"","padding_bottom_lg":"","padding_left_lg":"","padding_right_lg":""},"module_margin":{"":null,"margin_top_xs":"","margin_bottom_xs":"","margin_left_xs":"","margin_right_xs":"","margin_top_md":"","margin_bottom_md":"","margin_left_md":"","margin_right_md":"","margin_top_lg":"","margin_bottom_lg":"","margin_left_lg":"","margin_right_lg":""}}],"section_heading":"","section_class":"","module_padding":{"":null,"padding_top_xs":"","padding_bottom_xs":"","padding_left_xs":"","padding_right_xs":"","padding_top_md":"","padding_bottom_md":"","padding_left_md":"","padding_right_md":"","padding_top_lg":"","padding_bottom_lg":"","padding_left_lg":"","padding_right_lg":""},"module_margin":{"":null,"margin_top_xs":"","margin_bottom_xs":"","margin_left_xs":"","margin_right_xs":"","margin_top_md":"","margin_bottom_md":"","margin_left_md":"","margin_right_md":"","margin_top_lg":"","margin_bottom_lg":"","margin_left_lg":"","margin_right_lg":""}},{"acf_fc_layout":"image_slider","slider_id":3402}]},"yoast_head":"<!-- This site is optimized with the Yoast SEO plugin v25.2 - https:\/\/yoast.com\/wordpress\/plugins\/seo\/ -->\n<title>Livsstil | Plymouth Brethren Christian Church<\/title>\n<meta name=\"description\" content=\"Bes\u00f6k sidan V\u00e5r livsstil p\u00e5 kyrkans hemsida, en kristen gemenskap som bygger p\u00e5 Bibeln som Guds ord.\" \/>\n<meta name=\"robots\" content=\"index, follow, max-snippet:-1, max-image-preview:large, max-video-preview:-1\" \/>\n<link rel=\"canonical\" href=\"https:\/\/www.plymouthbrethrenchristianchurch.org\/sv\/samhallet\/\" \/>\n<meta property=\"og:locale\" content=\"sv_SE\" \/>\n<meta property=\"og:type\" content=\"article\" \/>\n<meta property=\"og:title\" content=\"Livsstil | Plymouth Brethren Christian Church\" \/>\n<meta property=\"og:description\" content=\"Bes\u00f6k sidan V\u00e5r livsstil p\u00e5 kyrkans hemsida, en kristen gemenskap som bygger p\u00e5 Bibeln som Guds ord.\" \/>\n<meta property=\"og:url\" content=\"https:\/\/www.plymouthbrethrenchristianchurch.org\/sv\/samhallet\/\" \/>\n<meta property=\"og:site_name\" content=\"Plymouth Brethren Christian Church\" \/>\n<meta property=\"article:publisher\" content=\"https:\/\/www.facebook.com\/PlymouthBrethrenChristianChurch\" \/>\n<meta property=\"article:modified_time\" content=\"2025-09-16T12:31:32+00:00\" \/>\n<meta name=\"twitter:card\" content=\"summary_large_image\" \/>\n<script type=\"application\/ld+json\" class=\"yoast-schema-graph\">{\"@context\":\"https:\/\/schema.org\",\"@graph\":[{\"@type\":\"WebPage\",\"@id\":\"https:\/\/www.plymouthbrethrenchristianchurch.org\/sv\/samhallet\/\",\"url\":\"https:\/\/www.plymouthbrethrenchristianchurch.org\/sv\/samhallet\/\",\"name\":\"Livsstil | Plymouth Brethren Christian Church\",\"isPartOf\":{\"@id\":\"https:\/\/www.plymouthbrethrenchristianchurch.org\/#website\"},\"datePublished\":\"2020-05-11T20:37:36+00:00\",\"dateModified\":\"2025-09-16T12:31:32+00:00\",\"description\":\"Bes\u00f6k sidan V\u00e5r livsstil p\u00e5 kyrkans hemsida, en kristen gemenskap som bygger p\u00e5 Bibeln som Guds ord.\",\"breadcrumb\":{\"@id\":\"https:\/\/www.plymouthbrethrenchristianchurch.org\/sv\/samhallet\/#breadcrumb\"},\"inLanguage\":\"sv-SE\",\"potentialAction\":[{\"@type\":\"ReadAction\",\"target\":[\"https:\/\/www.plymouthbrethrenchristianchurch.org\/sv\/samhallet\/\"]}]},{\"@type\":\"BreadcrumbList\",\"@id\":\"https:\/\/www.plymouthbrethrenchristianchurch.org\/sv\/samhallet\/#breadcrumb\",\"itemListElement\":[{\"@type\":\"ListItem\",\"position\":1,\"name\":\"Home\",\"item\":\"https:\/\/www.plymouthbrethrenchristianchurch.org\/sv\/hem\/\"},{\"@type\":\"ListItem\",\"position\":2,\"name\":\"Livsstil\"}]},{\"@type\":\"WebSite\",\"@id\":\"https:\/\/www.plymouthbrethrenchristianchurch.org\/#website\",\"url\":\"https:\/\/www.plymouthbrethrenchristianchurch.org\/\",\"name\":\"Plymouth Brethren Christian Church\",\"description\":\"\",\"publisher\":{\"@id\":\"https:\/\/www.plymouthbrethrenchristianchurch.org\/#organization\"},\"potentialAction\":[{\"@type\":\"SearchAction\",\"target\":{\"@type\":\"EntryPoint\",\"urlTemplate\":\"https:\/\/www.plymouthbrethrenchristianchurch.org\/?s={search_term_string}\"},\"query-input\":{\"@type\":\"PropertyValueSpecification\",\"valueRequired\":true,\"valueName\":\"search_term_string\"}}],\"inLanguage\":\"sv-SE\"},{\"@type\":\"Organization\",\"@id\":\"https:\/\/www.plymouthbrethrenchristianchurch.org\/#organization\",\"name\":\"Plymouth Brethren Christian Church\",\"url\":\"https:\/\/www.plymouthbrethrenchristianchurch.org\/\",\"logo\":{\"@type\":\"ImageObject\",\"inLanguage\":\"sv-SE\",\"@id\":\"https:\/\/www.plymouthbrethrenchristianchurch.org\/#\/schema\/logo\/image\/\",\"url\":\"https:\/\/www.plymouthbrethrenchristianchurch.org\/wp-content\/uploads\/2020\/05\/site-logo.svg\",\"contentUrl\":\"https:\/\/www.plymouthbrethrenchristianchurch.org\/wp-content\/uploads\/2020\/05\/site-logo.svg\",\"caption\":\"Plymouth Brethren Christian Church\"},\"image\":{\"@id\":\"https:\/\/www.plymouthbrethrenchristianchurch.org\/#\/schema\/logo\/image\/\"},\"sameAs\":[\"https:\/\/www.facebook.com\/PlymouthBrethrenChristianChurch\",\"https:\/\/www.youtube.com\/channel\/UC76fGueDJBbLvhs988yTBXQ\",\"https:\/\/www.pinterest.com.au\/plymouthbcc\/\"]}]}<\/script>\n<!-- \/ Yoast SEO plugin. -->","yoast_head_json":{"title":"Livsstil | Plymouth Brethren Christian Church","description":"Bes\u00f6k sidan V\u00e5r livsstil p\u00e5 kyrkans hemsida, en kristen gemenskap som bygger p\u00e5 Bibeln som Guds ord.","robots":{"index":"index","follow":"follow","max-snippet":"max-snippet:-1","max-image-preview":"max-image-preview:large","max-video-preview":"max-video-preview:-1"},"canonical":"https:\/\/www.plymouthbrethrenchristianchurch.org\/sv\/samhallet\/","og_locale":"sv_SE","og_type":"article","og_title":"Livsstil | Plymouth Brethren Christian Church","og_description":"Bes\u00f6k sidan V\u00e5r livsstil p\u00e5 kyrkans hemsida, en kristen gemenskap som bygger p\u00e5 Bibeln som Guds ord.","og_url":"https:\/\/www.plymouthbrethrenchristianchurch.org\/sv\/samhallet\/","og_site_name":"Plymouth Brethren Christian Church","article_publisher":"https:\/\/www.facebook.com\/PlymouthBrethrenChristianChurch","article_modified_time":"2025-09-16T12:31:32+00:00","twitter_card":"summary_large_image","schema":{"@context":"https:\/\/schema.org","@graph":[{"@type":"WebPage","@id":"https:\/\/www.plymouthbrethrenchristianchurch.org\/sv\/samhallet\/","url":"https:\/\/www.plymouthbrethrenchristianchurch.org\/sv\/samhallet\/","name":"Livsstil | Plymouth Brethren Christian Church","isPartOf":{"@id":"https:\/\/www.plymouthbrethrenchristianchurch.org\/#website"},"datePublished":"2020-05-11T20:37:36+00:00","dateModified":"2025-09-16T12:31:32+00:00","description":"Bes\u00f6k sidan V\u00e5r livsstil p\u00e5 kyrkans hemsida, en kristen gemenskap som bygger p\u00e5 Bibeln som Guds ord.","breadcrumb":{"@id":"https:\/\/www.plymouthbrethrenchristianchurch.org\/sv\/samhallet\/#breadcrumb"},"inLanguage":"sv-SE","potentialAction":[{"@type":"ReadAction","target":["https:\/\/www.plymouthbrethrenchristianchurch.org\/sv\/samhallet\/"]}]},{"@type":"BreadcrumbList","@id":"https:\/\/www.plymouthbrethrenchristianchurch.org\/sv\/samhallet\/#breadcrumb","itemListElement":[{"@type":"ListItem","position":1,"name":"Home","item":"https:\/\/www.plymouthbrethrenchristianchurch.org\/sv\/hem\/"},{"@type":"ListItem","position":2,"name":"Livsstil"}]},{"@type":"WebSite","@id":"https:\/\/www.plymouthbrethrenchristianchurch.org\/#website","url":"https:\/\/www.plymouthbrethrenchristianchurch.org\/","name":"Plymouth Brethren Christian Church","description":"","publisher":{"@id":"https:\/\/www.plymouthbrethrenchristianchurch.org\/#organization"},"potentialAction":[{"@type":"SearchAction","target":{"@type":"EntryPoint","urlTemplate":"https:\/\/www.plymouthbrethrenchristianchurch.org\/?s={search_term_string}"},"query-input":{"@type":"PropertyValueSpecification","valueRequired":true,"valueName":"search_term_string"}}],"inLanguage":"sv-SE"},{"@type":"Organization","@id":"https:\/\/www.plymouthbrethrenchristianchurch.org\/#organization","name":"Plymouth Brethren Christian Church","url":"https:\/\/www.plymouthbrethrenchristianchurch.org\/","logo":{"@type":"ImageObject","inLanguage":"sv-SE","@id":"https:\/\/www.plymouthbrethrenchristianchurch.org\/#\/schema\/logo\/image\/","url":"https:\/\/www.plymouthbrethrenchristianchurch.org\/wp-content\/uploads\/2020\/05\/site-logo.svg","contentUrl":"https:\/\/www.plymouthbrethrenchristianchurch.org\/wp-content\/uploads\/2020\/05\/site-logo.svg","caption":"Plymouth Brethren Christian Church"},"image":{"@id":"https:\/\/www.plymouthbrethrenchristianchurch.org\/#\/schema\/logo\/image\/"},"sameAs":["https:\/\/www.facebook.com\/PlymouthBrethrenChristianChurch","https:\/\/www.youtube.com\/channel\/UC76fGueDJBbLvhs988yTBXQ","https:\/\/www.pinterest.com.au\/plymouthbcc\/"]}]}},"_links":{"self":[{"href":"https:\/\/www.plymouthbrethrenchristianchurch.org\/sv\/wp-json\/wp\/v2\/pages\/2895"}],"collection":[{"href":"https:\/\/www.plymouthbrethrenchristianchurch.org\/sv\/wp-json\/wp\/v2\/pages"}],"about":[{"href":"https:\/\/www.plymouthbrethrenchristianchurch.org\/sv\/wp-json\/wp\/v2\/types\/page"}],"author":[{"embeddable":true,"href":"https:\/\/www.plymouthbrethrenchristianchurch.org\/sv\/wp-json\/wp\/v2\/users\/2"}],"replies":[{"embeddable":true,"href":"https:\/\/www.plymouthbrethrenchristianchurch.org\/sv\/wp-json\/wp\/v2\/comments?post=2895"}],"version-history":[{"count":9,"href":"https:\/\/www.plymouthbrethrenchristianchurch.org\/sv\/wp-json\/wp\/v2\/pages\/2895\/revisions"}],"predecessor-version":[{"id":10574,"href":"https:\/\/www.plymouthbrethrenchristianchurch.org\/sv\/wp-json\/wp\/v2\/pages\/2895\/revisions\/10574"}],"wp:attachment":[{"href":"https:\/\/www.plymouthbrethrenchristianchurch.org\/sv\/wp-json\/wp\/v2\/media?parent=2895"}],"curies":[{"name":"wp","href":"https:\/\/api.w.org\/{rel}","templated":true}]}}