{"id":2907,"date":"2020-05-12T06:37:51","date_gmt":"2020-05-11T20:37:51","guid":{"rendered":"https:\/\/www.plymouthbrethrenchristianchurch.org\/vara-varderingar\/ta-hand-om-andra\/"},"modified":"2025-06-13T15:01:50","modified_gmt":"2025-06-13T05:01:50","slug":"hjalpa-andra","status":"publish","type":"page","link":"https:\/\/www.plymouthbrethrenchristianchurch.org\/sv\/vara-varderingar\/hjalpa-andra\/","title":{"rendered":"Ta hand om andra"},"content":{"rendered":"","protected":false},"excerpt":{"rendered":"","protected":false},"author":2,"featured_media":0,"parent":2872,"menu_order":5,"comment_status":"closed","ping_status":"closed","template":"page-templates\/acf-flexible-content.php","meta":{"_acf_changed":false,"_relevanssi_hide_post":"","_relevanssi_hide_content":"","_relevanssi_pin_for_all":"","_relevanssi_pin_keywords":"","_relevanssi_unpin_keywords":"","_relevanssi_related_keywords":"","_relevanssi_related_include_ids":"","_relevanssi_related_exclude_ids":"","_relevanssi_related_no_append":"","_relevanssi_related_not_related":"","_relevanssi_related_posts":"","_relevanssi_noindex_reason":"","inline_featured_image":false,"footnotes":""},"class_list":["post-2907","page","type-page","status-publish","hentry"],"acf":{"post_page_video":"","content":[{"acf_fc_layout":"page_header_with_links","override_title":false,"custom_title":"Testa titel","intro_text":"<p>Det finns en stark och gener\u00f6s v\u00e4lg\u00f6rande anda bland br\u00f6der, med m\u00e5nga villigt \u00e4gna sin tid bidrar till filantropiska anstr\u00e4ngningar f\u00f6r att lindra belastningen p\u00e5 m\u00e4nskligheten.<\/p>\n","enable_button":true,"button":{"button_text":"","button_url":"","open_in_new_tab":false,"button_class":""},"link_source":"menu","select_a_menu":{"value":"19","label":"K\u00e4rnv\u00e4rden"},"menu_title":"","custom_links":false,"header_styles":{"":null,"background_colour":"#515151","background_image":1145,"text_colour":"white"},"row_class":""},{"acf_fc_layout":"module_section","row":[{"column_gap":"6","column":[{"module":[{"acf_fc_layout":"rich_media_block","image":6500,"header":{"":null,"title":"V\u00e4lg\u00f6renhetsarbeten","heading_level":"h2","header_styles":{"":null,"background_colour":"","background_image":false,"text_colour":"orange"},"make_separator":false},"content":"<p>Det finns en stark och gener\u00f6s v\u00e4lg\u00f6rande anda bland br\u00f6der, med m\u00e5nga villigt \u00e4gna sin tid bidrar till filantropiska anstr\u00e4ngningar f\u00f6r att lindra belastningen p\u00e5 m\u00e4nskligheten. Br\u00f6der uppskattar, respekterar och st\u00f6der varje v\u00e4rdig sak att lindra lidandet f\u00f6r m\u00e4n och kvinnor. Insamlingar och andra aktiviteter som mat- och kl\u00e4dbanker har gett stort st\u00f6d till m\u00e5nga v\u00e4lg\u00f6renhetsorganisationer och statliga organisationer.<\/p>\n","enable_button":true,"button":{"button_text":"","button_url":"","open_in_new_tab":false,"button_class":""},"class":""},{"acf_fc_layout":"rich_media_block","image":6475,"header":{"":null,"title":"N\u00f6d- och katastrofhj\u00e4lp","heading_level":"h2","header_styles":{"":null,"background_colour":"","background_image":false,"text_colour":"orange"},"make_separator":false},"content":"<p>Rapid Relief Team (RRT) \u00e4r en global grupp frivilliga i alla \u00e5ldrar, dedikerade till att tj\u00e4na samh\u00e4llet. Som medlemmar i Plymouth Brothers kristna kyrka str\u00e4var vi efter att ut\u00f6va sann kristendom i v\u00e5rt s\u00e4tt att leva. Detta inkluderar att vara medk\u00e4nnande, aktiva och bidragande medborgare och att g\u00f6ra vad vi kan f\u00f6r att hj\u00e4lpa till. Denna l\u00e5ngvariga praxis att hj\u00e4lpa andra uth\u00e4rdar till idag, under parollen rapid relief team. RRT \u00e4r en ideell organisation som fokuserar p\u00e5 att ge hj\u00e4lp och f\u00f6rfriskningar till r\u00e4ddningspersonal och lokalsamh\u00e4llen under motg\u00e5ngar.  <\/p>\n<ul>\n<li><strong>Uppdrag:<\/strong> St\u00f6dja lokalsamh\u00e4llen i tider och platser av behov.<\/li>\n<li><strong>Vision:<\/strong> F\u00f6r Plymouth Brothers kristna kyrkan att uttrycka till m\u00e4nskligheten, kristna bibliska principer om omsorg och medk\u00e4nsla, genom v\u00e4lvillig l\u00e4ttnad till m\u00e4nniskor i n\u00f6d.<\/li>\n<li><strong>V\u00e4rden:<\/strong> Effektivitet, p\u00e5litlighet, medk\u00e4nsla och respekt.<\/li>\n<\/ul>\n<p>  L\u00e4s mer om RRT och deras senaste verksamhet och \u00f6verklaganden genom <a href=\"https:\/\/www.rapidreliefteam.org\/\" target=\"_blank\" rel=\"noopener\">att bes\u00f6ka deras webbplats<\/a>.<\/p>\n","enable_button":true,"button":{"button_text":"Bes\u00f6k RRT webbplats","button_url":{"title":"","url":"https:\/\/www.rapidreliefteam.org\/","target":"_blank"},"open_in_new_tab":true,"button_class":""},"class":""},{"acf_fc_layout":"rich_media_block","image":6585,"header":{"":null,"title":"Bost\u00e4der och fattigdomsbek\u00e4mpning","heading_level":"h2","header_styles":{"":null,"background_colour":"","background_image":false,"text_colour":"orange"},"make_separator":false},"content":"<p>Det \u00e4r ett m\u00e5l f\u00f6r br\u00f6dernas kyrka att alla br\u00f6der familjer ska kunna m\u00f6jligg\u00f6ras att \u00e4ga sina egna hem. Ungdomar som g\u00e5r in i \u00e4ktenskap f\u00e5r ofta hj\u00e4lp privat av kyrkans medlemmar genom att det finns ytterligare finansiering och frivillig arbetskraft f\u00f6r att s\u00e4kra l\u00e4mpliga bost\u00e4der d\u00e4r de kan uppfostra en familj och som de kan bjuda in andra br\u00f6der till f\u00f6r underh\u00e5llning och boende. Br\u00f6der antar ett m\u00e5l om j\u00e4mlikhet som en huvudprincip som styr urvalet av bost\u00e4der f\u00f6r att f\u00f6rhindra statusdifferentiering och f\u00f6r att skapa en social milj\u00f6 d\u00e4r alla br\u00f6der familjer kan underh\u00e5lla varandra hemma utan diskriminering eller on\u00f6dig \u00e5tskillnad. Detta initiativ, som fortfarande p\u00e5g\u00e5r, har avancerat stort \u00f6ver hela v\u00e4rlden under de senaste 30 \u00e5ren. Den gener\u00f6sa givande anden bland br\u00f6der ger en st\u00e4ndig k\u00e4lla till hj\u00e4lp f\u00f6r de beh\u00f6vande. Denna v\u00e4lvilja \u00e4r alla omfattar och omfattar ekonomiska, sociala, pastorala, familj och h\u00e4lso-och sjukv\u00e5rd, och kan inneb\u00e4ra v\u00e4gledning, utbildning och l\u00f6pande st\u00f6d. Fattigdom bland br\u00f6der \u00e4r s\u00e4llsynt, men alla m\u00e4nniskor i beh\u00f6vande omst\u00e4ndigheter har tillg\u00e5ng till detaljerad hj\u00e4lp och v\u00e5rd inom br\u00f6derna samh\u00e4llet. Ett av v\u00e5ra prioriterade m\u00e5l \u00e4r att ge varje medlem i kyrkan m\u00f6jlighet att vara j\u00e4mlik med andra medlemmar. Vi vill inte att klasskillnader ska orsaka dysfunktion, friktion eller splittring mellan n\u00e5gra medlemmar i v\u00e5rt samh\u00e4lle.<\/p>\n","enable_button":true,"button":{"button_text":"","button_url":"","open_in_new_tab":false,"button_class":""},"class":""},{"acf_fc_layout":"rich_media_block","image":6515,"header":{"":null,"title":"\u00c4ldreomsorg","heading_level":"h2","header_styles":{"":null,"background_colour":"","background_image":false,"text_colour":"orange"},"make_separator":false},"content":"<p>Br\u00f6derna v\u00e4rdes\u00e4tter den utvidgade familjen och vi f\u00f6redrar att v\u00e5ra \u00e5ldrande medlemmar stannar kvar i sina egna hem s\u00e5 l\u00e4nge det \u00e4r praktiskt. D\u00e4r det kr\u00e4vs v\u00e5rd f\u00f6rs\u00f6ker vi se till att den tillhandah\u00e5lls i familjens hem och utnyttjar all hj\u00e4lp fr\u00e5n de nationella regeringarna. Respit anl\u00e4ggningar, inklusive v\u00e5rdhem och \u00f6vervakat boende, \u00e4r endast n\u00e5s n\u00e4r den v\u00e5rd som kr\u00e4vs \u00e4r ut\u00f6ver vad som kan tillhandah\u00e5llas i hemmet. Beslutet att sl\u00e4ppa in \u00e4ldre personer till andra anl\u00e4ggningar fattas endast med sakkunnig medicinsk r\u00e5dgivning och med fullst\u00e4ndig statlig bed\u00f6mning och tillsyn. F\u00f6r n\u00e4rvarande \u00e4ger br\u00f6derna inte v\u00e5rdhem eller levande enheter som st\u00f6ds, men genomf\u00f6rbarhetsstudier genomf\u00f6rs. \u00c4ldre m\u00e4nniskor i kyrkan \u00e4r en konstant och uppskattad del av kyrkans och br\u00f6dernas samh\u00e4lles liv.<\/p>\n","enable_button":true,"button":{"button_text":"","button_url":"","open_in_new_tab":false,"button_class":""},"class":""},{"acf_fc_layout":"bible_quote_slim","quote_text":"F\u00f6r Gud \u00e4lskar en glad tagare.","quote_source":"2 Kor 9 v7"},{"acf_fc_layout":"global_module","global_module_id":3409}],"columns_sm":"8","columns_md":"none","columns_lg":"8"},{"module":false,"columns_sm":"4","columns_md":"none","columns_lg":"4"}],"row_class":"","module_padding":{"":null,"padding_top_xs":"","padding_bottom_xs":"","padding_left_xs":"","padding_right_xs":"","padding_top_md":"","padding_bottom_md":"","padding_left_md":"","padding_right_md":"","padding_top_lg":"","padding_bottom_lg":"","padding_left_lg":"","padding_right_lg":""},"module_margin":{"":null,"margin_top_xs":"","margin_bottom_xs":"","margin_left_xs":"","margin_right_xs":"","margin_top_md":"","margin_bottom_md":"","margin_left_md":"","margin_right_md":"","margin_top_lg":"","margin_bottom_lg":"","margin_left_lg":"","margin_right_lg":""}}],"section_heading":"","section_class":"","module_padding":{"":null,"padding_top_xs":"","padding_bottom_xs":"","padding_left_xs":"","padding_right_xs":"","padding_top_md":"","padding_bottom_md":"","padding_left_md":"","padding_right_md":"","padding_top_lg":"","padding_bottom_lg":"","padding_left_lg":"","padding_right_lg":""},"module_margin":{"":null,"margin_top_xs":"","margin_bottom_xs":"","margin_left_xs":"","margin_right_xs":"","margin_top_md":"","margin_bottom_md":"","margin_left_md":"","margin_right_md":"","margin_top_lg":"","margin_bottom_lg":"","margin_left_lg":"","margin_right_lg":""}}]},"yoast_head":"<!-- This site is optimized with the Yoast SEO plugin v25.2 - https:\/\/yoast.com\/wordpress\/plugins\/seo\/ -->\n<title>Ta hand om andra | Plymouth Brethren Christian Church<\/title>\n<meta name=\"description\" content=\"Visit the Ta hand om andra page on the website of the Plymouth Brethren Christian Church, a Christian fellowship based on the Holy Bible as the Word of God.\" \/>\n<meta name=\"robots\" content=\"index, follow, max-snippet:-1, max-image-preview:large, max-video-preview:-1\" \/>\n<link rel=\"canonical\" href=\"https:\/\/www.plymouthbrethrenchristianchurch.org\/sv\/vara-varderingar\/hjalpa-andra\/\" \/>\n<meta property=\"og:locale\" content=\"sv_SE\" \/>\n<meta property=\"og:type\" content=\"article\" \/>\n<meta property=\"og:title\" content=\"Ta hand om andra | Plymouth Brethren Christian Church\" \/>\n<meta property=\"og:description\" content=\"Visit the Ta hand om andra page on the website of the Plymouth Brethren Christian Church, a Christian fellowship based on the Holy Bible as the Word of God.\" \/>\n<meta property=\"og:url\" content=\"https:\/\/www.plymouthbrethrenchristianchurch.org\/sv\/vara-varderingar\/hjalpa-andra\/\" \/>\n<meta property=\"og:site_name\" content=\"Plymouth Brethren Christian Church\" \/>\n<meta property=\"article:publisher\" content=\"https:\/\/www.facebook.com\/PlymouthBrethrenChristianChurch\" \/>\n<meta property=\"article:modified_time\" content=\"2025-06-13T05:01:50+00:00\" \/>\n<meta name=\"twitter:card\" content=\"summary_large_image\" \/>\n<script type=\"application\/ld+json\" class=\"yoast-schema-graph\">{\"@context\":\"https:\/\/schema.org\",\"@graph\":[{\"@type\":\"WebPage\",\"@id\":\"https:\/\/www.plymouthbrethrenchristianchurch.org\/sv\/vara-varderingar\/hjalpa-andra\/\",\"url\":\"https:\/\/www.plymouthbrethrenchristianchurch.org\/sv\/vara-varderingar\/hjalpa-andra\/\",\"name\":\"Ta hand om andra | Plymouth Brethren Christian Church\",\"isPartOf\":{\"@id\":\"https:\/\/www.plymouthbrethrenchristianchurch.org\/#website\"},\"datePublished\":\"2020-05-11T20:37:51+00:00\",\"dateModified\":\"2025-06-13T05:01:50+00:00\",\"description\":\"Visit the Ta hand om andra page on the website of the Plymouth Brethren Christian Church, a Christian fellowship based on the Holy Bible as the Word of God.\",\"breadcrumb\":{\"@id\":\"https:\/\/www.plymouthbrethrenchristianchurch.org\/sv\/vara-varderingar\/hjalpa-andra\/#breadcrumb\"},\"inLanguage\":\"sv-SE\",\"potentialAction\":[{\"@type\":\"ReadAction\",\"target\":[\"https:\/\/www.plymouthbrethrenchristianchurch.org\/sv\/vara-varderingar\/hjalpa-andra\/\"]}]},{\"@type\":\"BreadcrumbList\",\"@id\":\"https:\/\/www.plymouthbrethrenchristianchurch.org\/sv\/vara-varderingar\/hjalpa-andra\/#breadcrumb\",\"itemListElement\":[{\"@type\":\"ListItem\",\"position\":1,\"name\":\"Home\",\"item\":\"https:\/\/www.plymouthbrethrenchristianchurch.org\/sv\/hem\/\"},{\"@type\":\"ListItem\",\"position\":2,\"name\":\"V\u00e5ra v\u00e4rderingar\",\"item\":\"https:\/\/www.plymouthbrethrenchristianchurch.org\/sv\/vara-varderingar\/\"},{\"@type\":\"ListItem\",\"position\":3,\"name\":\"Ta hand om andra\"}]},{\"@type\":\"WebSite\",\"@id\":\"https:\/\/www.plymouthbrethrenchristianchurch.org\/#website\",\"url\":\"https:\/\/www.plymouthbrethrenchristianchurch.org\/\",\"name\":\"Plymouth Brethren Christian Church\",\"description\":\"\",\"publisher\":{\"@id\":\"https:\/\/www.plymouthbrethrenchristianchurch.org\/#organization\"},\"potentialAction\":[{\"@type\":\"SearchAction\",\"target\":{\"@type\":\"EntryPoint\",\"urlTemplate\":\"https:\/\/www.plymouthbrethrenchristianchurch.org\/?s={search_term_string}\"},\"query-input\":{\"@type\":\"PropertyValueSpecification\",\"valueRequired\":true,\"valueName\":\"search_term_string\"}}],\"inLanguage\":\"sv-SE\"},{\"@type\":\"Organization\",\"@id\":\"https:\/\/www.plymouthbrethrenchristianchurch.org\/#organization\",\"name\":\"Plymouth Brethren Christian Church\",\"url\":\"https:\/\/www.plymouthbrethrenchristianchurch.org\/\",\"logo\":{\"@type\":\"ImageObject\",\"inLanguage\":\"sv-SE\",\"@id\":\"https:\/\/www.plymouthbrethrenchristianchurch.org\/#\/schema\/logo\/image\/\",\"url\":\"https:\/\/www.plymouthbrethrenchristianchurch.org\/wp-content\/uploads\/2020\/05\/site-logo.svg\",\"contentUrl\":\"https:\/\/www.plymouthbrethrenchristianchurch.org\/wp-content\/uploads\/2020\/05\/site-logo.svg\",\"caption\":\"Plymouth Brethren Christian Church\"},\"image\":{\"@id\":\"https:\/\/www.plymouthbrethrenchristianchurch.org\/#\/schema\/logo\/image\/\"},\"sameAs\":[\"https:\/\/www.facebook.com\/PlymouthBrethrenChristianChurch\",\"https:\/\/www.youtube.com\/channel\/UC76fGueDJBbLvhs988yTBXQ\",\"https:\/\/www.pinterest.com.au\/plymouthbcc\/\"]}]}<\/script>\n<!-- \/ Yoast SEO plugin. -->","yoast_head_json":{"title":"Ta hand om andra | Plymouth Brethren Christian Church","description":"Visit the Ta hand om andra page on the website of the Plymouth Brethren Christian Church, a Christian fellowship based on the Holy Bible as the Word of God.","robots":{"index":"index","follow":"follow","max-snippet":"max-snippet:-1","max-image-preview":"max-image-preview:large","max-video-preview":"max-video-preview:-1"},"canonical":"https:\/\/www.plymouthbrethrenchristianchurch.org\/sv\/vara-varderingar\/hjalpa-andra\/","og_locale":"sv_SE","og_type":"article","og_title":"Ta hand om andra | Plymouth Brethren Christian Church","og_description":"Visit the Ta hand om andra page on the website of the Plymouth Brethren Christian Church, a Christian fellowship based on the Holy Bible as the Word of God.","og_url":"https:\/\/www.plymouthbrethrenchristianchurch.org\/sv\/vara-varderingar\/hjalpa-andra\/","og_site_name":"Plymouth Brethren Christian Church","article_publisher":"https:\/\/www.facebook.com\/PlymouthBrethrenChristianChurch","article_modified_time":"2025-06-13T05:01:50+00:00","twitter_card":"summary_large_image","schema":{"@context":"https:\/\/schema.org","@graph":[{"@type":"WebPage","@id":"https:\/\/www.plymouthbrethrenchristianchurch.org\/sv\/vara-varderingar\/hjalpa-andra\/","url":"https:\/\/www.plymouthbrethrenchristianchurch.org\/sv\/vara-varderingar\/hjalpa-andra\/","name":"Ta hand om andra | Plymouth Brethren Christian Church","isPartOf":{"@id":"https:\/\/www.plymouthbrethrenchristianchurch.org\/#website"},"datePublished":"2020-05-11T20:37:51+00:00","dateModified":"2025-06-13T05:01:50+00:00","description":"Visit the Ta hand om andra page on the website of the Plymouth Brethren Christian Church, a Christian fellowship based on the Holy Bible as the Word of God.","breadcrumb":{"@id":"https:\/\/www.plymouthbrethrenchristianchurch.org\/sv\/vara-varderingar\/hjalpa-andra\/#breadcrumb"},"inLanguage":"sv-SE","potentialAction":[{"@type":"ReadAction","target":["https:\/\/www.plymouthbrethrenchristianchurch.org\/sv\/vara-varderingar\/hjalpa-andra\/"]}]},{"@type":"BreadcrumbList","@id":"https:\/\/www.plymouthbrethrenchristianchurch.org\/sv\/vara-varderingar\/hjalpa-andra\/#breadcrumb","itemListElement":[{"@type":"ListItem","position":1,"name":"Home","item":"https:\/\/www.plymouthbrethrenchristianchurch.org\/sv\/hem\/"},{"@type":"ListItem","position":2,"name":"V\u00e5ra v\u00e4rderingar","item":"https:\/\/www.plymouthbrethrenchristianchurch.org\/sv\/vara-varderingar\/"},{"@type":"ListItem","position":3,"name":"Ta hand om andra"}]},{"@type":"WebSite","@id":"https:\/\/www.plymouthbrethrenchristianchurch.org\/#website","url":"https:\/\/www.plymouthbrethrenchristianchurch.org\/","name":"Plymouth Brethren Christian Church","description":"","publisher":{"@id":"https:\/\/www.plymouthbrethrenchristianchurch.org\/#organization"},"potentialAction":[{"@type":"SearchAction","target":{"@type":"EntryPoint","urlTemplate":"https:\/\/www.plymouthbrethrenchristianchurch.org\/?s={search_term_string}"},"query-input":{"@type":"PropertyValueSpecification","valueRequired":true,"valueName":"search_term_string"}}],"inLanguage":"sv-SE"},{"@type":"Organization","@id":"https:\/\/www.plymouthbrethrenchristianchurch.org\/#organization","name":"Plymouth Brethren Christian Church","url":"https:\/\/www.plymouthbrethrenchristianchurch.org\/","logo":{"@type":"ImageObject","inLanguage":"sv-SE","@id":"https:\/\/www.plymouthbrethrenchristianchurch.org\/#\/schema\/logo\/image\/","url":"https:\/\/www.plymouthbrethrenchristianchurch.org\/wp-content\/uploads\/2020\/05\/site-logo.svg","contentUrl":"https:\/\/www.plymouthbrethrenchristianchurch.org\/wp-content\/uploads\/2020\/05\/site-logo.svg","caption":"Plymouth Brethren Christian Church"},"image":{"@id":"https:\/\/www.plymouthbrethrenchristianchurch.org\/#\/schema\/logo\/image\/"},"sameAs":["https:\/\/www.facebook.com\/PlymouthBrethrenChristianChurch","https:\/\/www.youtube.com\/channel\/UC76fGueDJBbLvhs988yTBXQ","https:\/\/www.pinterest.com.au\/plymouthbcc\/"]}]}},"_links":{"self":[{"href":"https:\/\/www.plymouthbrethrenchristianchurch.org\/sv\/wp-json\/wp\/v2\/pages\/2907"}],"collection":[{"href":"https:\/\/www.plymouthbrethrenchristianchurch.org\/sv\/wp-json\/wp\/v2\/pages"}],"about":[{"href":"https:\/\/www.plymouthbrethrenchristianchurch.org\/sv\/wp-json\/wp\/v2\/types\/page"}],"author":[{"embeddable":true,"href":"https:\/\/www.plymouthbrethrenchristianchurch.org\/sv\/wp-json\/wp\/v2\/users\/2"}],"replies":[{"embeddable":true,"href":"https:\/\/www.plymouthbrethrenchristianchurch.org\/sv\/wp-json\/wp\/v2\/comments?post=2907"}],"version-history":[{"count":10,"href":"https:\/\/www.plymouthbrethrenchristianchurch.org\/sv\/wp-json\/wp\/v2\/pages\/2907\/revisions"}],"predecessor-version":[{"id":7902,"href":"https:\/\/www.plymouthbrethrenchristianchurch.org\/sv\/wp-json\/wp\/v2\/pages\/2907\/revisions\/7902"}],"up":[{"embeddable":true,"href":"https:\/\/www.plymouthbrethrenchristianchurch.org\/sv\/wp-json\/wp\/v2\/pages\/2872"}],"wp:attachment":[{"href":"https:\/\/www.plymouthbrethrenchristianchurch.org\/sv\/wp-json\/wp\/v2\/media?parent=2907"}],"curies":[{"name":"wp","href":"https:\/\/api.w.org\/{rel}","templated":true}]}}