{"id":2918,"date":"2020-05-19T02:17:11","date_gmt":"2020-05-18T16:17:11","guid":{"rendered":"https:\/\/www.plymouthbrethrenchristianchurch.org\/moten\/"},"modified":"2024-09-10T14:09:29","modified_gmt":"2024-09-10T04:09:29","slug":"moten","status":"publish","type":"page","link":"https:\/\/www.plymouthbrethrenchristianchurch.org\/sv\/tillbedjan\/moten\/","title":{"rendered":"M\u00f6ten"},"content":{"rendered":"","protected":false},"excerpt":{"rendered":"","protected":false},"author":2,"featured_media":0,"parent":3008,"menu_order":1,"comment_status":"closed","ping_status":"closed","template":"page-templates\/acf-flexible-content.php","meta":{"_acf_changed":false,"_relevanssi_hide_post":"","_relevanssi_hide_content":"","_relevanssi_pin_for_all":"","_relevanssi_pin_keywords":"","_relevanssi_unpin_keywords":"","_relevanssi_related_keywords":"","_relevanssi_related_include_ids":"","_relevanssi_related_exclude_ids":"","_relevanssi_related_no_append":"","_relevanssi_related_not_related":"","_relevanssi_related_posts":"","_relevanssi_noindex_reason":"","inline_featured_image":false,"footnotes":""},"class_list":["post-2918","page","type-page","status-publish","hentry"],"acf":{"post_page_video":"","content":[{"acf_fc_layout":"page_header_with_links","override_title":false,"custom_title":"Testa titel","intro_text":"<p>L\u00e4r dig mer om Plymouth Brothers&#8217;s Church-gudstj\u00e4nster p\u00e5 s\u00f6ndagar och andra vanliga bibell\u00e4sningar och b\u00f6nem\u00f6ten.<\/p>\n","enable_button":true,"button":{"button_text":"","button_url":"","open_in_new_tab":false,"button_class":""},"link_source":"menu","select_a_menu":{"value":"24","label":"Dyrkan"},"menu_title":"","custom_links":false,"header_styles":{"":null,"background_colour":"#515151","background_image":1345,"text_colour":"white"},"row_class":""},{"acf_fc_layout":"module_section","row":[{"column_gap":"6","column":[{"module":[{"acf_fc_layout":"rich_media_block","image":6595,"header":{"":null,"title":"Tj\u00e4nster, m\u00f6ten och avl\u00e4sningar","heading_level":"h2","header_styles":{"":null,"background_colour":"","background_image":false,"text_colour":"orange"},"make_separator":false},"content":"<p>Varje dag tr\u00e4ffas Br\u00f6der i specialbyggda kyrkor, som endast anv\u00e4nds f\u00f6r kristen dyrkan och inte f\u00f6r sekul\u00e4ra eller andra aktiviteter. V\u00e5ra m\u00f6ten \u00e4r centrerade kring den Heliga Skrift. Utvalda skriftst\u00e4lle fr\u00e5n Bibeln ger \u00e4mnet f\u00f6r \u00f6msesidigt samtalsbibel l\u00e4sningar, evangeliepredikningar och adresser baserade p\u00e5 texter av Skriften. Vi \u00f6ppnar och st\u00e4nger v\u00e5ra m\u00f6ten med en b\u00f6n och den kollektiva s\u00e5ngen av en psalm. Det h\u00e5lls ofta s\u00e4rskilda m\u00f6ten. Dessa kan ske i form av &#8221;fellowship-m\u00f6ten&#8221; eller &#8221;tre dagars m\u00f6ten&#8221; (fredag, l\u00f6rdag och s\u00f6ndag). Vid dessa tillf\u00e4llen \u00e4r n\u00e4rvaron p\u00e5 grundval av inbjudan och omfattar ofta nationell och v\u00e4rldsomfattande representation. Det enda material som l\u00e4ses och diskuteras i dessa m\u00f6ten \u00e4r Bibeln. S\u00f6ndag (Herrens dag) betraktas som en speciell dag, som inleds med Herrens nattvard (nattvarden) tidigt p\u00e5 morgonen vid lokala kyrkor och d\u00e4refter fylls dagen av bibell\u00e4sningar och predikar om Evangeliet och Guds Ord. Vi underh\u00e5ller ocks\u00e5 Br\u00f6der i v\u00e5ra hem f\u00f6r luncher och kv\u00e4llsm\u00e5l.<\/p>\n","enable_button":true,"button":{"button_text":"","button_url":"","open_in_new_tab":false,"button_class":""},"class":""},{"acf_fc_layout":"rich_media_block","image":false,"header":{"":null,"title":"Veckom\u00f6ten kalender","heading_level":"h2","header_styles":{"":null,"background_colour":"","background_image":false,"text_colour":"orange"},"make_separator":false},"content":"<p>Varje dag tr\u00e4ffas br\u00f6derna i specialbyggda kyrkor som endast anv\u00e4nds f\u00f6r kristen tillbedjan och inte f\u00f6r sekul\u00e4ra eller andra aktiviteter.  \n<table id=\"tablepress-1\" class=\"tablepress tablepress-id-1\">\n<thead>\n<tr class=\"row-1\">\n\t<th class=\"column-1\">Day<\/th><th class=\"column-2\">Meeting<\/th><th class=\"column-3\">Time of Day<\/th>\n<\/tr>\n<\/thead>\n<tbody class=\"row-striping row-hover\">\n<tr class=\"row-2\">\n\t<td class=\"column-1\">Sunday<\/td><td class=\"column-2\">Lord's Supper (Holy Communion)<br \/>\nReading<br \/>\nGospel Preachings<\/td><td class=\"column-3\">Early morning<br \/>\nMid-morning<br \/>\nBalance of day<\/td>\n<\/tr>\n<tr class=\"row-3\">\n\t<td class=\"column-1\">Monday<\/td><td class=\"column-2\">Prayer Meeting<\/td><td class=\"column-3\">Late afternoon or evening<\/td>\n<\/tr>\n<tr class=\"row-4\">\n\t<td class=\"column-1\">Tuesday<\/td><td class=\"column-2\">Sermon Meeting<\/td><td class=\"column-3\">Late afternoon or evening<\/td>\n<\/tr>\n<tr class=\"row-5\">\n\t<td class=\"column-1\">Wednesday<\/td><td class=\"column-2\">Bible Reading<\/td><td class=\"column-3\">Late afternoon or evening<\/td>\n<\/tr>\n<tr class=\"row-6\">\n\t<td class=\"column-1\">Thursday<\/td><td class=\"column-2\">Bible Reading<\/td><td class=\"column-3\">Late afternoon or evening<\/td>\n<\/tr>\n<tr class=\"row-7\">\n\t<td class=\"column-1\">Friday<\/td><td class=\"column-2\">Bible Reading<\/td><td class=\"column-3\">Late afternoon or evening<\/td>\n<\/tr>\n<tr class=\"row-8\">\n\t<td class=\"column-1\">Saturday<\/td><td class=\"column-2\">Bible Reading<\/td><td class=\"column-3\">Morning<\/td>\n<\/tr>\n<\/tbody>\n<\/table>\n<!-- #tablepress-1 from cache --><\/p>\n","enable_button":true,"button":{"button_text":"","button_url":"","open_in_new_tab":false,"button_class":""},"class":""},{"acf_fc_layout":"rich_media_block","image":false,"header":{"":null,"title":"Herrens nattvard (nattvarden)","heading_level":"h2","header_styles":{"":null,"background_colour":"","background_image":false,"text_colour":"orange"},"make_separator":false},"content":"<p>Herrens nattvard, eller nattvarden, \u00e4r central f\u00f6r v\u00e5ra liv. Det firas varje f\u00f6rsta dag i veckan av varje medlem av Plymouth Brothers och det tj\u00e4nar till att h\u00e5lla v\u00e5rt samh\u00e4lle tillsammans i band av kristen gemenskap och i \u00e5ta sig att Herren Jesus Kristus. Denna enkla och privata tj\u00e4nst f\u00f6ljer den form som ges i 1 Kor 11:23-28, Johannes 20:19, Apg 20:7 och andra Skrifterna. Det \u00e4r ivrigt deltog alla v\u00e5ra hush\u00e5ll, och vi inkluderar v\u00e5ra barn som tar emot sakramenten p\u00e5 grundval av Jesu ord: &#8221;Ta \u00e4ta, detta \u00e4r min kropp&#8221; Matteus 26:26-28.<\/p>\n","enable_button":true,"button":{"button_text":"","button_url":"","open_in_new_tab":false,"button_class":""},"class":""},{"acf_fc_layout":"bible_quote_slim","quote_text":"Ta \u00e4ta, det h\u00e4r \u00e4r min kropp.","quote_source":"Matteus 26:26"},{"acf_fc_layout":"rich_media_block","image":false,"header":{"":null,"title":"Evangeliet Predikar","heading_level":"h2","header_styles":{"":null,"background_colour":"","background_image":false,"text_colour":"orange"},"make_separator":false},"content":"<p>Evangeliet predikas i v\u00e5ra salar varje s\u00f6ndag.<\/p>\n","enable_button":true,"button":{"button_text":"","button_url":"","open_in_new_tab":false,"button_class":""},"class":""},{"acf_fc_layout":"rich_media_block","image":false,"header":{"":null,"title":"Bibell\u00e4sningar","heading_level":"h2","header_styles":{"":null,"background_colour":"","background_image":false,"text_colour":"orange"},"make_separator":false},"content":"<p>Alla v\u00e5ra m\u00f6ten \u00e4r baserade p\u00e5 Bibeln och inkluderar bibell\u00e4sningar. Personer \u00e4r fria att v\u00e4lja ut en text ur Bibeln och m\u00e5nga andra verser f\u00f6rs in i en \u00f6msesidig diskussion av f\u00f6rsamlingen.<\/p>\n","enable_button":true,"button":{"button_text":"","button_url":"","open_in_new_tab":false,"button_class":""},"class":""},{"acf_fc_layout":"rich_media_block","image":false,"header":{"":null,"title":"B\u00f6n M\u00f6ten","heading_level":"h2","header_styles":{"":null,"background_colour":"","background_image":false,"text_colour":"orange"},"make_separator":false},"content":"<p>Veckom\u00f6ten speciellt f\u00f6r b\u00f6n h\u00e5lls i v\u00e5ra m\u00f6tessalar globalt. Vid dessa tillf\u00e4llen \u00e4r b\u00f6ner f\u00f6r en m\u00e4ngd olika \u00e4mnen, inklusive regeringar, krig, naturkatastrofer och personer i fattigdom, f\u00f6rtryck, sjukdom och behov. Br\u00f6der medlemmar h\u00e5lla uppdaterad om aktuella fr\u00e5gor. Tusentals offentliga b\u00f6ner h\u00e5lls varje vecka i v\u00e5ra m\u00f6teslokaler.  \u00a0<\/p>\n","enable_button":true,"button":{"button_text":"","button_url":"","open_in_new_tab":false,"button_class":""},"class":""},{"acf_fc_layout":"global_module","global_module_id":1148}],"columns_sm":"8","columns_md":"none","columns_lg":"8"},{"module":false,"columns_sm":"4","columns_md":"none","columns_lg":"4"}],"row_class":"","module_padding":{"":null,"padding_top_xs":"","padding_bottom_xs":"","padding_left_xs":"","padding_right_xs":"","padding_top_md":"","padding_bottom_md":"","padding_left_md":"","padding_right_md":"","padding_top_lg":"","padding_bottom_lg":"","padding_left_lg":"","padding_right_lg":""},"module_margin":{"":null,"margin_top_xs":"","margin_bottom_xs":"","margin_left_xs":"","margin_right_xs":"","margin_top_md":"","margin_bottom_md":"","margin_left_md":"","margin_right_md":"","margin_top_lg":"","margin_bottom_lg":"","margin_left_lg":"","margin_right_lg":""}}],"section_heading":"","section_class":"","module_padding":{"":null,"padding_top_xs":"","padding_bottom_xs":"","padding_left_xs":"","padding_right_xs":"","padding_top_md":"","padding_bottom_md":"","padding_left_md":"","padding_right_md":"","padding_top_lg":"","padding_bottom_lg":"","padding_left_lg":"","padding_right_lg":""},"module_margin":{"":null,"margin_top_xs":"","margin_bottom_xs":"","margin_left_xs":"","margin_right_xs":"","margin_top_md":"","margin_bottom_md":"","margin_left_md":"","margin_right_md":"","margin_top_lg":"","margin_bottom_lg":"","margin_left_lg":"","margin_right_lg":""}}]},"yoast_head":"<!-- This site is optimized with the Yoast SEO plugin v25.2 - https:\/\/yoast.com\/wordpress\/plugins\/seo\/ -->\n<title>M\u00f6ten | Plymouth Brethren Christian Church<\/title>\n<meta name=\"description\" content=\"Visit the M\u00f6ten page on the website of the Plymouth Brethren Christian Church, a Christian fellowship based on the Holy Bible as the Word of God.\" \/>\n<meta name=\"robots\" content=\"index, follow, max-snippet:-1, max-image-preview:large, max-video-preview:-1\" \/>\n<link rel=\"canonical\" href=\"https:\/\/www.plymouthbrethrenchristianchurch.org\/sv\/tillbedjan\/moten\/\" \/>\n<meta property=\"og:locale\" content=\"sv_SE\" \/>\n<meta property=\"og:type\" content=\"article\" \/>\n<meta property=\"og:title\" content=\"M\u00f6ten | Plymouth Brethren Christian Church\" \/>\n<meta property=\"og:description\" content=\"Visit the M\u00f6ten page on the website of the Plymouth Brethren Christian Church, a Christian fellowship based on the Holy Bible as the Word of God.\" \/>\n<meta property=\"og:url\" content=\"https:\/\/www.plymouthbrethrenchristianchurch.org\/sv\/tillbedjan\/moten\/\" \/>\n<meta property=\"og:site_name\" content=\"Plymouth Brethren Christian Church\" \/>\n<meta property=\"article:publisher\" content=\"https:\/\/www.facebook.com\/PlymouthBrethrenChristianChurch\" \/>\n<meta property=\"article:modified_time\" content=\"2024-09-10T04:09:29+00:00\" \/>\n<meta name=\"twitter:card\" content=\"summary_large_image\" \/>\n<script type=\"application\/ld+json\" class=\"yoast-schema-graph\">{\"@context\":\"https:\/\/schema.org\",\"@graph\":[{\"@type\":\"WebPage\",\"@id\":\"https:\/\/www.plymouthbrethrenchristianchurch.org\/sv\/tillbedjan\/moten\/\",\"url\":\"https:\/\/www.plymouthbrethrenchristianchurch.org\/sv\/tillbedjan\/moten\/\",\"name\":\"M\u00f6ten | Plymouth Brethren Christian Church\",\"isPartOf\":{\"@id\":\"https:\/\/www.plymouthbrethrenchristianchurch.org\/#website\"},\"datePublished\":\"2020-05-18T16:17:11+00:00\",\"dateModified\":\"2024-09-10T04:09:29+00:00\",\"description\":\"Visit the M\u00f6ten page on the website of the Plymouth Brethren Christian Church, a Christian fellowship based on the Holy Bible as the Word of God.\",\"breadcrumb\":{\"@id\":\"https:\/\/www.plymouthbrethrenchristianchurch.org\/sv\/tillbedjan\/moten\/#breadcrumb\"},\"inLanguage\":\"sv-SE\",\"potentialAction\":[{\"@type\":\"ReadAction\",\"target\":[\"https:\/\/www.plymouthbrethrenchristianchurch.org\/sv\/tillbedjan\/moten\/\"]}]},{\"@type\":\"BreadcrumbList\",\"@id\":\"https:\/\/www.plymouthbrethrenchristianchurch.org\/sv\/tillbedjan\/moten\/#breadcrumb\",\"itemListElement\":[{\"@type\":\"ListItem\",\"position\":1,\"name\":\"Home\",\"item\":\"https:\/\/www.plymouthbrethrenchristianchurch.org\/sv\/hem\/\"},{\"@type\":\"ListItem\",\"position\":2,\"name\":\"Dyrkan\",\"item\":\"https:\/\/www.plymouthbrethrenchristianchurch.org\/sv\/tillbedjan\/\"},{\"@type\":\"ListItem\",\"position\":3,\"name\":\"M\u00f6ten\"}]},{\"@type\":\"WebSite\",\"@id\":\"https:\/\/www.plymouthbrethrenchristianchurch.org\/#website\",\"url\":\"https:\/\/www.plymouthbrethrenchristianchurch.org\/\",\"name\":\"Plymouth Brethren Christian Church\",\"description\":\"\",\"publisher\":{\"@id\":\"https:\/\/www.plymouthbrethrenchristianchurch.org\/#organization\"},\"potentialAction\":[{\"@type\":\"SearchAction\",\"target\":{\"@type\":\"EntryPoint\",\"urlTemplate\":\"https:\/\/www.plymouthbrethrenchristianchurch.org\/?s={search_term_string}\"},\"query-input\":{\"@type\":\"PropertyValueSpecification\",\"valueRequired\":true,\"valueName\":\"search_term_string\"}}],\"inLanguage\":\"sv-SE\"},{\"@type\":\"Organization\",\"@id\":\"https:\/\/www.plymouthbrethrenchristianchurch.org\/#organization\",\"name\":\"Plymouth Brethren Christian Church\",\"url\":\"https:\/\/www.plymouthbrethrenchristianchurch.org\/\",\"logo\":{\"@type\":\"ImageObject\",\"inLanguage\":\"sv-SE\",\"@id\":\"https:\/\/www.plymouthbrethrenchristianchurch.org\/#\/schema\/logo\/image\/\",\"url\":\"https:\/\/www.plymouthbrethrenchristianchurch.org\/wp-content\/uploads\/2020\/05\/site-logo.svg\",\"contentUrl\":\"https:\/\/www.plymouthbrethrenchristianchurch.org\/wp-content\/uploads\/2020\/05\/site-logo.svg\",\"caption\":\"Plymouth Brethren Christian Church\"},\"image\":{\"@id\":\"https:\/\/www.plymouthbrethrenchristianchurch.org\/#\/schema\/logo\/image\/\"},\"sameAs\":[\"https:\/\/www.facebook.com\/PlymouthBrethrenChristianChurch\",\"https:\/\/www.youtube.com\/channel\/UC76fGueDJBbLvhs988yTBXQ\",\"https:\/\/www.pinterest.com.au\/plymouthbcc\/\"]}]}<\/script>\n<!-- \/ Yoast SEO plugin. -->","yoast_head_json":{"title":"M\u00f6ten | Plymouth Brethren Christian Church","description":"Visit the M\u00f6ten page on the website of the Plymouth Brethren Christian Church, a Christian fellowship based on the Holy Bible as the Word of God.","robots":{"index":"index","follow":"follow","max-snippet":"max-snippet:-1","max-image-preview":"max-image-preview:large","max-video-preview":"max-video-preview:-1"},"canonical":"https:\/\/www.plymouthbrethrenchristianchurch.org\/sv\/tillbedjan\/moten\/","og_locale":"sv_SE","og_type":"article","og_title":"M\u00f6ten | Plymouth Brethren Christian Church","og_description":"Visit the M\u00f6ten page on the website of the Plymouth Brethren Christian Church, a Christian fellowship based on the Holy Bible as the Word of God.","og_url":"https:\/\/www.plymouthbrethrenchristianchurch.org\/sv\/tillbedjan\/moten\/","og_site_name":"Plymouth Brethren Christian Church","article_publisher":"https:\/\/www.facebook.com\/PlymouthBrethrenChristianChurch","article_modified_time":"2024-09-10T04:09:29+00:00","twitter_card":"summary_large_image","schema":{"@context":"https:\/\/schema.org","@graph":[{"@type":"WebPage","@id":"https:\/\/www.plymouthbrethrenchristianchurch.org\/sv\/tillbedjan\/moten\/","url":"https:\/\/www.plymouthbrethrenchristianchurch.org\/sv\/tillbedjan\/moten\/","name":"M\u00f6ten | Plymouth Brethren Christian Church","isPartOf":{"@id":"https:\/\/www.plymouthbrethrenchristianchurch.org\/#website"},"datePublished":"2020-05-18T16:17:11+00:00","dateModified":"2024-09-10T04:09:29+00:00","description":"Visit the M\u00f6ten page on the website of the Plymouth Brethren Christian Church, a Christian fellowship based on the Holy Bible as the Word of God.","breadcrumb":{"@id":"https:\/\/www.plymouthbrethrenchristianchurch.org\/sv\/tillbedjan\/moten\/#breadcrumb"},"inLanguage":"sv-SE","potentialAction":[{"@type":"ReadAction","target":["https:\/\/www.plymouthbrethrenchristianchurch.org\/sv\/tillbedjan\/moten\/"]}]},{"@type":"BreadcrumbList","@id":"https:\/\/www.plymouthbrethrenchristianchurch.org\/sv\/tillbedjan\/moten\/#breadcrumb","itemListElement":[{"@type":"ListItem","position":1,"name":"Home","item":"https:\/\/www.plymouthbrethrenchristianchurch.org\/sv\/hem\/"},{"@type":"ListItem","position":2,"name":"Dyrkan","item":"https:\/\/www.plymouthbrethrenchristianchurch.org\/sv\/tillbedjan\/"},{"@type":"ListItem","position":3,"name":"M\u00f6ten"}]},{"@type":"WebSite","@id":"https:\/\/www.plymouthbrethrenchristianchurch.org\/#website","url":"https:\/\/www.plymouthbrethrenchristianchurch.org\/","name":"Plymouth Brethren Christian Church","description":"","publisher":{"@id":"https:\/\/www.plymouthbrethrenchristianchurch.org\/#organization"},"potentialAction":[{"@type":"SearchAction","target":{"@type":"EntryPoint","urlTemplate":"https:\/\/www.plymouthbrethrenchristianchurch.org\/?s={search_term_string}"},"query-input":{"@type":"PropertyValueSpecification","valueRequired":true,"valueName":"search_term_string"}}],"inLanguage":"sv-SE"},{"@type":"Organization","@id":"https:\/\/www.plymouthbrethrenchristianchurch.org\/#organization","name":"Plymouth Brethren Christian Church","url":"https:\/\/www.plymouthbrethrenchristianchurch.org\/","logo":{"@type":"ImageObject","inLanguage":"sv-SE","@id":"https:\/\/www.plymouthbrethrenchristianchurch.org\/#\/schema\/logo\/image\/","url":"https:\/\/www.plymouthbrethrenchristianchurch.org\/wp-content\/uploads\/2020\/05\/site-logo.svg","contentUrl":"https:\/\/www.plymouthbrethrenchristianchurch.org\/wp-content\/uploads\/2020\/05\/site-logo.svg","caption":"Plymouth Brethren Christian Church"},"image":{"@id":"https:\/\/www.plymouthbrethrenchristianchurch.org\/#\/schema\/logo\/image\/"},"sameAs":["https:\/\/www.facebook.com\/PlymouthBrethrenChristianChurch","https:\/\/www.youtube.com\/channel\/UC76fGueDJBbLvhs988yTBXQ","https:\/\/www.pinterest.com.au\/plymouthbcc\/"]}]}},"_links":{"self":[{"href":"https:\/\/www.plymouthbrethrenchristianchurch.org\/sv\/wp-json\/wp\/v2\/pages\/2918"}],"collection":[{"href":"https:\/\/www.plymouthbrethrenchristianchurch.org\/sv\/wp-json\/wp\/v2\/pages"}],"about":[{"href":"https:\/\/www.plymouthbrethrenchristianchurch.org\/sv\/wp-json\/wp\/v2\/types\/page"}],"author":[{"embeddable":true,"href":"https:\/\/www.plymouthbrethrenchristianchurch.org\/sv\/wp-json\/wp\/v2\/users\/2"}],"replies":[{"embeddable":true,"href":"https:\/\/www.plymouthbrethrenchristianchurch.org\/sv\/wp-json\/wp\/v2\/comments?post=2918"}],"version-history":[{"count":3,"href":"https:\/\/www.plymouthbrethrenchristianchurch.org\/sv\/wp-json\/wp\/v2\/pages\/2918\/revisions"}],"predecessor-version":[{"id":3569,"href":"https:\/\/www.plymouthbrethrenchristianchurch.org\/sv\/wp-json\/wp\/v2\/pages\/2918\/revisions\/3569"}],"up":[{"embeddable":true,"href":"https:\/\/www.plymouthbrethrenchristianchurch.org\/sv\/wp-json\/wp\/v2\/pages\/3008"}],"wp:attachment":[{"href":"https:\/\/www.plymouthbrethrenchristianchurch.org\/sv\/wp-json\/wp\/v2\/media?parent=2918"}],"curies":[{"name":"wp","href":"https:\/\/api.w.org\/{rel}","templated":true}]}}