{"id":2934,"date":"2020-05-22T01:24:09","date_gmt":"2020-05-21T15:24:09","guid":{"rendered":"https:\/\/www.plymouthbrethrenchristianchurch.org\/villkor-och-villkor\/"},"modified":"2025-06-18T01:09:18","modified_gmt":"2025-06-17T15:09:18","slug":"regler","status":"publish","type":"page","link":"https:\/\/www.plymouthbrethrenchristianchurch.org\/sv\/regler\/","title":{"rendered":"Villkor och villkor"},"content":{"rendered":"","protected":false},"excerpt":{"rendered":"","protected":false},"author":2,"featured_media":0,"parent":0,"menu_order":15,"comment_status":"closed","ping_status":"closed","template":"page-templates\/acf-flexible-content.php","meta":{"_acf_changed":false,"_relevanssi_hide_post":"","_relevanssi_hide_content":"","_relevanssi_pin_for_all":"","_relevanssi_pin_keywords":"","_relevanssi_unpin_keywords":"","_relevanssi_related_keywords":"","_relevanssi_related_include_ids":"","_relevanssi_related_exclude_ids":"","_relevanssi_related_no_append":"","_relevanssi_related_not_related":"","_relevanssi_related_posts":"","_relevanssi_noindex_reason":"","inline_featured_image":false,"footnotes":""},"class_list":["post-2934","page","type-page","status-publish","hentry"],"acf":{"post_page_video":"","content":[{"acf_fc_layout":"page_header_with_links","override_title":false,"custom_title":"Testa titel","intro_text":"<p>Plymouth Brothers Christian Church ACN 158 542 075 Webbplats , best\u00e4mmelser och villkor (Villkor)<\/p>\n","enable_button":true,"button":{"button_text":"","button_url":"","open_in_new_tab":false,"button_class":""},"link_source":"menu","select_a_menu":{"value":"41","label":"Kontakta"},"menu_title":"L\u00e4nkar","custom_links":false,"header_styles":{"":null,"background_colour":"#515151","background_image":1851,"text_colour":"white"},"row_class":""},{"acf_fc_layout":"module_section","row":[{"column_gap":"6","column":[{"module":[{"acf_fc_layout":"rich_media_block","image":false,"header":{"":null,"title":"","heading_level":"h2","header_styles":{"":null,"background_colour":"","background_image":false,"text_colour":"orange"},"make_separator":false},"content":"<p><strong>1. Ditt godk\u00e4nnande<\/strong><\/p>\n<p>(a) Detta \u00e4r de villkor p\u00e5 vilka Plymouth Brothers Christian Church ACN 158 542 075 (kallad PBCC, vi eller v\u00e5ra) till\u00e5ter anv\u00e4ndare att f\u00e5 tillg\u00e5ng till och anv\u00e4nda PBCC:s webbplats plymouthbrethrenchristianchurch.org (Webbplats) inklusive att anv\u00e4nda de tj\u00e4nster och den funktionalitet som g\u00f6rs tillg\u00e4nglig via webbplatsen, visa Inneh\u00e5ll som tillhandah\u00e5lls av PBCC och kommunicera med PBCC.<\/p>\n<p>(b) Du accepterar att vara bunden av dessa Villkor genom att anv\u00e4nda, surfa eller f\u00e5 tillg\u00e5ng till n\u00e5gon del av webbplatsen.<\/p>\n<p>(c) PBCC kan fr\u00e5n tid till annan granska och uppdatera dessa villkor f\u00f6r att ta h\u00e4nsyn till nya lagar, f\u00f6rordningar, produkter eller teknik. Din anv\u00e4ndning av Webbplatsen kommer att regleras av de senaste Villkoren som publiceras p\u00e5 Webbplatsen. Genom att forts\u00e4tta anv\u00e4nda webbplatsen godk\u00e4nner du att vara bunden av de senaste Villkoren. Det \u00e4r ditt ansvar att kontrollera webbplatsen regelbundet f\u00f6r uppdaterade versioner av villkoren.<\/p>\n<p>(d) Webbplatsen kan \u00e4ndras n\u00e4r som helst utan f\u00f6rvarning och kan inneh\u00e5lla fel.<\/p>\n<p><strong>2. Inneh\u00e5ll<\/strong><\/p>\n<p>(a) Webbplatsen \u00e4gs och drivs av PBCC.<\/p>\n<p>(b) PBCC har r\u00e4tt, men inte skyldighet, att \u00f6vervaka all information, kommentar, inneh\u00e5ll, kommunikation, r\u00e5d, text, eller annat material (Inneh\u00e5ll) som g\u00f6rs tillg\u00e4ngligt p\u00e5 webbplatsen. PBCC f\u00f6rbeh\u00e5ller sig r\u00e4tten att, efter eget gottfinnande, blockera, \u00e4ndra eller ta bort n\u00e5got Inneh\u00e5ll som finns p\u00e5 webbplatsen utan f\u00f6reg\u00e5ende meddelande, och kommer inte att p\u00e5 n\u00e5got s\u00e4tt vara ansvarigt f\u00f6r m\u00f6jliga konsekvenser av s\u00e5dana handlingar.<\/p>\n<p>(c) Inneh\u00e5llet p\u00e5 webbplatsen \u00e4r endast av allm\u00e4nt informationssyfte. Vidare garanterar PBCC inte eller g\u00f6r n\u00e5gra utf\u00e4stelser om n\u00e5gra produkter eller tj\u00e4nster fr\u00e5n tredje part som beskrivs eller h\u00e4nvisas till p\u00e5 webbplatsen. All anv\u00e4ndning av PBCC-materialet eller information av en annan person eller organisation sker p\u00e5 anv\u00e4ndarens egen risk.<\/p>\n<p>(d) Inneh\u00e5llet p\u00e5 denna Webbplats erh\u00e5lls och utvecklas fr\u00e5n en m\u00e4ngd olika k\u00e4llor inklusive men inte begr\u00e4nsat till samarbeten med tredje part och information som tillhandah\u00e5lls av tredje part p\u00e5 licens. Inkludering av inneh\u00e5ll p\u00e5 denna Webbplats \u00e4r inte ett godk\u00e4nnande av n\u00e5gon organisation, produkt eller tj\u00e4nst.<\/p>\n<p>(e) Medan f\u00f6rsiktighet har tagits i f\u00f6rberedelserna av inneh\u00e5llet p\u00e5 denna Webbplats, KOMMER PBCC och dess anst\u00e4llda, n\u00e4rst\u00e5ende parter, direkt\u00f6rer, tj\u00e4nstem\u00e4n, agenter, volont\u00e4rer, entrepren\u00f6rer och underleverant\u00f6rer inte acceptera n\u00e5got ansvar, inklusive f\u00f6r f\u00f6rlust eller skada, som f\u00f6ljer av beroendet av inneh\u00e5llet, eller f\u00f6r dess riktighet, valuta och fullst\u00e4ndighet.<\/p>\n<p>(f) Du accepterar att vara ensam ansvarig f\u00f6r allt Inneh\u00e5ll som du kommunicerar eller p\u00e5 annat s\u00e4tt tillhandah\u00e5ller \u00f6ver webbplatsen. Du garanterar och representerar att allt Inneh\u00e5ll som du kommunicerar eller p\u00e5 annat s\u00e4tt tillhandah\u00e5ller inte kommer att bryta mot dessa villkor eller sekretesspolicyn.<\/p>\n<p>(g) Du godk\u00e4nner att v\u00e5r webbplats kan uts\u00e4tta dig f\u00f6r Inneh\u00e5ll som kan vara st\u00f6tande eller st\u00f6tande. Vi skall inte vara ansvariga inf\u00f6r dig p\u00e5 n\u00e5got s\u00e4tt f\u00f6r inneh\u00e5llet som visas p\u00e5 denna webbplats och inte heller f\u00f6r n\u00e5got fel eller f\u00f6rsummelse.<\/p>\n<p>(h) Om du har ett klagom\u00e5l ang\u00e5ende n\u00e5got Inneh\u00e5ll, kommer PBCC:s enda skyldighet att vara att granska alla skriftliga klagom\u00e5l som anm\u00e4lts till det och, om det finner l\u00e4mpligt, efter eget gottfinnande, att \u00e4ndra eller ta bort det s\u00e4rskilda Inneh\u00e5llet.<\/p>\n<p><strong>3. L\u00e4nkar<\/strong><\/p>\n<p>(a) Webbplatsen kan inneh\u00e5lla l\u00e4nkar till andra webbplatser. PBCC tillhandah\u00e5ller dessa l\u00e4nkar som en f\u00e4rdig referens och inte som ett godk\u00e4nnande av dessa webbplatser, deras operat\u00f6rer, de varor, tj\u00e4nster eller inneh\u00e5ll som de beskriver.<\/p>\n<p>(b) Andra webbplatser som \u00e4r l\u00e4nkade till webbplatsen omfattas inte av dessa villkor, och kan ha egna villkor och sekretesspolicy. Om du v\u00e4ljer att komma \u00e5t dessa l\u00e4nkade webbplatser g\u00f6r du det p\u00e5 egen risk. PBCC ansvarar inte f\u00f6r och kommer inte att vara ansvarigt f\u00f6r inneh\u00e5llet eller driften av dessa webbplatser eller n\u00e5gon av de varor, tj\u00e4nster eller inneh\u00e5ll som de beskriver. PBCC ansvarar inte f\u00f6r och kommer inte att vara ansvarig f\u00f6r n\u00e5gon felaktig l\u00e4nk till en extern webbplats.<\/p>\n<p>(c) Du har inte till\u00e5telse att rama in Webbplatsen utan PBCC:s uttryckliga skriftliga tillst\u00e5nd.<\/p>\n<p><strong>4. Tillg\u00e5ng och kommunikation<\/strong><\/p>\n<p>(a) Med f\u00f6rbeh\u00e5ll f\u00f6r de garantier fr\u00e5n konsumenterna som f\u00f6reskrivs i konsumentskyddslagstiftningen (inklusive den australiska konsumentlagen som \u00e5terfinns i schema 2 till Competition and Consumer Act 2010 (ACL)) garanterar PBCC inte att du kommer att ha kontinuerlig tillg\u00e5ng till webbplatsen. PBCC kommer inte att h\u00e5llas ansvarigt i h\u00e4ndelse av att Webbplatsen inte \u00e4r tillg\u00e4nglig f\u00f6r dig p\u00e5 grund av datoravbrott som kan tillskrivas driftst\u00f6rningar, uppgraderingar, f\u00f6rebyggande eller avhj\u00e4lpande underh\u00e5llsaktiviteter eller avbrott i telekommunikationsf\u00f6rs\u00f6rjningen.<\/p>\n<p>(b) PBCC garanterar inte leverans av kommunikation via internet eftersom s\u00e5dan kommunikation \u00e4r beroende av tredje parts tj\u00e4nsteleverant\u00f6rer. Elektronisk kommunikation (inklusive elektronisk post) \u00e4r s\u00e5rbar f\u00f6r avlyssning av tredje part och PBCC garanterar inte s\u00e4kerheten eller sekretessen f\u00f6r dessa kommunikationer eller s\u00e4kerheten p\u00e5 webbplatsen.<\/p>\n<p>(c) PBCC tillhandah\u00e5ller inte, och har ingen kontroll \u00f6ver, kommunikation, n\u00e4tverk eller tj\u00e4nster, internet eller annan teknik som kr\u00e4vs eller anv\u00e4nds \u00f6ver hela webbplatsen och accepterar inget ansvar f\u00f6r n\u00e5gon direkt eller indirekt f\u00f6rlust i n\u00e5gon form som \u00e4r associerad med dem, vare sig p\u00e5 grund av \u00f6verbelastning, tekniska funktionsfel, virus eller p\u00e5 annat s\u00e4tt.<\/p>\n<p>(d) Detaljer som finns p\u00e5 webbplatsen som r\u00f6r tj\u00e4nster har utarbetats i enlighet med australisk lag och f\u00e5r inte uppfylla lagarna i ett annat land. PBCC garanterar inte att webbplatsen och dess inneh\u00e5ll f\u00f6ljer lagstiftningen i n\u00e5got annat land. Det \u00e4r ditt ansvar att avg\u00f6ra om webbplatsen och dess inneh\u00e5ll f\u00f6ljer lagarna i din jurisdiktion.<\/p>\n<p>(e) Om du kommer \u00e5t och anv\u00e4nder denna Webbplats eller dess inneh\u00e5ll fr\u00e5n utanf\u00f6r Australien du g\u00f6r det p\u00e5 egen risk.<\/p>\n<p><strong>5. Sekretess<\/strong><\/p>\n<p>All personlig information som du skickar till PBCC omfattas av och kommer att hanteras i enlighet med PBCC:s integritetspolicy (Sekretesspolicy). Sekretesspolicyn utg\u00f6r en del av dessa villkor och anges p\u00e5 www.plymouthbrethrenchristianchurch.org\/privacy-policy\/. Du godk\u00e4nner att du, genom att anv\u00e4nda webbplatsen eller kommunicerar med PBCC, har l\u00e4st integritetspolicyn, f\u00f6rst\u00e5tt dess inneh\u00e5ll och samtyckt till dess krav.<\/p>\n<p><strong>6. Immateriell egendom<\/strong><\/p>\n<p>(a) Alla immateriella r\u00e4ttigheter, inklusive upphovsr\u00e4tt och patent, i webbplatsen, PBCC:s tj\u00e4nster, och alla komponenter i dem \u00e4gs eller licensieras av PBCC eller n\u00e5gon av dess relaterade enheter. Du f\u00e5r inte kopiera, \u00e4ndra eller \u00f6verf\u00f6ra n\u00e5gon del av Webbplatsen.<\/p>\n<p>(b) Webbplatsen inneh\u00e5ller varum\u00e4rken, logotyper, tj\u00e4nstenamn och varunamn f\u00f6r PBCC eller tredje part som kan vara registrerade eller p\u00e5 annat s\u00e4tt skyddade enligt lag. Du har inte till\u00e5telse att anv\u00e4nda n\u00e5gra varum\u00e4rken, logotyper, tj\u00e4nstenamn eller varunamn som f\u00f6rekommer p\u00e5 webbplatsen.<\/p>\n<p><strong>7. Licens och anv\u00e4ndning av webbplats<\/strong><\/p>\n<p>Med f\u00f6rbeh\u00e5ll f\u00f6r de begr\u00e4nsningar som anges i paragraf 8 beviljar PBCC dig en icke-exklusiv och icke-\u00f6verl\u00e5tbar licens att anv\u00e4nda webbplatsen f\u00f6r eget personligt bruk. Du f\u00e5r inte ladda ner (annat \u00e4n sidcachning) eller \u00e4ndra webbplatsen eller n\u00e5gon del av webbplatsen. Allt Inneh\u00e5ll som du l\u00e4gger upp p\u00e5 webbplatsen eller p\u00e5 annat s\u00e4tt tillhandah\u00e5ller eller kommunicerar till PBCC kommer att behandlas som icke-konfidentiell och icke-propriet\u00e4r information.<\/p>\n<p><strong>8. F\u00f6rbjudna anv\u00e4ndningsomr\u00e5den<\/strong><\/p>\n<p>I att anv\u00e4nda webbplatsen f\u00e5r du inte:<\/p>\n<p>a) bedriva kommersiell verksamhet inklusive marknadsf\u00f6ring, reklam eller kommersiellt fr\u00e4mjande av varor eller tj\u00e4nster, \u00e5terf\u00f6rs\u00e4ljning, samla in och anv\u00e4nda eventuella produktlistor eller priser till f\u00f6rm\u00e5n f\u00f6r andra handlare, datagruva eller anv\u00e4nda robotar eller andra metoder f\u00f6r datainsamling,<\/p>\n<p>b) utge sig f\u00f6r eller falskeligen p\u00e5st\u00e5 sig f\u00f6retr\u00e4da en person eller organisation,<\/p>\n<p>c) f\u00f6rtala, missbruka, f\u00f6rf\u00f6lja, trakassera, hota eller p\u00e5 annat s\u00e4tt kr\u00e4nka andras lagliga r\u00e4ttigheter, inklusive utan begr\u00e4nsning, r\u00e4ttigheter som r\u00f6r integritet och publicitet,<\/p>\n<p>(d) posta, l\u00e4nka till, eller p\u00e5 annat s\u00e4tt kommunicera eller distribuera n\u00e5got ol\u00e4mpligt, profant, neds\u00e4ttande, intr\u00e5ng, obscent, oanst\u00e4ndigt eller olagligt material eller information, eller p\u00e5 annat s\u00e4tt anv\u00e4nda webbplatsen p\u00e5 ett s\u00e4tt som \u00e4r olagligt eller skulle g\u00f6ra intr\u00e5ng i en annan persons r\u00e4ttigheter inklusive eventuella immateriella r\u00e4ttigheter; Eller<\/p>\n<p>e) posta, l\u00e4nka till, eller p\u00e5 annat s\u00e4tt distribuera n\u00e5gon information, material eller f\u00f6rem\u00e5l som inneh\u00e5ller ett virus, trojansk h\u00e4st, mask eller annan skadlig eller st\u00f6rande komponent.<\/p>\n<p><strong>9. Friskrivning av garantier och ansvarsbegr\u00e4nsning<\/strong><\/p>\n<p>(a) Ingenting i dessa villkor utesluter, begr\u00e4nsar eller \u00e4ndrar n\u00e5gon konsumentgaranti, r\u00e4ttighet eller gottg\u00f6relse som du har tilldelats av ACL, eller annan till\u00e4mplig lag som inte kan uteslutas, begr\u00e4nsas eller \u00e4ndras genom avtal.<\/p>\n<p>(b) I den utstr\u00e4ckning som lagen till\u00e5ter (inklusive ACL) utesluter PBCC alla garantier, vare sig uttryckliga eller underf\u00f6rst\u00e5dda, inklusive eventuella garantier eller utf\u00e4stelser r\u00f6rande tillg\u00e4nglighet av webbplatsen, kvalitet, fullst\u00e4ndighet, noggrannhet, l\u00e4mplighet, acceptabilitet eller l\u00e4mplighet f\u00f6r \u00e4ndam\u00e5let i f\u00f6rh\u00e5llande till Inneh\u00e5llet, alla l\u00e4nkar till eller fr\u00e5n Inneh\u00e5llet och de tj\u00e4nster som annonseras eller \u00e4r \u00e5tkomliga med hj\u00e4lp av Inneh\u00e5llet.<\/p>\n<p>(c) I den utstr\u00e4ckning som lagen till\u00e5ter (inklusive ACL) begr\u00e4nsas PBCC:s ansvar i fr\u00e5ga om eventuella icke-exkluderbara garantier eller villkor som r\u00f6r Inneh\u00e5llet, alla l\u00e4nkar till eller fr\u00e5n Inneh\u00e5llet och de tj\u00e4nster som annonseras eller \u00e4r tillg\u00e4ngliga med hj\u00e4lp av inneh\u00e5llet till att \u00e5terf\u00f6rs\u00f6rja det relevanta inneh\u00e5llet eller den rimliga kostnaden f\u00f6r \u00e5terf\u00f6rs\u00f6rjande av det relevanta inneh\u00e5llet, beroende p\u00e5 vilket PBCC anser l\u00e4mpligt att tillhandah\u00e5lla.<\/p>\n<p>(d) F\u00f6r alla andra anspr\u00e5k eller ansvar, och i den utstr\u00e4ckning som lagen till\u00e5ter, kommer PBCC:s och dess anst\u00e4lldas, agenters eller entrepren\u00f6rers h\u00f6gsta ansvar f\u00f6r f\u00f6rlust, skada, anspr\u00e5k, kostnad eller kostnad som uppst\u00e5r till f\u00f6ljd av eller i samband med dessa villkor, inneh\u00e5llet, alla l\u00e4nkar till eller fr\u00e5n Inneh\u00e5llet och de tj\u00e4nster som annonseras eller \u00e4r tillg\u00e4ngliga med hj\u00e4lp av inneh\u00e5llet 10 USD i den sammanlagda av alla anspr\u00e5k.<\/p>\n<p>(e) I den utstr\u00e4ckning som lagen till\u00e5ter (inklusive ACL) kommer PBCC inte att h\u00e5llas ansvarigt f\u00f6r direkt eller indirekt f\u00f6rlorad vinst, radering eller f\u00f6rvanskning av elektroniskt eller digitalt lagrad information, eller of\u00f6rutsedda, f\u00f6ljdskador eller s\u00e4rskilda skador som uppst\u00e5r p\u00e5 grund av eller i samband med Inneh\u00e5llet, alla l\u00e4nkar till eller fr\u00e5n Inneh\u00e5llet och de tj\u00e4nster som annonseras eller \u00e4r \u00e5tkomliga med hj\u00e4lp av Inneh\u00e5llet.<\/p>\n<p><strong>10. Gotthets-<\/strong><\/p>\n<p>Du kommer att helt h\u00e5lla PBCC-avtalet skadesf\u00f6rber\u00e4ttande n\u00e4r det g\u00e4ller all f\u00f6rlust, skada, kostnader, utgifter (inklusive juridiska avgifter p\u00e5 fullst\u00e4ndig gottg\u00f6relsebasis), b\u00f6ter, straff, krav, krav och f\u00f6rfaranden som helst uppkommer, vare sig det g\u00e4ller sedermering (inklusive v\u00e5rdsl\u00f6shet) eller enligt stadga, i samband med n\u00e5got av f\u00f6ljande:<\/p>\n<p>(a) alla brott mot dessa villkor av dig;<\/p>\n<p>(b) din anv\u00e4ndning av Webbplatsen; Eller<\/p>\n<p>(c) din kommunikation med PBCC.<\/p>\n<p><strong>11. Beh\u00f6righet och lag<\/strong><\/p>\n<p>Dessa villkor styrs av och m\u00e5ste tolkas i enlighet med lagstiftningen i delstaten New South Wales, Australien. Du underkastar dig exklusiv beh\u00f6righet f\u00f6r domstolarna i den staten och Australiens samv\u00e4lde vad g\u00e4ller alla fr\u00e5gor som uppst\u00e5r p\u00e5 grund av eller i samband med dessa villkor, deras prestation och \u00e4mne.<\/p>\n<p><strong>12. Avg\u00e5ngsf\u00f6rm\u00e5ga<\/strong><\/p>\n<p>Varje best\u00e4mmelse i dessa villkor \u00e4r avg\u00e5ngsbar fr\u00e5n de andra och inget avg\u00e5ngsvederlag f\u00f6r en best\u00e4mmelse kommer att p\u00e5verka n\u00e5gon annan best\u00e4mmelse.<\/p>\n<p><strong>13. Kontakta oss<\/strong><\/p>\n<p>Om du har fr\u00e5gor om webbplatsen, villkoren eller sekretesspolicyn, kontakta <a href=\"https:\/\/www.plymouthbrethrenchristianchurch.org\/contact\/\">oss<\/a>.<\/p>\n","enable_button":true,"button":{"button_text":"","button_url":"","open_in_new_tab":false,"button_class":""},"class":""}],"columns_sm":"8","columns_md":"none","columns_lg":"8"},{"module":false,"columns_sm":"4","columns_md":"none","columns_lg":"4"}],"row_class":"","module_padding":{"":null,"padding_top_xs":"","padding_bottom_xs":"","padding_left_xs":"","padding_right_xs":"","padding_top_md":"","padding_bottom_md":"","padding_left_md":"","padding_right_md":"","padding_top_lg":"","padding_bottom_lg":"","padding_left_lg":"","padding_right_lg":""},"module_margin":{"":null,"margin_top_xs":"","margin_bottom_xs":"","margin_left_xs":"","margin_right_xs":"","margin_top_md":"","margin_bottom_md":"","margin_left_md":"","margin_right_md":"","margin_top_lg":"","margin_bottom_lg":"","margin_left_lg":"","margin_right_lg":""}}],"section_heading":"","section_class":"","module_padding":{"":null,"padding_top_xs":"","padding_bottom_xs":"","padding_left_xs":"","padding_right_xs":"","padding_top_md":"","padding_bottom_md":"","padding_left_md":"","padding_right_md":"","padding_top_lg":"","padding_bottom_lg":"","padding_left_lg":"","padding_right_lg":""},"module_margin":{"":null,"margin_top_xs":"","margin_bottom_xs":"","margin_left_xs":"","margin_right_xs":"","margin_top_md":"","margin_bottom_md":"","margin_left_md":"","margin_right_md":"","margin_top_lg":"","margin_bottom_lg":"","margin_left_lg":"","margin_right_lg":""}}]},"yoast_head":"<!-- This site is optimized with the Yoast SEO plugin v25.2 - https:\/\/yoast.com\/wordpress\/plugins\/seo\/ -->\n<title>Villkor och villkor | Plymouth Brethren Christian Church<\/title>\n<meta name=\"description\" content=\"Visit the Villkor och villkor page on the website of the Plymouth Brethren Christian Church, a Christian fellowship based on the Holy Bible as the Word of God.\" \/>\n<meta name=\"robots\" content=\"index, follow, max-snippet:-1, max-image-preview:large, max-video-preview:-1\" \/>\n<link rel=\"canonical\" href=\"https:\/\/www.plymouthbrethrenchristianchurch.org\/sv\/regler\/\" \/>\n<meta property=\"og:locale\" content=\"sv_SE\" \/>\n<meta property=\"og:type\" content=\"article\" \/>\n<meta property=\"og:title\" content=\"Villkor och villkor | Plymouth Brethren Christian Church\" \/>\n<meta property=\"og:description\" content=\"Visit the Villkor och villkor page on the website of the Plymouth Brethren Christian Church, a Christian fellowship based on the Holy Bible as the Word of God.\" \/>\n<meta property=\"og:url\" content=\"https:\/\/www.plymouthbrethrenchristianchurch.org\/sv\/regler\/\" \/>\n<meta property=\"og:site_name\" content=\"Plymouth Brethren Christian Church\" \/>\n<meta property=\"article:publisher\" content=\"https:\/\/www.facebook.com\/PlymouthBrethrenChristianChurch\" \/>\n<meta property=\"article:modified_time\" content=\"2025-06-17T15:09:18+00:00\" \/>\n<meta name=\"twitter:card\" content=\"summary_large_image\" \/>\n<script type=\"application\/ld+json\" class=\"yoast-schema-graph\">{\"@context\":\"https:\/\/schema.org\",\"@graph\":[{\"@type\":\"WebPage\",\"@id\":\"https:\/\/www.plymouthbrethrenchristianchurch.org\/sv\/regler\/\",\"url\":\"https:\/\/www.plymouthbrethrenchristianchurch.org\/sv\/regler\/\",\"name\":\"Villkor och villkor | Plymouth Brethren Christian Church\",\"isPartOf\":{\"@id\":\"https:\/\/www.plymouthbrethrenchristianchurch.org\/#website\"},\"datePublished\":\"2020-05-21T15:24:09+00:00\",\"dateModified\":\"2025-06-17T15:09:18+00:00\",\"description\":\"Visit the Villkor och villkor page on the website of the Plymouth Brethren Christian Church, a Christian fellowship based on the Holy Bible as the Word of God.\",\"breadcrumb\":{\"@id\":\"https:\/\/www.plymouthbrethrenchristianchurch.org\/sv\/regler\/#breadcrumb\"},\"inLanguage\":\"sv-SE\",\"potentialAction\":[{\"@type\":\"ReadAction\",\"target\":[\"https:\/\/www.plymouthbrethrenchristianchurch.org\/sv\/regler\/\"]}]},{\"@type\":\"BreadcrumbList\",\"@id\":\"https:\/\/www.plymouthbrethrenchristianchurch.org\/sv\/regler\/#breadcrumb\",\"itemListElement\":[{\"@type\":\"ListItem\",\"position\":1,\"name\":\"Home\",\"item\":\"https:\/\/www.plymouthbrethrenchristianchurch.org\/sv\/hem\/\"},{\"@type\":\"ListItem\",\"position\":2,\"name\":\"Villkor och villkor\"}]},{\"@type\":\"WebSite\",\"@id\":\"https:\/\/www.plymouthbrethrenchristianchurch.org\/#website\",\"url\":\"https:\/\/www.plymouthbrethrenchristianchurch.org\/\",\"name\":\"Plymouth Brethren Christian Church\",\"description\":\"\",\"publisher\":{\"@id\":\"https:\/\/www.plymouthbrethrenchristianchurch.org\/#organization\"},\"potentialAction\":[{\"@type\":\"SearchAction\",\"target\":{\"@type\":\"EntryPoint\",\"urlTemplate\":\"https:\/\/www.plymouthbrethrenchristianchurch.org\/?s={search_term_string}\"},\"query-input\":{\"@type\":\"PropertyValueSpecification\",\"valueRequired\":true,\"valueName\":\"search_term_string\"}}],\"inLanguage\":\"sv-SE\"},{\"@type\":\"Organization\",\"@id\":\"https:\/\/www.plymouthbrethrenchristianchurch.org\/#organization\",\"name\":\"Plymouth Brethren Christian Church\",\"url\":\"https:\/\/www.plymouthbrethrenchristianchurch.org\/\",\"logo\":{\"@type\":\"ImageObject\",\"inLanguage\":\"sv-SE\",\"@id\":\"https:\/\/www.plymouthbrethrenchristianchurch.org\/#\/schema\/logo\/image\/\",\"url\":\"https:\/\/www.plymouthbrethrenchristianchurch.org\/wp-content\/uploads\/2020\/05\/site-logo.svg\",\"contentUrl\":\"https:\/\/www.plymouthbrethrenchristianchurch.org\/wp-content\/uploads\/2020\/05\/site-logo.svg\",\"caption\":\"Plymouth Brethren Christian Church\"},\"image\":{\"@id\":\"https:\/\/www.plymouthbrethrenchristianchurch.org\/#\/schema\/logo\/image\/\"},\"sameAs\":[\"https:\/\/www.facebook.com\/PlymouthBrethrenChristianChurch\",\"https:\/\/www.youtube.com\/channel\/UC76fGueDJBbLvhs988yTBXQ\",\"https:\/\/www.pinterest.com.au\/plymouthbcc\/\"]}]}<\/script>\n<!-- \/ Yoast SEO plugin. -->","yoast_head_json":{"title":"Villkor och villkor | Plymouth Brethren Christian Church","description":"Visit the Villkor och villkor page on the website of the Plymouth Brethren Christian Church, a Christian fellowship based on the Holy Bible as the Word of God.","robots":{"index":"index","follow":"follow","max-snippet":"max-snippet:-1","max-image-preview":"max-image-preview:large","max-video-preview":"max-video-preview:-1"},"canonical":"https:\/\/www.plymouthbrethrenchristianchurch.org\/sv\/regler\/","og_locale":"sv_SE","og_type":"article","og_title":"Villkor och villkor | Plymouth Brethren Christian Church","og_description":"Visit the Villkor och villkor page on the website of the Plymouth Brethren Christian Church, a Christian fellowship based on the Holy Bible as the Word of God.","og_url":"https:\/\/www.plymouthbrethrenchristianchurch.org\/sv\/regler\/","og_site_name":"Plymouth Brethren Christian Church","article_publisher":"https:\/\/www.facebook.com\/PlymouthBrethrenChristianChurch","article_modified_time":"2025-06-17T15:09:18+00:00","twitter_card":"summary_large_image","schema":{"@context":"https:\/\/schema.org","@graph":[{"@type":"WebPage","@id":"https:\/\/www.plymouthbrethrenchristianchurch.org\/sv\/regler\/","url":"https:\/\/www.plymouthbrethrenchristianchurch.org\/sv\/regler\/","name":"Villkor och villkor | Plymouth Brethren Christian Church","isPartOf":{"@id":"https:\/\/www.plymouthbrethrenchristianchurch.org\/#website"},"datePublished":"2020-05-21T15:24:09+00:00","dateModified":"2025-06-17T15:09:18+00:00","description":"Visit the Villkor och villkor page on the website of the Plymouth Brethren Christian Church, a Christian fellowship based on the Holy Bible as the Word of God.","breadcrumb":{"@id":"https:\/\/www.plymouthbrethrenchristianchurch.org\/sv\/regler\/#breadcrumb"},"inLanguage":"sv-SE","potentialAction":[{"@type":"ReadAction","target":["https:\/\/www.plymouthbrethrenchristianchurch.org\/sv\/regler\/"]}]},{"@type":"BreadcrumbList","@id":"https:\/\/www.plymouthbrethrenchristianchurch.org\/sv\/regler\/#breadcrumb","itemListElement":[{"@type":"ListItem","position":1,"name":"Home","item":"https:\/\/www.plymouthbrethrenchristianchurch.org\/sv\/hem\/"},{"@type":"ListItem","position":2,"name":"Villkor och villkor"}]},{"@type":"WebSite","@id":"https:\/\/www.plymouthbrethrenchristianchurch.org\/#website","url":"https:\/\/www.plymouthbrethrenchristianchurch.org\/","name":"Plymouth Brethren Christian Church","description":"","publisher":{"@id":"https:\/\/www.plymouthbrethrenchristianchurch.org\/#organization"},"potentialAction":[{"@type":"SearchAction","target":{"@type":"EntryPoint","urlTemplate":"https:\/\/www.plymouthbrethrenchristianchurch.org\/?s={search_term_string}"},"query-input":{"@type":"PropertyValueSpecification","valueRequired":true,"valueName":"search_term_string"}}],"inLanguage":"sv-SE"},{"@type":"Organization","@id":"https:\/\/www.plymouthbrethrenchristianchurch.org\/#organization","name":"Plymouth Brethren Christian Church","url":"https:\/\/www.plymouthbrethrenchristianchurch.org\/","logo":{"@type":"ImageObject","inLanguage":"sv-SE","@id":"https:\/\/www.plymouthbrethrenchristianchurch.org\/#\/schema\/logo\/image\/","url":"https:\/\/www.plymouthbrethrenchristianchurch.org\/wp-content\/uploads\/2020\/05\/site-logo.svg","contentUrl":"https:\/\/www.plymouthbrethrenchristianchurch.org\/wp-content\/uploads\/2020\/05\/site-logo.svg","caption":"Plymouth Brethren Christian Church"},"image":{"@id":"https:\/\/www.plymouthbrethrenchristianchurch.org\/#\/schema\/logo\/image\/"},"sameAs":["https:\/\/www.facebook.com\/PlymouthBrethrenChristianChurch","https:\/\/www.youtube.com\/channel\/UC76fGueDJBbLvhs988yTBXQ","https:\/\/www.pinterest.com.au\/plymouthbcc\/"]}]}},"_links":{"self":[{"href":"https:\/\/www.plymouthbrethrenchristianchurch.org\/sv\/wp-json\/wp\/v2\/pages\/2934"}],"collection":[{"href":"https:\/\/www.plymouthbrethrenchristianchurch.org\/sv\/wp-json\/wp\/v2\/pages"}],"about":[{"href":"https:\/\/www.plymouthbrethrenchristianchurch.org\/sv\/wp-json\/wp\/v2\/types\/page"}],"author":[{"embeddable":true,"href":"https:\/\/www.plymouthbrethrenchristianchurch.org\/sv\/wp-json\/wp\/v2\/users\/2"}],"replies":[{"embeddable":true,"href":"https:\/\/www.plymouthbrethrenchristianchurch.org\/sv\/wp-json\/wp\/v2\/comments?post=2934"}],"version-history":[{"count":4,"href":"https:\/\/www.plymouthbrethrenchristianchurch.org\/sv\/wp-json\/wp\/v2\/pages\/2934\/revisions"}],"predecessor-version":[{"id":8008,"href":"https:\/\/www.plymouthbrethrenchristianchurch.org\/sv\/wp-json\/wp\/v2\/pages\/2934\/revisions\/8008"}],"wp:attachment":[{"href":"https:\/\/www.plymouthbrethrenchristianchurch.org\/sv\/wp-json\/wp\/v2\/media?parent=2934"}],"curies":[{"name":"wp","href":"https:\/\/api.w.org\/{rel}","templated":true}]}}