{"id":2940,"date":"2020-05-22T02:01:23","date_gmt":"2020-05-21T16:01:23","guid":{"rendered":"https:\/\/www.plymouthbrethrenchristianchurch.org\/ansvarsfriskrivning\/"},"modified":"2025-06-18T01:09:38","modified_gmt":"2025-06-17T15:09:38","slug":"ansvarsfriskrivning","status":"publish","type":"page","link":"https:\/\/www.plymouthbrethrenchristianchurch.org\/sv\/ansvarsfriskrivning\/","title":{"rendered":"Ansvarsfriskrivning"},"content":{"rendered":"","protected":false},"excerpt":{"rendered":"","protected":false},"author":2,"featured_media":0,"parent":0,"menu_order":19,"comment_status":"closed","ping_status":"closed","template":"page-templates\/acf-flexible-content.php","meta":{"_acf_changed":false,"_relevanssi_hide_post":"","_relevanssi_hide_content":"","_relevanssi_pin_for_all":"","_relevanssi_pin_keywords":"","_relevanssi_unpin_keywords":"","_relevanssi_related_keywords":"","_relevanssi_related_include_ids":"","_relevanssi_related_exclude_ids":"","_relevanssi_related_no_append":"","_relevanssi_related_not_related":"","_relevanssi_related_posts":"","_relevanssi_noindex_reason":"","inline_featured_image":false,"footnotes":""},"class_list":["post-2940","page","type-page","status-publish","hentry"],"acf":{"post_page_video":"","content":[{"acf_fc_layout":"page_header_with_links","override_title":false,"custom_title":"Testa titel","intro_text":"<p>Plymouth Br\u00f6der Kristna Kyrkan ACN 158 542 075 Ansvarsfriskrivning<\/p>\n","enable_button":true,"button":{"button_text":"","button_url":"","open_in_new_tab":false,"button_class":""},"link_source":"menu","select_a_menu":{"value":"41","label":"Kontakta"},"menu_title":"L\u00e4nkar","custom_links":false,"header_styles":{"":null,"background_colour":"#515151","background_image":1851,"text_colour":"white"},"row_class":""},{"acf_fc_layout":"module_section","row":[{"column_gap":"6","column":[{"module":[{"acf_fc_layout":"rich_media_block","image":false,"header":{"":null,"title":"","heading_level":"h2","header_styles":{"":null,"background_colour":"","background_image":false,"text_colour":"orange"},"make_separator":false},"content":"<p>1. Webbplatsen och Inneh\u00e5llet tillhandah\u00e5lls p\u00e5 &#8221;i befintligt fall&#8221; och &#8221;som tillg\u00e4ngligt&#8221; underlag. B\u00e5de Webbplatsen och Inneh\u00e5llet kan \u00e4ndras n\u00e4r som helst utan f\u00f6reg\u00e5ende meddelande.<\/p>\n<p>\u00c4ven om Plymouth Brothers kristna kyrka str\u00e4var efter att se till att Webbplatsen och Inneh\u00e5llet \u00e4r aktuella och korrekta, kan Webbplatsen och Inneh\u00e5llet inneh\u00e5lla fel.<\/p>\n<p>Plymouth Brothers Christian Church representerar inte att Webbplatsen eller Inneh\u00e5llet \u00e4r aktuellt, korrekt eller fullst\u00e4ndigt, eller att det \u00e4r l\u00e4mpligt f\u00f6r dina specifika krav.<\/p>\n<p>Plymouth Brothers Christian Church accepterar inte n\u00e5got ansvar fr\u00e5n n\u00e5gon person f\u00f6r webbplatsen, inneh\u00e5llet eller annan information (eller anv\u00e4ndning av s\u00e5dan information) som tillhandah\u00e5lls p\u00e5 webbplatsen.<\/p>\n<p>2. Plymouth Brothers Kristna kyrkan garanterar inte webbplatsen kommer att tillhandah\u00e5llas oavbruten, felfri och tillg\u00e4nglig p\u00e5 en kontinuerlig basis.<\/p>\n<p>Plymouth Brethren Christian Church f\u00f6rbeh\u00e5ller sig r\u00e4tten att revidera webbplatsen och inneh\u00e5llet, och att begr\u00e4nsa tillg\u00e5ngen till, eller upph\u00f6ra med att tillhandah\u00e5lla, webbplatsen och inneh\u00e5llet n\u00e4r som helst.<\/p>\n<p>Avbrott kan ocks\u00e5 f\u00f6rekomma f\u00f6r att underl\u00e4tta Webbplatsunderh\u00e5ll, uppdateringar eller av andra sk\u00e4l.<\/p>\n<p>3. Plymouth Brothers Christian Church garanterar inte leverans av kommunikation via Internet, eftersom dessa \u00e4r beroende av tredje parts tj\u00e4nsteleverant\u00f6rer.<\/p>\n<p>Elektronisk kommunikation \u00e4r s\u00e5rbara f\u00f6r avlyssning och Plymouth Brothers kristna kyrka garanterar inte s\u00e4kerheten f\u00f6r dessa kommunikationer eller s\u00e4kerheten p\u00e5 webbplatsen.<\/p>\n<p>Plymouth Brothers Christian Church garanterar inte eller representerar att Webbplatsen kommer att vara fri fr\u00e5n virus eller defekter i dess drift eller design.<\/p>\n<p>4. F\u00f6r bekv\u00e4mlighets\u00e4ndam\u00e5l kan webbplatsen inneh\u00e5lla l\u00e4nkar till andra webbplatser som \u00e4gs och\/eller drivs av tredje part (L\u00e4nkar).<\/p>\n<p>Men \u00e4ven om den tredje parten \u00e4r ansluten till Plymouth Br\u00f6der kristna kyrkan, The Plymouth Br\u00f6der kristna kyrkan har ingen kontroll \u00f6ver dessa L\u00e4nkade webbplatser, som alla har separata villkor f\u00f6r anv\u00e4ndning och privatliv och datainsamling praxis, oberoende av Plymouth Br\u00f6der kristna kyrkan.<\/p>\n<p>Plymouth Brothers Christian Church b\u00e4r inget ansvar eller ansvar f\u00f6r n\u00e5gra villkor, metoder eller inneh\u00e5ll p\u00e5 s\u00e5dana L\u00e4nkade webbplatser, och g\u00f6r inga utf\u00e4stelser eller garantier om de produkter eller tj\u00e4nster som de tillhandah\u00e5ller.<\/p>\n<p>Om du v\u00e4ljer att komma \u00e5t dessa L\u00e4nkade webbplatser g\u00f6r du det p\u00e5 egen risk. Vidare inneb\u00e4r f\u00f6rekomsten av L\u00e4nkar inte att Plymouth Brothers Christian Church sponsrar, st\u00f6der eller \u00e4r ansluten till eller i samband med s\u00e5dana L\u00e4nkade webbplatser.<\/p>\n","enable_button":true,"button":{"button_text":"","button_url":"","open_in_new_tab":false,"button_class":""},"class":""}],"columns_sm":"8","columns_md":"none","columns_lg":"8"},{"module":false,"columns_sm":"4","columns_md":"none","columns_lg":"4"}],"row_class":"","module_padding":{"":null,"padding_top_xs":"","padding_bottom_xs":"","padding_left_xs":"","padding_right_xs":"","padding_top_md":"","padding_bottom_md":"","padding_left_md":"","padding_right_md":"","padding_top_lg":"","padding_bottom_lg":"","padding_left_lg":"","padding_right_lg":""},"module_margin":{"":null,"margin_top_xs":"","margin_bottom_xs":"","margin_left_xs":"","margin_right_xs":"","margin_top_md":"","margin_bottom_md":"","margin_left_md":"","margin_right_md":"","margin_top_lg":"","margin_bottom_lg":"","margin_left_lg":"","margin_right_lg":""}}],"section_heading":"","section_class":"","module_padding":{"":null,"padding_top_xs":"","padding_bottom_xs":"","padding_left_xs":"","padding_right_xs":"","padding_top_md":"","padding_bottom_md":"","padding_left_md":"","padding_right_md":"","padding_top_lg":"","padding_bottom_lg":"","padding_left_lg":"","padding_right_lg":""},"module_margin":{"":null,"margin_top_xs":"","margin_bottom_xs":"","margin_left_xs":"","margin_right_xs":"","margin_top_md":"","margin_bottom_md":"","margin_left_md":"","margin_right_md":"","margin_top_lg":"","margin_bottom_lg":"","margin_left_lg":"","margin_right_lg":""}}]},"yoast_head":"<!-- This site is optimized with the Yoast SEO plugin v25.2 - https:\/\/yoast.com\/wordpress\/plugins\/seo\/ -->\n<title>Ansvarsfriskrivning | Plymouth Brethren Christian Church<\/title>\n<meta name=\"description\" content=\"Visit the Ansvarsfriskrivning page on the website of the Plymouth Brethren Christian Church, a Christian fellowship based on the Holy Bible as the Word of God.\" \/>\n<meta name=\"robots\" content=\"index, follow, max-snippet:-1, max-image-preview:large, max-video-preview:-1\" \/>\n<link rel=\"canonical\" href=\"https:\/\/www.plymouthbrethrenchristianchurch.org\/sv\/ansvarsfriskrivning\/\" \/>\n<meta property=\"og:locale\" content=\"sv_SE\" \/>\n<meta property=\"og:type\" content=\"article\" \/>\n<meta property=\"og:title\" content=\"Ansvarsfriskrivning | Plymouth Brethren Christian Church\" \/>\n<meta property=\"og:description\" content=\"Visit the Ansvarsfriskrivning page on the website of the Plymouth Brethren Christian Church, a Christian fellowship based on the Holy Bible as the Word of God.\" \/>\n<meta property=\"og:url\" content=\"https:\/\/www.plymouthbrethrenchristianchurch.org\/sv\/ansvarsfriskrivning\/\" \/>\n<meta property=\"og:site_name\" content=\"Plymouth Brethren Christian Church\" \/>\n<meta property=\"article:publisher\" content=\"https:\/\/www.facebook.com\/PlymouthBrethrenChristianChurch\" \/>\n<meta property=\"article:modified_time\" content=\"2025-06-17T15:09:38+00:00\" \/>\n<meta name=\"twitter:card\" content=\"summary_large_image\" \/>\n<script type=\"application\/ld+json\" class=\"yoast-schema-graph\">{\"@context\":\"https:\/\/schema.org\",\"@graph\":[{\"@type\":\"WebPage\",\"@id\":\"https:\/\/www.plymouthbrethrenchristianchurch.org\/sv\/ansvarsfriskrivning\/\",\"url\":\"https:\/\/www.plymouthbrethrenchristianchurch.org\/sv\/ansvarsfriskrivning\/\",\"name\":\"Ansvarsfriskrivning | Plymouth Brethren Christian Church\",\"isPartOf\":{\"@id\":\"https:\/\/www.plymouthbrethrenchristianchurch.org\/#website\"},\"datePublished\":\"2020-05-21T16:01:23+00:00\",\"dateModified\":\"2025-06-17T15:09:38+00:00\",\"description\":\"Visit the Ansvarsfriskrivning page on the website of the Plymouth Brethren Christian Church, a Christian fellowship based on the Holy Bible as the Word of God.\",\"breadcrumb\":{\"@id\":\"https:\/\/www.plymouthbrethrenchristianchurch.org\/sv\/ansvarsfriskrivning\/#breadcrumb\"},\"inLanguage\":\"sv-SE\",\"potentialAction\":[{\"@type\":\"ReadAction\",\"target\":[\"https:\/\/www.plymouthbrethrenchristianchurch.org\/sv\/ansvarsfriskrivning\/\"]}]},{\"@type\":\"BreadcrumbList\",\"@id\":\"https:\/\/www.plymouthbrethrenchristianchurch.org\/sv\/ansvarsfriskrivning\/#breadcrumb\",\"itemListElement\":[{\"@type\":\"ListItem\",\"position\":1,\"name\":\"Home\",\"item\":\"https:\/\/www.plymouthbrethrenchristianchurch.org\/sv\/hem\/\"},{\"@type\":\"ListItem\",\"position\":2,\"name\":\"Ansvarsfriskrivning\"}]},{\"@type\":\"WebSite\",\"@id\":\"https:\/\/www.plymouthbrethrenchristianchurch.org\/#website\",\"url\":\"https:\/\/www.plymouthbrethrenchristianchurch.org\/\",\"name\":\"Plymouth Brethren Christian Church\",\"description\":\"\",\"publisher\":{\"@id\":\"https:\/\/www.plymouthbrethrenchristianchurch.org\/#organization\"},\"potentialAction\":[{\"@type\":\"SearchAction\",\"target\":{\"@type\":\"EntryPoint\",\"urlTemplate\":\"https:\/\/www.plymouthbrethrenchristianchurch.org\/?s={search_term_string}\"},\"query-input\":{\"@type\":\"PropertyValueSpecification\",\"valueRequired\":true,\"valueName\":\"search_term_string\"}}],\"inLanguage\":\"sv-SE\"},{\"@type\":\"Organization\",\"@id\":\"https:\/\/www.plymouthbrethrenchristianchurch.org\/#organization\",\"name\":\"Plymouth Brethren Christian Church\",\"url\":\"https:\/\/www.plymouthbrethrenchristianchurch.org\/\",\"logo\":{\"@type\":\"ImageObject\",\"inLanguage\":\"sv-SE\",\"@id\":\"https:\/\/www.plymouthbrethrenchristianchurch.org\/#\/schema\/logo\/image\/\",\"url\":\"https:\/\/www.plymouthbrethrenchristianchurch.org\/wp-content\/uploads\/2020\/05\/site-logo.svg\",\"contentUrl\":\"https:\/\/www.plymouthbrethrenchristianchurch.org\/wp-content\/uploads\/2020\/05\/site-logo.svg\",\"caption\":\"Plymouth Brethren Christian Church\"},\"image\":{\"@id\":\"https:\/\/www.plymouthbrethrenchristianchurch.org\/#\/schema\/logo\/image\/\"},\"sameAs\":[\"https:\/\/www.facebook.com\/PlymouthBrethrenChristianChurch\",\"https:\/\/www.youtube.com\/channel\/UC76fGueDJBbLvhs988yTBXQ\",\"https:\/\/www.pinterest.com.au\/plymouthbcc\/\"]}]}<\/script>\n<!-- \/ Yoast SEO plugin. -->","yoast_head_json":{"title":"Ansvarsfriskrivning | Plymouth Brethren Christian Church","description":"Visit the Ansvarsfriskrivning page on the website of the Plymouth Brethren Christian Church, a Christian fellowship based on the Holy Bible as the Word of God.","robots":{"index":"index","follow":"follow","max-snippet":"max-snippet:-1","max-image-preview":"max-image-preview:large","max-video-preview":"max-video-preview:-1"},"canonical":"https:\/\/www.plymouthbrethrenchristianchurch.org\/sv\/ansvarsfriskrivning\/","og_locale":"sv_SE","og_type":"article","og_title":"Ansvarsfriskrivning | Plymouth Brethren Christian Church","og_description":"Visit the Ansvarsfriskrivning page on the website of the Plymouth Brethren Christian Church, a Christian fellowship based on the Holy Bible as the Word of God.","og_url":"https:\/\/www.plymouthbrethrenchristianchurch.org\/sv\/ansvarsfriskrivning\/","og_site_name":"Plymouth Brethren Christian Church","article_publisher":"https:\/\/www.facebook.com\/PlymouthBrethrenChristianChurch","article_modified_time":"2025-06-17T15:09:38+00:00","twitter_card":"summary_large_image","schema":{"@context":"https:\/\/schema.org","@graph":[{"@type":"WebPage","@id":"https:\/\/www.plymouthbrethrenchristianchurch.org\/sv\/ansvarsfriskrivning\/","url":"https:\/\/www.plymouthbrethrenchristianchurch.org\/sv\/ansvarsfriskrivning\/","name":"Ansvarsfriskrivning | Plymouth Brethren Christian Church","isPartOf":{"@id":"https:\/\/www.plymouthbrethrenchristianchurch.org\/#website"},"datePublished":"2020-05-21T16:01:23+00:00","dateModified":"2025-06-17T15:09:38+00:00","description":"Visit the Ansvarsfriskrivning page on the website of the Plymouth Brethren Christian Church, a Christian fellowship based on the Holy Bible as the Word of God.","breadcrumb":{"@id":"https:\/\/www.plymouthbrethrenchristianchurch.org\/sv\/ansvarsfriskrivning\/#breadcrumb"},"inLanguage":"sv-SE","potentialAction":[{"@type":"ReadAction","target":["https:\/\/www.plymouthbrethrenchristianchurch.org\/sv\/ansvarsfriskrivning\/"]}]},{"@type":"BreadcrumbList","@id":"https:\/\/www.plymouthbrethrenchristianchurch.org\/sv\/ansvarsfriskrivning\/#breadcrumb","itemListElement":[{"@type":"ListItem","position":1,"name":"Home","item":"https:\/\/www.plymouthbrethrenchristianchurch.org\/sv\/hem\/"},{"@type":"ListItem","position":2,"name":"Ansvarsfriskrivning"}]},{"@type":"WebSite","@id":"https:\/\/www.plymouthbrethrenchristianchurch.org\/#website","url":"https:\/\/www.plymouthbrethrenchristianchurch.org\/","name":"Plymouth Brethren Christian Church","description":"","publisher":{"@id":"https:\/\/www.plymouthbrethrenchristianchurch.org\/#organization"},"potentialAction":[{"@type":"SearchAction","target":{"@type":"EntryPoint","urlTemplate":"https:\/\/www.plymouthbrethrenchristianchurch.org\/?s={search_term_string}"},"query-input":{"@type":"PropertyValueSpecification","valueRequired":true,"valueName":"search_term_string"}}],"inLanguage":"sv-SE"},{"@type":"Organization","@id":"https:\/\/www.plymouthbrethrenchristianchurch.org\/#organization","name":"Plymouth Brethren Christian Church","url":"https:\/\/www.plymouthbrethrenchristianchurch.org\/","logo":{"@type":"ImageObject","inLanguage":"sv-SE","@id":"https:\/\/www.plymouthbrethrenchristianchurch.org\/#\/schema\/logo\/image\/","url":"https:\/\/www.plymouthbrethrenchristianchurch.org\/wp-content\/uploads\/2020\/05\/site-logo.svg","contentUrl":"https:\/\/www.plymouthbrethrenchristianchurch.org\/wp-content\/uploads\/2020\/05\/site-logo.svg","caption":"Plymouth Brethren Christian Church"},"image":{"@id":"https:\/\/www.plymouthbrethrenchristianchurch.org\/#\/schema\/logo\/image\/"},"sameAs":["https:\/\/www.facebook.com\/PlymouthBrethrenChristianChurch","https:\/\/www.youtube.com\/channel\/UC76fGueDJBbLvhs988yTBXQ","https:\/\/www.pinterest.com.au\/plymouthbcc\/"]}]}},"_links":{"self":[{"href":"https:\/\/www.plymouthbrethrenchristianchurch.org\/sv\/wp-json\/wp\/v2\/pages\/2940"}],"collection":[{"href":"https:\/\/www.plymouthbrethrenchristianchurch.org\/sv\/wp-json\/wp\/v2\/pages"}],"about":[{"href":"https:\/\/www.plymouthbrethrenchristianchurch.org\/sv\/wp-json\/wp\/v2\/types\/page"}],"author":[{"embeddable":true,"href":"https:\/\/www.plymouthbrethrenchristianchurch.org\/sv\/wp-json\/wp\/v2\/users\/2"}],"replies":[{"embeddable":true,"href":"https:\/\/www.plymouthbrethrenchristianchurch.org\/sv\/wp-json\/wp\/v2\/comments?post=2940"}],"version-history":[{"count":2,"href":"https:\/\/www.plymouthbrethrenchristianchurch.org\/sv\/wp-json\/wp\/v2\/pages\/2940\/revisions"}],"predecessor-version":[{"id":8023,"href":"https:\/\/www.plymouthbrethrenchristianchurch.org\/sv\/wp-json\/wp\/v2\/pages\/2940\/revisions\/8023"}],"wp:attachment":[{"href":"https:\/\/www.plymouthbrethrenchristianchurch.org\/sv\/wp-json\/wp\/v2\/media?parent=2940"}],"curies":[{"name":"wp","href":"https:\/\/api.w.org\/{rel}","templated":true}]}}