{"id":2945,"date":"2020-05-22T01:42:21","date_gmt":"2020-05-21T15:42:21","guid":{"rendered":"https:\/\/www.plymouthbrethrenchristianchurch.org\/sekretesspolicy\/"},"modified":"2025-06-18T01:09:24","modified_gmt":"2025-06-17T15:09:24","slug":"sekretesspolicy","status":"publish","type":"page","link":"https:\/\/www.plymouthbrethrenchristianchurch.org\/sv\/sekretesspolicy\/","title":{"rendered":"Sekretesspolicy"},"content":{"rendered":"","protected":false},"excerpt":{"rendered":"","protected":false},"author":2,"featured_media":0,"parent":0,"menu_order":16,"comment_status":"closed","ping_status":"closed","template":"page-templates\/acf-flexible-content.php","meta":{"_acf_changed":false,"_relevanssi_hide_post":"","_relevanssi_hide_content":"","_relevanssi_pin_for_all":"","_relevanssi_pin_keywords":"","_relevanssi_unpin_keywords":"","_relevanssi_related_keywords":"","_relevanssi_related_include_ids":"","_relevanssi_related_exclude_ids":"","_relevanssi_related_no_append":"","_relevanssi_related_not_related":"","_relevanssi_related_posts":"","_relevanssi_noindex_reason":"","inline_featured_image":false,"footnotes":""},"class_list":["post-2945","page","type-page","status-publish","hentry"],"acf":{"post_page_video":"","content":[{"acf_fc_layout":"page_header_with_links","override_title":false,"custom_title":"Testa titel","intro_text":"<p>Plymouth Brothers Christian Church ACN 158 542 075 Sekretesspolicy<\/p>\n","enable_button":true,"button":{"button_text":"","button_url":"","open_in_new_tab":false,"button_class":""},"link_source":"menu","select_a_menu":{"value":"41","label":"Kontakta"},"menu_title":"L\u00e4nkar","custom_links":false,"header_styles":{"":null,"background_colour":"#515151","background_image":1851,"text_colour":"white"},"row_class":""},{"acf_fc_layout":"module_section","row":[{"column_gap":"6","column":[{"module":[{"acf_fc_layout":"rich_media_block","image":false,"header":{"":null,"title":"","heading_level":"h2","header_styles":{"":null,"background_colour":"","background_image":false,"text_colour":"orange"},"make_separator":false},"content":"<p><strong>Plymouth Brothers Christian Church ACN 158 542 075 (kallad PBCC, vi eller v\u00e5ra) har f\u00f6rbundit sig att skydda din personliga information i enlighet med de australiska sekretessprinciper som anges i Privacy Act 1988 (Cth).<\/strong><\/p>\n<p>Denna sekretesspolicy beskriver det s\u00e4tt p\u00e5 vilket PBCC samlar in, innehar och anv\u00e4nder Personlig information. Om du vill g\u00f6ra n\u00e5gra f\u00f6rfr\u00e5gningar ang\u00e5ende denna integritetspolicy b\u00f6r du kontakta PBCC:s Integritetsansvarige p\u00e5 n\u00e5got av de s\u00e4tt som anges i paragraf 9.1.<\/p>\n<p>PBCC kan, fr\u00e5n tid till annan, granska och uppdatera denna sekretesspolicy inklusive, f\u00f6r att ta h\u00e4nsyn till nya lagar, f\u00f6rordningar och teknik. All Personlig information som innehas av PBCC kommer att regleras av dess senaste integritetspolicy, utsas p\u00e5 v\u00e5r hemsida www.plymouthbrethrenchristianchurch.org V\u00e5r senaste integritetspolicy kommer att g\u00e4lla f\u00f6r v\u00e5r insamling, anv\u00e4ndning och utl\u00e4mnande av Personlig information.<\/p>\n<p><strong>1. Vad \u00e4r &#8221;Personlig information&#8221;<\/strong><\/p>\n<p>1.1 &#8221;Personlig information&#8221; \u00e4r n\u00e5gon information eller \u00e5sikt om en person, om den \u00e4r sann eller inte, fr\u00e5n vilken den personen kan identifieras.<\/p>\n<p><strong>2. N\u00e4r samlar vi in Personlig information?<\/strong><\/p>\n<p>2.1 PBCC samlar in Personlig information f\u00f6r att den ska kunna bedriva sina funktioner, tillhandah\u00e5lla tj\u00e4nster och marknadsf\u00f6ra sina produkter. PBCC kan samla in Personlig Information s\u00e5som ditt namn, kontaktuppgifter (inklusive personligt eller arbete) och yrke n\u00e4r du bes\u00f6ker v\u00e5r webbplats eller kontakta oss via telefon, faksimil, e-post, post eller fylla i kontaktformul\u00e4ret p\u00e5 v\u00e5r hemsida.<\/p>\n<p>2.2 PBCC kan \u00e4ven samla in Personlig information om dig via tredje part s\u00e5som aff\u00e4rspartners. PbCC kommer dock endast att samla in dina Personuppgifter p\u00e5 detta s\u00e4tt om det inte \u00e4r rimligt eller praktiskt m\u00f6jligt att samla in denna information direkt fr\u00e5n dig.<\/p>\n<p><strong>3. Information som samlas in via v\u00e5r webbplats<\/strong><\/p>\n<p>3.1 PBCC kommer inte att samla in n\u00e5gon Personlig Information om anv\u00e4ndare av v\u00e5r webbplats utom n\u00e4r de medvetet ger det eller som annars beskrivs nedan. Till exempel kommer PBCC samla in Personlig information fr\u00e5n anv\u00e4ndare av v\u00e5r webbplats n\u00e4r de kontaktar oss genom att fylla i f\u00f6rfr\u00e5gan formul\u00e4ret p\u00e5 v\u00e5r hemsida.<\/p>\n<p><strong>Klicka p\u00e5 Str\u00f6mma data<\/strong><\/p>\n<p>3.2 N\u00e4r du bes\u00f6ker och surfar p\u00e5 v\u00e5r webbplats kan PBCC:s webbplatsv\u00e4rd samla in Personlig information f\u00f6r statistik-, rapporterings- och underh\u00e5lls\u00e4ndam\u00e5l.<\/p>\n<p>3.3 Med f\u00f6rbeh\u00e5ll f\u00f6r paragraf 3.8 kommer den Personliga Information som samlats in av v\u00e5r webbplatsv\u00e4rd inte att anv\u00e4ndas f\u00f6r att identifiera dig. Informationen kan omfatta<\/p>\n<ul>\n<li>antalet anv\u00e4ndare som bes\u00f6ker v\u00e5r webbplats och antalet visade sidor;<\/li>\n<li>Datum, tid och varaktighet f\u00f6r ett bes\u00f6k.<\/li>\n<li>datorns IP-adress, Eller<\/li>\n<li>den v\u00e4g som tas via v\u00e5r webbplats.<\/li>\n<\/ul>\n<p>3.4 PBCC:s webbplatsv\u00e4rd anv\u00e4nder denna information f\u00f6r att administrera och f\u00f6rb\u00e4ttra v\u00e5r webbplats prestanda.<\/p>\n<p><strong>Cookies<\/strong><\/p>\n<p>3.5 Cookies \u00e4r sm\u00e5 textfiler som \u00f6verf\u00f6rs till en anv\u00e4ndares datorh\u00e5rdd enhet av en webbplats i syfte att lagra information om en anv\u00e4ndares identitet, webbl\u00e4sartyp eller webbplats bes\u00f6ksm\u00f6nster.<\/p>\n<p>3.6 Om du kommer in p\u00e5 v\u00e5r webbplats h\u00e4mtas en cookie p\u00e5 din dators h\u00e5rddisk n\u00e4r du f\u00f6rst loggar in p\u00e5 v\u00e5r webbplats.<\/p>\n<p>3.7 Du kan justera din internet-webbl\u00e4sare f\u00f6r att avaktivera cookies, dock kanske PBCC inte kan ge dig alla tj\u00e4nster eller den funktionalitet du beh\u00f6ver p\u00e5 v\u00e5r webbplats om du v\u00e4ljer att g\u00f6ra det.<\/p>\n<p><strong>Webb-Beacons<\/strong><\/p>\n<p>3.8 Webbfyrar \u00e4r bilder som h\u00e4rstammar fr\u00e5n en tredje parts webbplats f\u00f6r att sp\u00e5ra bes\u00f6karaktiviteter. PBCC anv\u00e4nder f\u00f6r n\u00e4rvarande inte webbfyrar f\u00f6r att sp\u00e5ra bes\u00f6ksm\u00f6nstren f\u00f6r individer som kommer \u00e5t v\u00e5r webbplats.<\/p>\n<p><strong>4. Hur PBCC anv\u00e4nder den Personliga Information som den samlar in om dig<\/strong><\/p>\n<p>4.1 PBCC anv\u00e4nder den Personliga Information som den samlar in om dig f\u00f6r v\u00e5ra funktioner och aktiviteter vilket kan omfatta f\u00f6ljande:<\/p>\n<ul>\n<li>att etablera och uppr\u00e4tth\u00e5lla ditt engagemang med PBCC;<\/li>\n<li>f\u00f6r att f\u00f6rse dig med information, produkter eller tj\u00e4nster som du har beg\u00e4rt;<\/li>\n<li>f\u00f6r att marknadsf\u00f6ra v\u00e5ra produkter och tj\u00e4nster till dig;<\/li>\n<li>att personanpassa och anpassa dina erfarenheter med v\u00e5r webbplats;<\/li>\n<li>att registrera dig f\u00f6r evenemang, konferenser eller kampanjer;<\/li>\n<li>f\u00f6r att hj\u00e4lpa PBCC att g\u00f6ra v\u00e5r hemsida, tj\u00e4nster och produkter mer v\u00e4rdefulla f\u00f6r v\u00e5ra medlemmar och samh\u00e4llet i stort;<\/li>\n<li>att kommunicera med dig;<\/li>\n<li>att f\u00f6rse dig med l\u00f6pande information om PBCC i vilken PBCC tror att du kan vara intresserad;<\/li>\n<li>att ge dig m\u00f6jlighet d\u00e5 och d\u00e5 att ta emot e-post och &#8217;e-nyhetsbrev&#8217; fr\u00e5n PBCC.<\/li>\n<\/ul>\n<p>4.2 PBCC kan samla in och anv\u00e4nda din Personliga Information f\u00f6r andra \u00e4ndam\u00e5l som inte anges ovan. Om vi g\u00f6r det kommer vi att g\u00f6ra det k\u00e4nt f\u00f6r dig vid den tidpunkt d\u00e5 vi samlar in och\/eller anv\u00e4nder din Personliga Information.<\/p>\n<p>4.3 PBCC kommer endast att samla in och anv\u00e4nda din Personliga Information i enlighet med denna integritetspolicy.<\/p>\n<p>4.4 Om du v\u00e4ljer att inte l\u00e4mna din Personliga information till PBCC f\u00f6r de syften som anges i denna sekretesspolicy, kan vi eventuellt inte f\u00f6rse dig med beg\u00e4rd information, produkter eller tj\u00e4nster.<\/p>\n<p><strong>5. Till vem vi l\u00e4mnar ut dina Personuppgifter<\/strong><\/p>\n<p>5.1 Beroende p\u00e5 arten av ditt engagemang med PBCC kan vi l\u00e4mna ut dina Personuppgifter till n\u00e4rst\u00e5ende enheter av PBCC, tredje parter som tillhandah\u00e5ller produkter och tj\u00e4nster till PBCC eller direkt till dig (p\u00e5 din beg\u00e4ran), uppfyllelsehus, distribut\u00f6rer och andra tredje parter s\u00e5som din(a) domare(er).<\/p>\n<p>5.2 PBCC kan ocks\u00e5 l\u00e4mna ut dina Personuppgifter till v\u00e5r webbplats v\u00e4rd eller programvara applikationsleverant\u00f6rer under vissa begr\u00e4nsade omst\u00e4ndigheter, till exempel n\u00e4r v\u00e5r webbplats upplever ett tekniskt problem eller f\u00f6r att s\u00e4kerst\u00e4lla att den fungerar p\u00e5 ett effektivt och s\u00e4kert s\u00e4tt.<\/p>\n<p>5.3 PBCC kan l\u00e4mna ut dina Personuppgifter till enheter som finns i fr\u00e4mmande l\u00e4nder enbart f\u00f6r de syften som anges i denna integritetspolicy. PBCC kan l\u00e4mna ut dina Personuppgifter till organisationer som befinner sig i fr\u00e4mmande l\u00e4nder enbart f\u00f6r de syften som anges i denna integritetspolicy under f\u00f6ruts\u00e4ttning att s\u00e5dant utl\u00e4mnande \u00e4r till\u00e5tet enligt de australiska sekretessprinciperna. De australiska sekretessprinciperna till\u00e5ter utl\u00e4mnande till en person i ett fr\u00e4mmande land d\u00e4r PBCC rimligen anser att mottagaren av informationen omfattas av ett lag bindande system eller avtal som effektivt uppr\u00e4tth\u00e5ller principer f\u00f6r r\u00e4ttvis hantering av den information som i allt v\u00e4sentligt liknar den australiska sekretessprinciper. De fr\u00e4mmande l\u00e4nder d\u00e4r information kan l\u00e4mnas ut kommer sannolikt att vara Nya Zeeland, USA, Storbritannien, Kanada, Argentina och Karibien.<\/p>\n<p><strong>6. Marknadsf\u00f6ring<\/strong><\/p>\n<p>6.1 PBCC kan anv\u00e4nda din Personliga Information f\u00f6r att ge dig reklammaterial om PBCC eller de tj\u00e4nster och produkter som erbjuds av PBCC. Om du inte vill ta emot reklaminformation kan du kontakta v\u00e5r Integritetsansvarig p\u00e5 n\u00e5got av de s\u00e4tt som anges i paragraf 9.1, s\u00e5 att ditt namn kan tas bort fr\u00e5n v\u00e5ra kontaktlistor.<\/p>\n<p>6.2 Om inget annat anges i denna integritetspolicy kommer PBCC eller PBCC:s webbplatsv\u00e4rd inte att avsl\u00f6ja n\u00e5gon av dina Personuppgifter till n\u00e5gon annan organisation om inte utl\u00e4mnandet kr\u00e4vs enligt lag eller p\u00e5 annat s\u00e4tt till\u00e5ts enligt de australiska sekretessprinciperna.<\/p>\n<p><strong>7. Ta reda p\u00e5 vad Personlig Information PBCC har om dig<\/strong><\/p>\n<p>7.1 Du har r\u00e4tt att f\u00e5 tillg\u00e5ng till Personlig information som PBCC har om dig. Om du beg\u00e4r \u00e5tkomst till din Personliga Information kommer vi att bevilja din beg\u00e4ran s\u00e5vida inte ge dig tillg\u00e5ng skulle orimligt p\u00e5verka andras integritet eller inte p\u00e5 annat s\u00e4tt till\u00e5ts enligt de australiska sekretessprinciperna. Om PBCC v\u00e4grar din beg\u00e4ran om att f\u00e5 tillg\u00e5ng till din Personliga Information, kommer den att ge dig sk\u00e4l f\u00f6r avslaget.<\/p>\n<p>7.2 En beg\u00e4ran om \u00e5tkomst kan g\u00f6ras genom att kontakta PBCC:s Integritetsansvarig p\u00e5 n\u00e5got av de s\u00e4tt som anges i paragraf 9.1.<\/p>\n<p><strong>8. Uppdatering, lagring och s\u00e4kerhet av Personlig information som innehas av PBCC<\/strong><\/p>\n<p>8.1 PBCC syftar till att h\u00e5lla din Personliga Information s\u00e4ker och uppdaterad. All Personlig Information som samlas in via v\u00e5r webbplats eller som h\u00e5lls p\u00e5 PBCC:s datorsystem skyddas av skyddsmekanismer inklusive fysiska, tekniska (t.ex. brandv\u00e4ggar, SSL-krypteringar f\u00f6r data\u00f6verf\u00f6ring etc) och procedurmetoder.<\/p>\n<p>8.2 Personlig information som innehas av PBCC i papperskopia lagras s\u00e4kert i dess lokaler och l\u00e4mnas endast ut eller anv\u00e4nds f\u00f6r de \u00e4ndam\u00e5l som beskrivs i denna sekretesspolicy.<\/p>\n<p>8.3 Du kan n\u00e4r som helst uppdatera din kontakt och Personliga information genom att kontakta v\u00e5r Integritetsansvarig p\u00e5 n\u00e5got av de s\u00e4tt som anges i paragraf 9.1. Om vi uppt\u00e4cker att vi inte har n\u00e5got ytterligare behov av din Personliga Information vi kommer att ta bort den fr\u00e5n v\u00e5rt system och f\u00f6rst\u00f6ra alla register \u00f6ver det. PBCC v\u00e4lkomnar alla \u00e4ndringar i dina uppgifter f\u00f6r att h\u00e5lla v\u00e5ra register uppdaterade.<\/p>\n<p><strong>9. Vad g\u00f6r du om du har en fr\u00e5ga, ett problem eller klagom\u00e5l om v\u00e5r anv\u00e4ndning av din Personliga Information<\/strong><\/p>\n<p>9.1 Om du upplever att din integritet inte har respekterats eller att PBCC har f\u00f6rt sig sj\u00e4lv inkonsekvent med denna integritetspolicy n\u00e4r det g\u00e4ller din Personliga Information, eller f\u00f6r andra fr\u00e5gor eller kommunikation i relation till denna integritetspolicy, <a href=\"https:\/\/www.plymouthbrethrenchristianchurch.org\/contact\/\">v\u00e4nligen kontakta oss<\/a>.<\/p>\n","enable_button":true,"button":{"button_text":"","button_url":"","open_in_new_tab":false,"button_class":""},"class":""}],"columns_sm":"8","columns_md":"none","columns_lg":"8"},{"module":false,"columns_sm":"4","columns_md":"none","columns_lg":"4"}],"row_class":"","module_padding":{"":null,"padding_top_xs":"","padding_bottom_xs":"","padding_left_xs":"","padding_right_xs":"","padding_top_md":"","padding_bottom_md":"","padding_left_md":"","padding_right_md":"","padding_top_lg":"","padding_bottom_lg":"","padding_left_lg":"","padding_right_lg":""},"module_margin":{"":null,"margin_top_xs":"","margin_bottom_xs":"","margin_left_xs":"","margin_right_xs":"","margin_top_md":"","margin_bottom_md":"","margin_left_md":"","margin_right_md":"","margin_top_lg":"","margin_bottom_lg":"","margin_left_lg":"","margin_right_lg":""}}],"section_heading":"","section_class":"","module_padding":{"":null,"padding_top_xs":"","padding_bottom_xs":"","padding_left_xs":"","padding_right_xs":"","padding_top_md":"","padding_bottom_md":"","padding_left_md":"","padding_right_md":"","padding_top_lg":"","padding_bottom_lg":"","padding_left_lg":"","padding_right_lg":""},"module_margin":{"":null,"margin_top_xs":"","margin_bottom_xs":"","margin_left_xs":"","margin_right_xs":"","margin_top_md":"","margin_bottom_md":"","margin_left_md":"","margin_right_md":"","margin_top_lg":"","margin_bottom_lg":"","margin_left_lg":"","margin_right_lg":""}}]},"yoast_head":"<!-- This site is optimized with the Yoast SEO plugin v25.2 - https:\/\/yoast.com\/wordpress\/plugins\/seo\/ -->\n<title>Sekretesspolicy | Plymouth Brethren Christian Church<\/title>\n<meta name=\"description\" content=\"Visit the Sekretesspolicy page on the website of the Plymouth Brethren Christian Church, a Christian fellowship based on the Holy Bible as the Word of God.\" \/>\n<meta name=\"robots\" content=\"index, follow, max-snippet:-1, max-image-preview:large, max-video-preview:-1\" \/>\n<link rel=\"canonical\" href=\"https:\/\/www.plymouthbrethrenchristianchurch.org\/sv\/sekretesspolicy\/\" \/>\n<meta property=\"og:locale\" content=\"sv_SE\" \/>\n<meta property=\"og:type\" content=\"article\" \/>\n<meta property=\"og:title\" content=\"Sekretesspolicy | Plymouth Brethren Christian Church\" \/>\n<meta property=\"og:description\" content=\"Visit the Sekretesspolicy page on the website of the Plymouth Brethren Christian Church, a Christian fellowship based on the Holy Bible as the Word of God.\" \/>\n<meta property=\"og:url\" content=\"https:\/\/www.plymouthbrethrenchristianchurch.org\/sv\/sekretesspolicy\/\" \/>\n<meta property=\"og:site_name\" content=\"Plymouth Brethren Christian Church\" \/>\n<meta property=\"article:publisher\" content=\"https:\/\/www.facebook.com\/PlymouthBrethrenChristianChurch\" \/>\n<meta property=\"article:modified_time\" content=\"2025-06-17T15:09:24+00:00\" \/>\n<meta name=\"twitter:card\" content=\"summary_large_image\" \/>\n<script type=\"application\/ld+json\" class=\"yoast-schema-graph\">{\"@context\":\"https:\/\/schema.org\",\"@graph\":[{\"@type\":\"WebPage\",\"@id\":\"https:\/\/www.plymouthbrethrenchristianchurch.org\/sv\/sekretesspolicy\/\",\"url\":\"https:\/\/www.plymouthbrethrenchristianchurch.org\/sv\/sekretesspolicy\/\",\"name\":\"Sekretesspolicy | Plymouth Brethren Christian Church\",\"isPartOf\":{\"@id\":\"https:\/\/www.plymouthbrethrenchristianchurch.org\/#website\"},\"datePublished\":\"2020-05-21T15:42:21+00:00\",\"dateModified\":\"2025-06-17T15:09:24+00:00\",\"description\":\"Visit the Sekretesspolicy page on the website of the Plymouth Brethren Christian Church, a Christian fellowship based on the Holy Bible as the Word of God.\",\"breadcrumb\":{\"@id\":\"https:\/\/www.plymouthbrethrenchristianchurch.org\/sv\/sekretesspolicy\/#breadcrumb\"},\"inLanguage\":\"sv-SE\",\"potentialAction\":[{\"@type\":\"ReadAction\",\"target\":[\"https:\/\/www.plymouthbrethrenchristianchurch.org\/sv\/sekretesspolicy\/\"]}]},{\"@type\":\"BreadcrumbList\",\"@id\":\"https:\/\/www.plymouthbrethrenchristianchurch.org\/sv\/sekretesspolicy\/#breadcrumb\",\"itemListElement\":[{\"@type\":\"ListItem\",\"position\":1,\"name\":\"Home\",\"item\":\"https:\/\/www.plymouthbrethrenchristianchurch.org\/sv\/hem\/\"},{\"@type\":\"ListItem\",\"position\":2,\"name\":\"Sekretesspolicy\"}]},{\"@type\":\"WebSite\",\"@id\":\"https:\/\/www.plymouthbrethrenchristianchurch.org\/#website\",\"url\":\"https:\/\/www.plymouthbrethrenchristianchurch.org\/\",\"name\":\"Plymouth Brethren Christian Church\",\"description\":\"\",\"publisher\":{\"@id\":\"https:\/\/www.plymouthbrethrenchristianchurch.org\/#organization\"},\"potentialAction\":[{\"@type\":\"SearchAction\",\"target\":{\"@type\":\"EntryPoint\",\"urlTemplate\":\"https:\/\/www.plymouthbrethrenchristianchurch.org\/?s={search_term_string}\"},\"query-input\":{\"@type\":\"PropertyValueSpecification\",\"valueRequired\":true,\"valueName\":\"search_term_string\"}}],\"inLanguage\":\"sv-SE\"},{\"@type\":\"Organization\",\"@id\":\"https:\/\/www.plymouthbrethrenchristianchurch.org\/#organization\",\"name\":\"Plymouth Brethren Christian Church\",\"url\":\"https:\/\/www.plymouthbrethrenchristianchurch.org\/\",\"logo\":{\"@type\":\"ImageObject\",\"inLanguage\":\"sv-SE\",\"@id\":\"https:\/\/www.plymouthbrethrenchristianchurch.org\/#\/schema\/logo\/image\/\",\"url\":\"https:\/\/www.plymouthbrethrenchristianchurch.org\/wp-content\/uploads\/2020\/05\/site-logo.svg\",\"contentUrl\":\"https:\/\/www.plymouthbrethrenchristianchurch.org\/wp-content\/uploads\/2020\/05\/site-logo.svg\",\"caption\":\"Plymouth Brethren Christian Church\"},\"image\":{\"@id\":\"https:\/\/www.plymouthbrethrenchristianchurch.org\/#\/schema\/logo\/image\/\"},\"sameAs\":[\"https:\/\/www.facebook.com\/PlymouthBrethrenChristianChurch\",\"https:\/\/www.youtube.com\/channel\/UC76fGueDJBbLvhs988yTBXQ\",\"https:\/\/www.pinterest.com.au\/plymouthbcc\/\"]}]}<\/script>\n<!-- \/ Yoast SEO plugin. -->","yoast_head_json":{"title":"Sekretesspolicy | Plymouth Brethren Christian Church","description":"Visit the Sekretesspolicy page on the website of the Plymouth Brethren Christian Church, a Christian fellowship based on the Holy Bible as the Word of God.","robots":{"index":"index","follow":"follow","max-snippet":"max-snippet:-1","max-image-preview":"max-image-preview:large","max-video-preview":"max-video-preview:-1"},"canonical":"https:\/\/www.plymouthbrethrenchristianchurch.org\/sv\/sekretesspolicy\/","og_locale":"sv_SE","og_type":"article","og_title":"Sekretesspolicy | Plymouth Brethren Christian Church","og_description":"Visit the Sekretesspolicy page on the website of the Plymouth Brethren Christian Church, a Christian fellowship based on the Holy Bible as the Word of God.","og_url":"https:\/\/www.plymouthbrethrenchristianchurch.org\/sv\/sekretesspolicy\/","og_site_name":"Plymouth Brethren Christian Church","article_publisher":"https:\/\/www.facebook.com\/PlymouthBrethrenChristianChurch","article_modified_time":"2025-06-17T15:09:24+00:00","twitter_card":"summary_large_image","schema":{"@context":"https:\/\/schema.org","@graph":[{"@type":"WebPage","@id":"https:\/\/www.plymouthbrethrenchristianchurch.org\/sv\/sekretesspolicy\/","url":"https:\/\/www.plymouthbrethrenchristianchurch.org\/sv\/sekretesspolicy\/","name":"Sekretesspolicy | Plymouth Brethren Christian Church","isPartOf":{"@id":"https:\/\/www.plymouthbrethrenchristianchurch.org\/#website"},"datePublished":"2020-05-21T15:42:21+00:00","dateModified":"2025-06-17T15:09:24+00:00","description":"Visit the Sekretesspolicy page on the website of the Plymouth Brethren Christian Church, a Christian fellowship based on the Holy Bible as the Word of God.","breadcrumb":{"@id":"https:\/\/www.plymouthbrethrenchristianchurch.org\/sv\/sekretesspolicy\/#breadcrumb"},"inLanguage":"sv-SE","potentialAction":[{"@type":"ReadAction","target":["https:\/\/www.plymouthbrethrenchristianchurch.org\/sv\/sekretesspolicy\/"]}]},{"@type":"BreadcrumbList","@id":"https:\/\/www.plymouthbrethrenchristianchurch.org\/sv\/sekretesspolicy\/#breadcrumb","itemListElement":[{"@type":"ListItem","position":1,"name":"Home","item":"https:\/\/www.plymouthbrethrenchristianchurch.org\/sv\/hem\/"},{"@type":"ListItem","position":2,"name":"Sekretesspolicy"}]},{"@type":"WebSite","@id":"https:\/\/www.plymouthbrethrenchristianchurch.org\/#website","url":"https:\/\/www.plymouthbrethrenchristianchurch.org\/","name":"Plymouth Brethren Christian Church","description":"","publisher":{"@id":"https:\/\/www.plymouthbrethrenchristianchurch.org\/#organization"},"potentialAction":[{"@type":"SearchAction","target":{"@type":"EntryPoint","urlTemplate":"https:\/\/www.plymouthbrethrenchristianchurch.org\/?s={search_term_string}"},"query-input":{"@type":"PropertyValueSpecification","valueRequired":true,"valueName":"search_term_string"}}],"inLanguage":"sv-SE"},{"@type":"Organization","@id":"https:\/\/www.plymouthbrethrenchristianchurch.org\/#organization","name":"Plymouth Brethren Christian Church","url":"https:\/\/www.plymouthbrethrenchristianchurch.org\/","logo":{"@type":"ImageObject","inLanguage":"sv-SE","@id":"https:\/\/www.plymouthbrethrenchristianchurch.org\/#\/schema\/logo\/image\/","url":"https:\/\/www.plymouthbrethrenchristianchurch.org\/wp-content\/uploads\/2020\/05\/site-logo.svg","contentUrl":"https:\/\/www.plymouthbrethrenchristianchurch.org\/wp-content\/uploads\/2020\/05\/site-logo.svg","caption":"Plymouth Brethren Christian Church"},"image":{"@id":"https:\/\/www.plymouthbrethrenchristianchurch.org\/#\/schema\/logo\/image\/"},"sameAs":["https:\/\/www.facebook.com\/PlymouthBrethrenChristianChurch","https:\/\/www.youtube.com\/channel\/UC76fGueDJBbLvhs988yTBXQ","https:\/\/www.pinterest.com.au\/plymouthbcc\/"]}]}},"_links":{"self":[{"href":"https:\/\/www.plymouthbrethrenchristianchurch.org\/sv\/wp-json\/wp\/v2\/pages\/2945"}],"collection":[{"href":"https:\/\/www.plymouthbrethrenchristianchurch.org\/sv\/wp-json\/wp\/v2\/pages"}],"about":[{"href":"https:\/\/www.plymouthbrethrenchristianchurch.org\/sv\/wp-json\/wp\/v2\/types\/page"}],"author":[{"embeddable":true,"href":"https:\/\/www.plymouthbrethrenchristianchurch.org\/sv\/wp-json\/wp\/v2\/users\/2"}],"replies":[{"embeddable":true,"href":"https:\/\/www.plymouthbrethrenchristianchurch.org\/sv\/wp-json\/wp\/v2\/comments?post=2945"}],"version-history":[{"count":2,"href":"https:\/\/www.plymouthbrethrenchristianchurch.org\/sv\/wp-json\/wp\/v2\/pages\/2945\/revisions"}],"predecessor-version":[{"id":8011,"href":"https:\/\/www.plymouthbrethrenchristianchurch.org\/sv\/wp-json\/wp\/v2\/pages\/2945\/revisions\/8011"}],"wp:attachment":[{"href":"https:\/\/www.plymouthbrethrenchristianchurch.org\/sv\/wp-json\/wp\/v2\/media?parent=2945"}],"curies":[{"name":"wp","href":"https:\/\/api.w.org\/{rel}","templated":true}]}}