{"id":2946,"date":"2020-05-22T01:51:23","date_gmt":"2020-05-21T15:51:23","guid":{"rendered":"https:\/\/www.plymouthbrethrenchristianchurch.org\/cookies-policy\/"},"modified":"2025-06-18T01:09:27","modified_gmt":"2025-06-17T15:09:27","slug":"cookies-policy","status":"publish","type":"page","link":"https:\/\/www.plymouthbrethrenchristianchurch.org\/sv\/cookies-policy\/","title":{"rendered":"Cookies Policy"},"content":{"rendered":"","protected":false},"excerpt":{"rendered":"","protected":false},"author":2,"featured_media":0,"parent":0,"menu_order":18,"comment_status":"closed","ping_status":"closed","template":"page-templates\/acf-flexible-content.php","meta":{"_acf_changed":false,"_relevanssi_hide_post":"","_relevanssi_hide_content":"","_relevanssi_pin_for_all":"","_relevanssi_pin_keywords":"","_relevanssi_unpin_keywords":"","_relevanssi_related_keywords":"","_relevanssi_related_include_ids":"","_relevanssi_related_exclude_ids":"","_relevanssi_related_no_append":"","_relevanssi_related_not_related":"","_relevanssi_related_posts":"","_relevanssi_noindex_reason":"","inline_featured_image":false,"footnotes":""},"class_list":["post-2946","page","type-page","status-publish","hentry"],"acf":{"post_page_video":"","content":[{"acf_fc_layout":"page_header_with_links","override_title":false,"custom_title":"Testa titel","intro_text":"<p>Plymouth Br\u00f6der Kristna kyrkan ACN 158 542 075 Cookies Policy<\/p>\n","enable_button":true,"button":{"button_text":"","button_url":"","open_in_new_tab":false,"button_class":""},"link_source":"menu","select_a_menu":{"value":"41","label":"Kontakta"},"menu_title":"L\u00e4nkar","custom_links":false,"header_styles":{"":null,"background_colour":"#515151","background_image":1851,"text_colour":"white"},"row_class":""},{"acf_fc_layout":"module_section","row":[{"column_gap":"6","column":[{"module":[{"acf_fc_layout":"rich_media_block","image":false,"header":{"":null,"title":"","heading_level":"h2","header_styles":{"":null,"background_colour":"","background_image":false,"text_colour":"orange"},"make_separator":false},"content":"<p><strong>I likhet med andra webbplatser anv\u00e4nder v\u00e5r webbplats www.plymouthbrethrenchristianchurch.org (&#8221;Webbplatsen&#8221;) en teknik som kallas &#8221;cookies&#8221; och webbserverloggar f\u00f6r att samla in information om hur v\u00e5r Webbplats anv\u00e4nds.<\/strong><\/p>\n<p>Denna policy (&#8221;Cookies-policy&#8221;), och v\u00e5ra separata anv\u00e4ndarvillkor och v\u00e5r sekretesspolicy, utg\u00f6r v\u00e5r webbplats &#8221;Villkor&#8221;.<\/p>\n<p><strong>Cookies<\/strong><\/p>\n<p>1. En cookie \u00e4r ett mycket litet textdokument, som ofta inneh\u00e5ller en anonym unik identifierare. N\u00e4r du bes\u00f6ker en webbplats ber den webbplatsens dator din dator om tillst\u00e5nd att lagra den h\u00e4r filen i en del av din h\u00e5rddisk som \u00e4r s\u00e4rskilt avsedd f\u00f6r cookies.<\/p>\n<p>2. Information som samlats in via cookies och webbserverloggar kan inkludera datum och tid f\u00f6r bes\u00f6k, de sidor som visats, tid som spenderas p\u00e5 v\u00e5r webbplats, och de bes\u00f6kta webbplatserna strax f\u00f6re och strax efter v\u00e5r Webbplats.<\/p>\n<p>3. F\u00f6r ytterligare detaljer om cookies bes\u00f6k www.allaboutcookies.org d\u00e4r du kan hitta omfattande information om cookie-begr\u00e4nsning och blockering f\u00f6r en stor m\u00e4ngd olika webbl\u00e4sare.<\/p>\n<p><strong>S\u00e5 anv\u00e4nder vi Cookies<\/strong><\/p>\n<p>1.Vi anv\u00e4nder b\u00e5de f\u00f6rsta parts och tredje part cookies. Det vill s\u00e4ga, b\u00e5de vi och tredje part f\u00f6retag (till exempel Google) som cookies via denna Webbplats.<\/p>\n<p>2. Vi anv\u00e4nder &#8221;analytiska&#8221; cookies som i samband med v\u00e5r webbservers loggfiler g\u00f6r det m\u00f6jligt f\u00f6r oss att ber\u00e4kna det sammanlagda antalet personer som bes\u00f6ker v\u00e5r Webbplats och vilka delar av Webbplatsen som \u00e4r mest popul\u00e4ra. Detta hj\u00e4lper oss att samla in feedback s\u00e5 att vi kan f\u00f6rb\u00e4ttra v\u00e5r Webbplats och b\u00e4ttre betj\u00e4na v\u00e5ra anv\u00e4ndare och klienter.<\/p>\n<p>3. Vi lagrar i allm\u00e4nhet inte n\u00e5gon personlig information som samlas in via v\u00e5ra cookies.<\/p>\n<p>4. En fullst\u00e4ndig lista \u00f6ver v\u00e5ra cookies hittar du nedan.<\/p>\n<p>Genom att anv\u00e4nda v\u00e5r Webbplats anses du samtycka till v\u00e5r anv\u00e4ndning av de cookies som beskrivs ovan.<\/p>\n<p><strong>V\u00e4grar Cookies<\/strong><\/p>\n<p>1. Du kan blockera cookies genom att aktivera inst\u00e4llningen p\u00e5 din webbl\u00e4sare vilket g\u00f6r att du kan v\u00e4gra inst\u00e4llningen av alla eller n\u00e5gra cookies (se nedan f\u00f6r ytterligare detaljer). Observera att om du anv\u00e4nder dina webbl\u00e4sarinst\u00e4llningar f\u00f6r att blockera alla cookies (inklusive viktiga cookies) kan du inte komma \u00e5t hela eller delar av v\u00e5r webbplats.<\/p>\n<p>2. Du kan ocks\u00e5 n\u00e4r som helst radera cookies genom att g\u00e5 till surfningsinst\u00e4llningarna p\u00e5 din webbl\u00e4sare.<\/p>\n<p>3. F\u00f6r detaljer om hur du justerar dina cookie-inst\u00e4llningar i f\u00f6ljande webbl\u00e4sare, bes\u00f6k relevant l\u00e4nk:<\/p>\n<ul>\n<li><a href=\"https:\/\/support.google.com\/chrome\/answer\/95647?hl=en\">Google Chrome<\/a><\/li>\n<li><a href=\"https:\/\/support.microsoft.com\/en-au\/help\/4468242\/microsoft-edge-browsing-data-and-privacy\">Microsoft Edge<\/a><\/li>\n<li><a href=\"https:\/\/support.mozilla.org\/en-US\/kb\/cookies-information-websites-store-on-your-computer?redirectlocale=en-US&#038;redirectslug=Cookies\">Firefox<\/a><\/li>\n<li><a href=\"https:\/\/support.apple.com\/en-au\/guide\/safari\/sfri11471\/mac\">Safari<\/a><\/li>\n<li><a href=\"https:\/\/support.microsoft.com\/en-us\/help\/17442\/windows-internet-explorer-delete-manage-cookies\">Internet Explorer<\/a> (observera Microsoft rekommenderar att du uppgraderar Internet Explorer till sin nya webbl\u00e4sare, Microsoft Edge)<\/li>\n<\/ul>\n<p><strong>V\u00e5ra Cookies<\/strong><\/p>\n<p>H\u00e4r \u00e4r en lista \u00f6ver de cookies vi anv\u00e4nder, deras syfte och hur l\u00e4nge de kommer att finnas kvar p\u00e5 din dator (om du inte aktivt tar bort dem tidigare).<\/p>\n<ul>\n<li>Namn p\u00e5 Cookie<\/li>\n<li>Syfte \u2013 varf\u00f6r vi eller tredje part s\u00e4tter cookien och vad vi g\u00f6r med informationen som samlas in<\/li>\n<li>Varaktighet \u2013 Hur l\u00e4nge cookien\/cookien lagras p\u00e5 din dator<\/li>\n<\/ul>\n<p>1. Google Analytics<\/p>\n<p>Google Analytics-cookies anv\u00e4nds f\u00f6r att skilja en anv\u00e4ndare fr\u00e5n en annan och f\u00f6r att skicka information fr\u00e5n sida till sida under en enskild anv\u00e4ndares webbplatssession. Google Analytics-sp\u00e5rning (och de flesta webbsp\u00e5rningsprogram) anv\u00e4nder cookies f\u00f6r att kunna tillhandah\u00e5lla meningsfulla rapporter om v\u00e5ra webbplatsbes\u00f6kare. Google Analytics-cookies samlar dock inte in personuppgifter om v\u00e5ra webbplatsbes\u00f6kare.<\/p>\n<p>Session cookies har en 30 minuter utg\u00e5ngstid intervall. Men cookies som anv\u00e4nds f\u00f6r att best\u00e4mma unika bes\u00f6kare p\u00e5 v\u00e5r webbplats l\u00f6per ut 2 \u00e5r fr\u00e5n set \/ update<\/p>\n","enable_button":true,"button":{"button_text":"","button_url":"","open_in_new_tab":false,"button_class":""},"class":""}],"columns_sm":"8","columns_md":"none","columns_lg":"8"},{"module":false,"columns_sm":"4","columns_md":"none","columns_lg":"4"}],"row_class":"","module_padding":{"":null,"padding_top_xs":"","padding_bottom_xs":"","padding_left_xs":"","padding_right_xs":"","padding_top_md":"","padding_bottom_md":"","padding_left_md":"","padding_right_md":"","padding_top_lg":"","padding_bottom_lg":"","padding_left_lg":"","padding_right_lg":""},"module_margin":{"":null,"margin_top_xs":"","margin_bottom_xs":"","margin_left_xs":"","margin_right_xs":"","margin_top_md":"","margin_bottom_md":"","margin_left_md":"","margin_right_md":"","margin_top_lg":"","margin_bottom_lg":"","margin_left_lg":"","margin_right_lg":""}}],"section_heading":"","section_class":"","module_padding":{"":null,"padding_top_xs":"","padding_bottom_xs":"","padding_left_xs":"","padding_right_xs":"","padding_top_md":"","padding_bottom_md":"","padding_left_md":"","padding_right_md":"","padding_top_lg":"","padding_bottom_lg":"","padding_left_lg":"","padding_right_lg":""},"module_margin":{"":null,"margin_top_xs":"","margin_bottom_xs":"","margin_left_xs":"","margin_right_xs":"","margin_top_md":"","margin_bottom_md":"","margin_left_md":"","margin_right_md":"","margin_top_lg":"","margin_bottom_lg":"","margin_left_lg":"","margin_right_lg":""}}]},"yoast_head":"<!-- This site is optimized with the Yoast SEO plugin v25.2 - https:\/\/yoast.com\/wordpress\/plugins\/seo\/ -->\n<title>Cookies Policy | Plymouth Brethren Christian Church<\/title>\n<meta name=\"description\" content=\"Visit the Cookies Policy page on the website of the Plymouth Brethren Christian Church, a Christian fellowship based on the Holy Bible as the Word of God.\" \/>\n<meta name=\"robots\" content=\"index, follow, max-snippet:-1, max-image-preview:large, max-video-preview:-1\" \/>\n<link rel=\"canonical\" href=\"https:\/\/www.plymouthbrethrenchristianchurch.org\/sv\/cookies-policy\/\" \/>\n<meta property=\"og:locale\" content=\"sv_SE\" \/>\n<meta property=\"og:type\" content=\"article\" \/>\n<meta property=\"og:title\" content=\"Cookies Policy | Plymouth Brethren Christian Church\" \/>\n<meta property=\"og:description\" content=\"Visit the Cookies Policy page on the website of the Plymouth Brethren Christian Church, a Christian fellowship based on the Holy Bible as the Word of God.\" \/>\n<meta property=\"og:url\" content=\"https:\/\/www.plymouthbrethrenchristianchurch.org\/sv\/cookies-policy\/\" \/>\n<meta property=\"og:site_name\" content=\"Plymouth Brethren Christian Church\" \/>\n<meta property=\"article:publisher\" content=\"https:\/\/www.facebook.com\/PlymouthBrethrenChristianChurch\" \/>\n<meta property=\"article:modified_time\" content=\"2025-06-17T15:09:27+00:00\" \/>\n<meta name=\"twitter:card\" content=\"summary_large_image\" \/>\n<script type=\"application\/ld+json\" class=\"yoast-schema-graph\">{\"@context\":\"https:\/\/schema.org\",\"@graph\":[{\"@type\":\"WebPage\",\"@id\":\"https:\/\/www.plymouthbrethrenchristianchurch.org\/sv\/cookies-policy\/\",\"url\":\"https:\/\/www.plymouthbrethrenchristianchurch.org\/sv\/cookies-policy\/\",\"name\":\"Cookies Policy | Plymouth Brethren Christian Church\",\"isPartOf\":{\"@id\":\"https:\/\/www.plymouthbrethrenchristianchurch.org\/#website\"},\"datePublished\":\"2020-05-21T15:51:23+00:00\",\"dateModified\":\"2025-06-17T15:09:27+00:00\",\"description\":\"Visit the Cookies Policy page on the website of the Plymouth Brethren Christian Church, a Christian fellowship based on the Holy Bible as the Word of God.\",\"breadcrumb\":{\"@id\":\"https:\/\/www.plymouthbrethrenchristianchurch.org\/sv\/cookies-policy\/#breadcrumb\"},\"inLanguage\":\"sv-SE\",\"potentialAction\":[{\"@type\":\"ReadAction\",\"target\":[\"https:\/\/www.plymouthbrethrenchristianchurch.org\/sv\/cookies-policy\/\"]}]},{\"@type\":\"BreadcrumbList\",\"@id\":\"https:\/\/www.plymouthbrethrenchristianchurch.org\/sv\/cookies-policy\/#breadcrumb\",\"itemListElement\":[{\"@type\":\"ListItem\",\"position\":1,\"name\":\"Home\",\"item\":\"https:\/\/www.plymouthbrethrenchristianchurch.org\/sv\/hem\/\"},{\"@type\":\"ListItem\",\"position\":2,\"name\":\"Cookies Policy\"}]},{\"@type\":\"WebSite\",\"@id\":\"https:\/\/www.plymouthbrethrenchristianchurch.org\/#website\",\"url\":\"https:\/\/www.plymouthbrethrenchristianchurch.org\/\",\"name\":\"Plymouth Brethren Christian Church\",\"description\":\"\",\"publisher\":{\"@id\":\"https:\/\/www.plymouthbrethrenchristianchurch.org\/#organization\"},\"potentialAction\":[{\"@type\":\"SearchAction\",\"target\":{\"@type\":\"EntryPoint\",\"urlTemplate\":\"https:\/\/www.plymouthbrethrenchristianchurch.org\/?s={search_term_string}\"},\"query-input\":{\"@type\":\"PropertyValueSpecification\",\"valueRequired\":true,\"valueName\":\"search_term_string\"}}],\"inLanguage\":\"sv-SE\"},{\"@type\":\"Organization\",\"@id\":\"https:\/\/www.plymouthbrethrenchristianchurch.org\/#organization\",\"name\":\"Plymouth Brethren Christian Church\",\"url\":\"https:\/\/www.plymouthbrethrenchristianchurch.org\/\",\"logo\":{\"@type\":\"ImageObject\",\"inLanguage\":\"sv-SE\",\"@id\":\"https:\/\/www.plymouthbrethrenchristianchurch.org\/#\/schema\/logo\/image\/\",\"url\":\"https:\/\/www.plymouthbrethrenchristianchurch.org\/wp-content\/uploads\/2020\/05\/site-logo.svg\",\"contentUrl\":\"https:\/\/www.plymouthbrethrenchristianchurch.org\/wp-content\/uploads\/2020\/05\/site-logo.svg\",\"caption\":\"Plymouth Brethren Christian Church\"},\"image\":{\"@id\":\"https:\/\/www.plymouthbrethrenchristianchurch.org\/#\/schema\/logo\/image\/\"},\"sameAs\":[\"https:\/\/www.facebook.com\/PlymouthBrethrenChristianChurch\",\"https:\/\/www.youtube.com\/channel\/UC76fGueDJBbLvhs988yTBXQ\",\"https:\/\/www.pinterest.com.au\/plymouthbcc\/\"]}]}<\/script>\n<!-- \/ Yoast SEO plugin. -->","yoast_head_json":{"title":"Cookies Policy | Plymouth Brethren Christian Church","description":"Visit the Cookies Policy page on the website of the Plymouth Brethren Christian Church, a Christian fellowship based on the Holy Bible as the Word of God.","robots":{"index":"index","follow":"follow","max-snippet":"max-snippet:-1","max-image-preview":"max-image-preview:large","max-video-preview":"max-video-preview:-1"},"canonical":"https:\/\/www.plymouthbrethrenchristianchurch.org\/sv\/cookies-policy\/","og_locale":"sv_SE","og_type":"article","og_title":"Cookies Policy | Plymouth Brethren Christian Church","og_description":"Visit the Cookies Policy page on the website of the Plymouth Brethren Christian Church, a Christian fellowship based on the Holy Bible as the Word of God.","og_url":"https:\/\/www.plymouthbrethrenchristianchurch.org\/sv\/cookies-policy\/","og_site_name":"Plymouth Brethren Christian Church","article_publisher":"https:\/\/www.facebook.com\/PlymouthBrethrenChristianChurch","article_modified_time":"2025-06-17T15:09:27+00:00","twitter_card":"summary_large_image","schema":{"@context":"https:\/\/schema.org","@graph":[{"@type":"WebPage","@id":"https:\/\/www.plymouthbrethrenchristianchurch.org\/sv\/cookies-policy\/","url":"https:\/\/www.plymouthbrethrenchristianchurch.org\/sv\/cookies-policy\/","name":"Cookies Policy | Plymouth Brethren Christian Church","isPartOf":{"@id":"https:\/\/www.plymouthbrethrenchristianchurch.org\/#website"},"datePublished":"2020-05-21T15:51:23+00:00","dateModified":"2025-06-17T15:09:27+00:00","description":"Visit the Cookies Policy page on the website of the Plymouth Brethren Christian Church, a Christian fellowship based on the Holy Bible as the Word of God.","breadcrumb":{"@id":"https:\/\/www.plymouthbrethrenchristianchurch.org\/sv\/cookies-policy\/#breadcrumb"},"inLanguage":"sv-SE","potentialAction":[{"@type":"ReadAction","target":["https:\/\/www.plymouthbrethrenchristianchurch.org\/sv\/cookies-policy\/"]}]},{"@type":"BreadcrumbList","@id":"https:\/\/www.plymouthbrethrenchristianchurch.org\/sv\/cookies-policy\/#breadcrumb","itemListElement":[{"@type":"ListItem","position":1,"name":"Home","item":"https:\/\/www.plymouthbrethrenchristianchurch.org\/sv\/hem\/"},{"@type":"ListItem","position":2,"name":"Cookies Policy"}]},{"@type":"WebSite","@id":"https:\/\/www.plymouthbrethrenchristianchurch.org\/#website","url":"https:\/\/www.plymouthbrethrenchristianchurch.org\/","name":"Plymouth Brethren Christian Church","description":"","publisher":{"@id":"https:\/\/www.plymouthbrethrenchristianchurch.org\/#organization"},"potentialAction":[{"@type":"SearchAction","target":{"@type":"EntryPoint","urlTemplate":"https:\/\/www.plymouthbrethrenchristianchurch.org\/?s={search_term_string}"},"query-input":{"@type":"PropertyValueSpecification","valueRequired":true,"valueName":"search_term_string"}}],"inLanguage":"sv-SE"},{"@type":"Organization","@id":"https:\/\/www.plymouthbrethrenchristianchurch.org\/#organization","name":"Plymouth Brethren Christian Church","url":"https:\/\/www.plymouthbrethrenchristianchurch.org\/","logo":{"@type":"ImageObject","inLanguage":"sv-SE","@id":"https:\/\/www.plymouthbrethrenchristianchurch.org\/#\/schema\/logo\/image\/","url":"https:\/\/www.plymouthbrethrenchristianchurch.org\/wp-content\/uploads\/2020\/05\/site-logo.svg","contentUrl":"https:\/\/www.plymouthbrethrenchristianchurch.org\/wp-content\/uploads\/2020\/05\/site-logo.svg","caption":"Plymouth Brethren Christian Church"},"image":{"@id":"https:\/\/www.plymouthbrethrenchristianchurch.org\/#\/schema\/logo\/image\/"},"sameAs":["https:\/\/www.facebook.com\/PlymouthBrethrenChristianChurch","https:\/\/www.youtube.com\/channel\/UC76fGueDJBbLvhs988yTBXQ","https:\/\/www.pinterest.com.au\/plymouthbcc\/"]}]}},"_links":{"self":[{"href":"https:\/\/www.plymouthbrethrenchristianchurch.org\/sv\/wp-json\/wp\/v2\/pages\/2946"}],"collection":[{"href":"https:\/\/www.plymouthbrethrenchristianchurch.org\/sv\/wp-json\/wp\/v2\/pages"}],"about":[{"href":"https:\/\/www.plymouthbrethrenchristianchurch.org\/sv\/wp-json\/wp\/v2\/types\/page"}],"author":[{"embeddable":true,"href":"https:\/\/www.plymouthbrethrenchristianchurch.org\/sv\/wp-json\/wp\/v2\/users\/2"}],"replies":[{"embeddable":true,"href":"https:\/\/www.plymouthbrethrenchristianchurch.org\/sv\/wp-json\/wp\/v2\/comments?post=2946"}],"version-history":[{"count":2,"href":"https:\/\/www.plymouthbrethrenchristianchurch.org\/sv\/wp-json\/wp\/v2\/pages\/2946\/revisions"}],"predecessor-version":[{"id":8017,"href":"https:\/\/www.plymouthbrethrenchristianchurch.org\/sv\/wp-json\/wp\/v2\/pages\/2946\/revisions\/8017"}],"wp:attachment":[{"href":"https:\/\/www.plymouthbrethrenchristianchurch.org\/sv\/wp-json\/wp\/v2\/media?parent=2946"}],"curies":[{"name":"wp","href":"https:\/\/api.w.org\/{rel}","templated":true}]}}