{"id":2970,"date":"2020-03-31T07:08:22","date_gmt":"2020-03-30T21:08:22","guid":{"rendered":"https:\/\/www.plymouthbrethrenchristianchurch.org\/hem\/"},"modified":"2025-09-19T09:23:07","modified_gmt":"2025-09-18T23:23:07","slug":"hem","status":"publish","type":"page","link":"https:\/\/www.plymouthbrethrenchristianchurch.org\/sv\/","title":{"rendered":"Hem"},"content":{"rendered":"","protected":false},"excerpt":{"rendered":"","protected":false},"author":1,"featured_media":0,"parent":0,"menu_order":1,"comment_status":"closed","ping_status":"closed","template":"page-templates\/acf-flexible-content.php","meta":{"_acf_changed":false,"_relevanssi_hide_post":"","_relevanssi_hide_content":"","_relevanssi_pin_for_all":"","_relevanssi_pin_keywords":"","_relevanssi_unpin_keywords":"","_relevanssi_related_keywords":"","_relevanssi_related_include_ids":"","_relevanssi_related_exclude_ids":"","_relevanssi_related_no_append":"","_relevanssi_related_not_related":"","_relevanssi_related_posts":"","_relevanssi_noindex_reason":"","inline_featured_image":false,"footnotes":""},"class_list":["post-2970","page","type-page","status-publish","hentry"],"acf":{"post_page_video":"","content":[{"acf_fc_layout":"image_slider","slider_id":3389},{"acf_fc_layout":"module_section","row":[{"column_gap":"4","column":[{"module":[{"acf_fc_layout":"rich_media_block","image":false,"header":{"":null,"title":"","heading_level":"h2","header_styles":{"":null,"background_colour":"","background_image":false,"text_colour":"white"},"make_separator":false},"content":"<p>Plymouth Brethren Christian Church (PBCC) grundades f\u00f6r cirka 200 \u00e5r sedan av John Nelson Darby, en av de mest inflytelserika protestantiska t\u00e4nkarna under 1800-talet.<\/p>\n<p>Idag har vi drygt 55 000 medlemmar i v\u00e5r gemenskap. Vi bor i vanliga hem p\u00e5 vanliga gator, i st\u00e4der i Australien, Nya Zeeland, Europa, Nord- och Sydamerika, Karibien och Storbritannien. <\/p>\n<p>V\u00e5ra medlemmar driver sina egna f\u00f6retag, k\u00f6per hus, handlar lokalt, arbetar som volont\u00e4rer och g\u00f6r v\u00e4lg\u00f6renhetsarbete, betalar skatt och syssels\u00e4tter m\u00e5nga m\u00e4nniskor b\u00e5de inom och utanf\u00f6r v\u00e5rt samh\u00e4lle.<\/p>\n<p>Under \u00e5rens lopp har vi varit tvungna att anpassa oss. Vi anv\u00e4nder teknik f\u00f6r aff\u00e4rer, utbildning och hush\u00e5llssk\u00e4l. <\/p>\n<p>\u00a0<\/p>\n","enable_button":true,"button":{"button_text":"Tr\u00e4ffa m\u00e4nniskorna som utg\u00f6r v\u00e5r community","button_url":{"title":"","url":"https:\/\/www.plymouthbrethrenchristianchurch.org\/home\/our-members\/","target":""},"open_in_new_tab":false,"button_class":""},"class":""}],"columns_sm":"12","columns_md":"12","columns_lg":"8"},{"module":[{"acf_fc_layout":"image_module","header":{"":null,"title":"","heading_level":"h2","header_styles":{"":null,"background_colour":"","background_image":false,"text_colour":"white"},"make_separator":false},"image":6670,"class":"","image_size":"large"}],"columns_sm":"12","columns_md":"12","columns_lg":"4"}],"row_class":"pt-1","module_padding":{"":null,"padding_top_xs":"","padding_bottom_xs":"","padding_left_xs":"","padding_right_xs":"","padding_top_md":"","padding_bottom_md":"","padding_left_md":"","padding_right_md":"","padding_top_lg":"","padding_bottom_lg":"","padding_left_lg":"","padding_right_lg":""},"module_margin":{"":null,"margin_top_xs":"","margin_bottom_xs":"","margin_left_xs":"","margin_right_xs":"","margin_top_md":"","margin_bottom_md":"","margin_left_md":"","margin_right_md":"","margin_top_lg":"","margin_bottom_lg":"","margin_left_lg":"","margin_right_lg":""}}],"section_heading":"Om oss","section_class":"","module_padding":{"":null,"padding_top_xs":"","padding_bottom_xs":"","padding_left_xs":"","padding_right_xs":"","padding_top_md":"","padding_bottom_md":"","padding_left_md":"","padding_right_md":"","padding_top_lg":"0","padding_bottom_lg":"0","padding_left_lg":"","padding_right_lg":""},"module_margin":{"":null,"margin_top_xs":"","margin_bottom_xs":"","margin_left_xs":"","margin_right_xs":"","margin_top_md":"","margin_bottom_md":"","margin_left_md":"","margin_right_md":"","margin_top_lg":"","margin_bottom_lg":"","margin_left_lg":"","margin_right_lg":""}},{"acf_fc_layout":"article_grid_with_navigation_heading","heading":"Nyheter","sub_heading":"","per_page":"6","columns":"3","include_categories":false,"exclude_categories":false,"enable_pagination":true,"background_image":"https:\/\/www.plymouthbrethrenchristianchurch.org\/wp-content\/uploads\/2025\/08\/FooterMap_v2.png","background_color":"#1b2327","heading_colour":"--color-bravo","sub_heading_colour":"--color-bravo","navigation_arrow_colour":"--color-bravo","post_type":"post","display_type":"slider","row_classes":""},{"acf_fc_layout":"content_grid_1_2","section_title":"L\u00e4r k\u00e4nna v\u00e5r community","content_row":[{"content_title":"Vi bryr oss om v\u00e5ra grannar och de beh\u00f6vande","content_body":"<p><span class=\"TextRun SCXW2313937 BCX8\" lang=\"EN-US\" data-contrast=\"auto\" xml:lang=\"EN-US\"><span class=\"NormalTextRun SCXW2313937 BCX8\">I hj\u00e4rtat av v\u00e5r <\/span><span class=\"NormalTextRun SCXW2313937 BCX8\">gemenskap<\/span><span class=\"NormalTextRun SCXW2313937 BCX8\"><\/span><span class=\"NormalTextRun SCXW2313937 BCX8\">  \u00e4r ett engagemang f\u00f6r omsorg och medk\u00e4nsla. Vi \u00e4gnar v\u00e5r tid \u00e5t volont\u00e4rarbete genom v\u00e5r v\u00e4lg\u00f6renhetsarm,   <\/span><\/span><a class=\"Hyperlink SCXW2313937 BCX8\" href=\"http:\/\/www.rrtglobal.org\/\" target=\"_blank\" rel=\"noreferrer noopener\"><span class=\"TextRun Underlined SCXW2313937 BCX8\" lang=\"EN-US\" xml:lang=\"EN-US\" data-contrast=\"auto\"><span class=\"NormalTextRun SCXW2313937 BCX8\" data-ccp-charstyle=\"Hyperlink\">Teamet f\u00f6r snabb hj\u00e4lp (RRT)<\/span><\/span><\/a><span class=\"TextRun SCXW2313937 BCX8\" lang=\"EN-US\" data-contrast=\"auto\" xml:lang=\"EN-US\"><span class=\"NormalTextRun SCXW2313937 BCX8\">  och bidra ekonomiskt till m\u00e5nga \u00e4ndam\u00e5l. W <\/span><span class=\"NormalTextRun SCXW2313937 BCX8\">Vi s\u00f6ker aktivt efter m\u00f6jligheter att st\u00f6dja lokala, <\/span><span class=\"NormalTextRun SCXW2313937 BCX8\">regionala<\/span><span class=\"NormalTextRun SCXW2313937 BCX8\"> och globala initiativ.<\/span><\/span><\/p>\n","image":8975,"enable_quote_overlay":false,"quote_overlay":{"quote_text":"","quote_source":""},"icon":{"icon":false,"icon_position":"left","icon_vertical_offset":"-44"},"enable_link":true,"link":{"title":"","url":"https:\/\/www.plymouthbrethrenchristianchurch.org\/news\/","target":""},"header_styles":{"":null,"background_colour":"","background_image":false,"text_colour":"orange"}},{"content_title":"Vi hj\u00e4lper till att driva lokala ekonomier","content_body":"<p><span class=\"NormalTextRun SCXW130410117 BCX8\">V\u00e5ra medlemmar, <\/span><span class=\"NormalTextRun SCXW130410117 BCX8\">av vilka<\/span> <span class=\"NormalTextRun SCXW130410117 BCX8\">m\u00e5nga <\/span><span class=\"NormalTextRun SCXW130410117 BCX8\"> <span class=\"NormalTextRun SCXW130410117 BCX8\">\u00e4r verksamma<\/span><\/span><span class=\"NormalTextRun SCXW130410117 BCX8\">  familje\u00e4gda f\u00f6retag, spelar en viktig roll f\u00f6r att driva p\u00e5 den lokala ekonomin  <span class=\"TextRun SCXW130410117 BCX8\" lang=\"EN-US\" xml:lang=\"EN-US\" data-contrast=\"auto\">d\u00e4r vi bor, arbetar och tj\u00e4nar. Vi bidrar direkt genom att betala skatt, anst\u00e4lla lokalbefolkningen och f\u00f6rb\u00e4ttra bekv\u00e4mligheterna. <\/span><span class=\"LineBreakBlob BlobObject DragDrop SCXW130410117 BCX8\"><span class=\"SCXW130410117 BCX8\"> <\/span><br class=\"SCXW130410117 BCX8\"><\/span><\/span><\/p>\n","image":8953,"enable_quote_overlay":false,"quote_overlay":{"quote_text":"","quote_source":""},"icon":{"icon":false,"icon_position":"right","icon_vertical_offset":""},"enable_link":true,"link":{"title":"L\u00e4ra sig mer","url":"https:\/\/www.plymouthbrethrenchristianchurch.org\/news\/","target":""},"header_styles":{"":null,"background_colour":"","background_image":false,"text_colour":"orange"}},{"content_title":"Vi \u00e4r en uppkopplad global gemenskap","content_body":"<p><span class=\"NormalTextRun SCXW171872153 BCX8\">V\u00e5ra resursstarka och innovativa medlemmar bildar en <\/span><span class=\"NormalTextRun SCXW171872153 BCX8\">global <\/span><span class=\"NormalTextRun SCXW171872153 BCX8\">gemenskap<\/span><span class=\"NormalTextRun SCXW171872153 BCX8\"> som<\/span><span class=\"NormalTextRun SCXW171872153 BCX8\">snabbt kan <\/span><span class=\"NormalTextRun SpellingErrorV2Themed SCXW171872153 BCX8\">mobilisera<\/span><span class=\"NormalTextRun SCXW171872153 BCX8\">  olika f\u00e4rdigheter och materiella tillg\u00e5ngar att st\u00f6dja under globala kriser. Tillsammans   <\/span><span class=\"NormalTextRun SCXW171872153 BCX8\">Utnyttja<\/span><span class=\"NormalTextRun SCXW171872153 BCX8\"> v\u00e5rt n\u00e4tverk av medlemmar f\u00f6r att g\u00f6ra en positiv inverkan p\u00e5 v\u00e4rlden.<\/span><\/p>\n","image":8961,"enable_quote_overlay":false,"quote_overlay":{"quote_text":"F\u00f6r den som skall kalla p\u00e5 herrens namn skall sparas","quote_source":""},"icon":{"icon":false,"icon_position":"left","icon_vertical_offset":""},"enable_link":true,"link":{"title":"L\u00e4r k\u00e4nna v\u00e5rt n\u00e4tverk","url":"https:\/\/www.plymouthbrethrenchristianchurch.org\/news\/","target":""},"header_styles":{"":null,"background_colour":"","background_image":false,"text_colour":"orange"}},{"content_title":"Vi f\u00f6rst\u00e5r vikten av utbildning","content_body":"<p><span class=\"TextRun SCXW172185188 BCX8\" lang=\"EN-US\" data-contrast=\"auto\" xml:lang=\"EN-US\"><span class=\"NormalTextRun SCXW172185188 BCX8\">Utbildning \u00e4r viktigt f\u00f6r oss. OneSchool Global (OSG) bes\u00f6ks av familjer i v\u00e5r kyrka och har \u00f6ver 120 campus i 20 l\u00e4nder, undervisar 8 000 elever och syssels\u00e4tter \u00f6ver 1 800 l\u00e4rare och personal utanf\u00f6r v\u00e5r gemenskap. M\u00e5nga skolalumner g\u00e5r vidare till att arbeta i ett familjef\u00f6retag och engagera sig i  <\/span><\/span><a class=\"Hyperlink SCXW172185188 BCX8\" href=\"https:\/\/youtu.be\/gCBFqlcJYzg\" target=\"_blank\" rel=\"noreferrer noopener\"><span class=\"TextRun Underlined SCXW172185188 BCX8\" lang=\"EN-US\" data-contrast=\"auto\"><span class=\"NormalTextRun SCXW172185188 BCX8\" data-ccp-charstyle=\"Hyperlink\">h\u00f6gre utbildning<\/span><\/span><\/a><span class=\"TextRun SCXW172185188 BCX8\" lang=\"EN-US\" data-contrast=\"auto\"><span class=\"NormalTextRun SCXW172185188 BCX8\">.<\/span><\/span><\/p>\n","image":8968,"enable_quote_overlay":false,"quote_overlay":{"quote_text":"","quote_source":""},"icon":{"icon":false,"icon_position":"right","icon_vertical_offset":""},"enable_link":true,"link":{"title":"","url":"https:\/\/www.oneschoolglobal.com\/","target":"_blank"},"header_styles":{"":null,"background_colour":"","background_image":false,"text_colour":"orange"}}]},{"acf_fc_layout":"social_media_feed","section_heading":"H\u00e5ll dig uppkopplad","content":"<p>H\u00e5ll dig uppdaterad om Plymouth Brethren Christian Church (PBCC) och prenumerera p\u00e5 v\u00e5r YouTube-kanal.<\/p>\n","text_color":"--color-foxtrot","feed_shortcode":"[youtube-feed feed=2]","width":"full_width","row_class":"","section_class":"background-overlay","background_image":"https:\/\/www.plymouthbrethrenchristianchurch.org\/wp-content\/uploads\/2020\/06\/gospel-hall-design-plymouth-brethren.jpg","background_color":"--color-bravo","module_padding":{"":null,"padding_top_xs":"","padding_bottom_xs":"","padding_left_xs":"","padding_right_xs":"","padding_top_md":"","padding_bottom_md":"","padding_left_md":"","padding_right_md":"","padding_top_lg":"","padding_bottom_lg":"","padding_left_lg":"","padding_right_lg":""}}]},"yoast_head":"<!-- This site is optimized with the Yoast SEO plugin v25.2 - https:\/\/yoast.com\/wordpress\/plugins\/seo\/ -->\n<title>Startsida | Plymouthbr\u00f6dernas kristna kyrka<\/title>\n<meta name=\"description\" content=\"Bes\u00f6k hemsidan f\u00f6r Plymouth Brethren Christian Churchs webbplats. En global kristen gemenskap med \u00f6ver 54 000 medlemmar.\" \/>\n<meta name=\"robots\" content=\"index, follow, max-snippet:-1, max-image-preview:large, max-video-preview:-1\" \/>\n<link rel=\"canonical\" href=\"https:\/\/www.plymouthbrethrenchristianchurch.org\/sv\/hem\/\" \/>\n<meta property=\"og:locale\" content=\"sv_SE\" \/>\n<meta property=\"og:type\" content=\"article\" \/>\n<meta property=\"og:title\" content=\"Startsida | Plymouthbr\u00f6dernas kristna kyrka\" \/>\n<meta property=\"og:description\" content=\"Bes\u00f6k hemsidan f\u00f6r Plymouth Brethren Christian Churchs webbplats. En global kristen gemenskap med \u00f6ver 54 000 medlemmar.\" \/>\n<meta property=\"og:url\" content=\"https:\/\/www.plymouthbrethrenchristianchurch.org\/sv\/hem\/\" \/>\n<meta property=\"og:site_name\" content=\"Plymouth Brethren Christian Church\" \/>\n<meta property=\"article:publisher\" content=\"https:\/\/www.facebook.com\/PlymouthBrethrenChristianChurch\" \/>\n<meta property=\"article:modified_time\" content=\"2025-09-18T23:23:07+00:00\" \/>\n<meta name=\"twitter:card\" content=\"summary_large_image\" \/>\n<script type=\"application\/ld+json\" class=\"yoast-schema-graph\">{\"@context\":\"https:\/\/schema.org\",\"@graph\":[{\"@type\":\"WebPage\",\"@id\":\"https:\/\/www.plymouthbrethrenchristianchurch.org\/sv\/hem\/\",\"url\":\"https:\/\/www.plymouthbrethrenchristianchurch.org\/sv\/hem\/\",\"name\":\"Startsida | Plymouthbr\u00f6dernas kristna kyrka\",\"isPartOf\":{\"@id\":\"https:\/\/www.plymouthbrethrenchristianchurch.org\/#website\"},\"datePublished\":\"2020-03-30T21:08:22+00:00\",\"dateModified\":\"2025-09-18T23:23:07+00:00\",\"description\":\"Bes\u00f6k hemsidan f\u00f6r Plymouth Brethren Christian Churchs webbplats. En global kristen gemenskap med \u00f6ver 54 000 medlemmar.\",\"breadcrumb\":{\"@id\":\"https:\/\/www.plymouthbrethrenchristianchurch.org\/sv\/hem\/#breadcrumb\"},\"inLanguage\":\"sv-SE\",\"potentialAction\":[{\"@type\":\"ReadAction\",\"target\":[\"https:\/\/www.plymouthbrethrenchristianchurch.org\/sv\/hem\/\"]}]},{\"@type\":\"BreadcrumbList\",\"@id\":\"https:\/\/www.plymouthbrethrenchristianchurch.org\/sv\/hem\/#breadcrumb\",\"itemListElement\":[{\"@type\":\"ListItem\",\"position\":1,\"name\":\"Home\",\"item\":\"https:\/\/www.plymouthbrethrenchristianchurch.org\/sv\/hem\/\"},{\"@type\":\"ListItem\",\"position\":2,\"name\":\"Hem\"}]},{\"@type\":\"WebSite\",\"@id\":\"https:\/\/www.plymouthbrethrenchristianchurch.org\/#website\",\"url\":\"https:\/\/www.plymouthbrethrenchristianchurch.org\/\",\"name\":\"Plymouth Brethren Christian Church\",\"description\":\"\",\"publisher\":{\"@id\":\"https:\/\/www.plymouthbrethrenchristianchurch.org\/#organization\"},\"potentialAction\":[{\"@type\":\"SearchAction\",\"target\":{\"@type\":\"EntryPoint\",\"urlTemplate\":\"https:\/\/www.plymouthbrethrenchristianchurch.org\/?s={search_term_string}\"},\"query-input\":{\"@type\":\"PropertyValueSpecification\",\"valueRequired\":true,\"valueName\":\"search_term_string\"}}],\"inLanguage\":\"sv-SE\"},{\"@type\":\"Organization\",\"@id\":\"https:\/\/www.plymouthbrethrenchristianchurch.org\/#organization\",\"name\":\"Plymouth Brethren Christian Church\",\"url\":\"https:\/\/www.plymouthbrethrenchristianchurch.org\/\",\"logo\":{\"@type\":\"ImageObject\",\"inLanguage\":\"sv-SE\",\"@id\":\"https:\/\/www.plymouthbrethrenchristianchurch.org\/#\/schema\/logo\/image\/\",\"url\":\"https:\/\/www.plymouthbrethrenchristianchurch.org\/wp-content\/uploads\/2020\/05\/site-logo.svg\",\"contentUrl\":\"https:\/\/www.plymouthbrethrenchristianchurch.org\/wp-content\/uploads\/2020\/05\/site-logo.svg\",\"caption\":\"Plymouth Brethren Christian Church\"},\"image\":{\"@id\":\"https:\/\/www.plymouthbrethrenchristianchurch.org\/#\/schema\/logo\/image\/\"},\"sameAs\":[\"https:\/\/www.facebook.com\/PlymouthBrethrenChristianChurch\",\"https:\/\/www.youtube.com\/channel\/UC76fGueDJBbLvhs988yTBXQ\",\"https:\/\/www.pinterest.com.au\/plymouthbcc\/\"]}]}<\/script>\n<!-- \/ Yoast SEO plugin. -->","yoast_head_json":{"title":"Startsida | Plymouthbr\u00f6dernas kristna kyrka","description":"Bes\u00f6k hemsidan f\u00f6r Plymouth Brethren Christian Churchs webbplats. En global kristen gemenskap med \u00f6ver 54 000 medlemmar.","robots":{"index":"index","follow":"follow","max-snippet":"max-snippet:-1","max-image-preview":"max-image-preview:large","max-video-preview":"max-video-preview:-1"},"canonical":"https:\/\/www.plymouthbrethrenchristianchurch.org\/sv\/hem\/","og_locale":"sv_SE","og_type":"article","og_title":"Startsida | Plymouthbr\u00f6dernas kristna kyrka","og_description":"Bes\u00f6k hemsidan f\u00f6r Plymouth Brethren Christian Churchs webbplats. En global kristen gemenskap med \u00f6ver 54 000 medlemmar.","og_url":"https:\/\/www.plymouthbrethrenchristianchurch.org\/sv\/hem\/","og_site_name":"Plymouth Brethren Christian Church","article_publisher":"https:\/\/www.facebook.com\/PlymouthBrethrenChristianChurch","article_modified_time":"2025-09-18T23:23:07+00:00","twitter_card":"summary_large_image","schema":{"@context":"https:\/\/schema.org","@graph":[{"@type":"WebPage","@id":"https:\/\/www.plymouthbrethrenchristianchurch.org\/sv\/hem\/","url":"https:\/\/www.plymouthbrethrenchristianchurch.org\/sv\/hem\/","name":"Startsida | Plymouthbr\u00f6dernas kristna kyrka","isPartOf":{"@id":"https:\/\/www.plymouthbrethrenchristianchurch.org\/#website"},"datePublished":"2020-03-30T21:08:22+00:00","dateModified":"2025-09-18T23:23:07+00:00","description":"Bes\u00f6k hemsidan f\u00f6r Plymouth Brethren Christian Churchs webbplats. En global kristen gemenskap med \u00f6ver 54 000 medlemmar.","breadcrumb":{"@id":"https:\/\/www.plymouthbrethrenchristianchurch.org\/sv\/hem\/#breadcrumb"},"inLanguage":"sv-SE","potentialAction":[{"@type":"ReadAction","target":["https:\/\/www.plymouthbrethrenchristianchurch.org\/sv\/hem\/"]}]},{"@type":"BreadcrumbList","@id":"https:\/\/www.plymouthbrethrenchristianchurch.org\/sv\/hem\/#breadcrumb","itemListElement":[{"@type":"ListItem","position":1,"name":"Home","item":"https:\/\/www.plymouthbrethrenchristianchurch.org\/sv\/hem\/"},{"@type":"ListItem","position":2,"name":"Hem"}]},{"@type":"WebSite","@id":"https:\/\/www.plymouthbrethrenchristianchurch.org\/#website","url":"https:\/\/www.plymouthbrethrenchristianchurch.org\/","name":"Plymouth Brethren Christian Church","description":"","publisher":{"@id":"https:\/\/www.plymouthbrethrenchristianchurch.org\/#organization"},"potentialAction":[{"@type":"SearchAction","target":{"@type":"EntryPoint","urlTemplate":"https:\/\/www.plymouthbrethrenchristianchurch.org\/?s={search_term_string}"},"query-input":{"@type":"PropertyValueSpecification","valueRequired":true,"valueName":"search_term_string"}}],"inLanguage":"sv-SE"},{"@type":"Organization","@id":"https:\/\/www.plymouthbrethrenchristianchurch.org\/#organization","name":"Plymouth Brethren Christian Church","url":"https:\/\/www.plymouthbrethrenchristianchurch.org\/","logo":{"@type":"ImageObject","inLanguage":"sv-SE","@id":"https:\/\/www.plymouthbrethrenchristianchurch.org\/#\/schema\/logo\/image\/","url":"https:\/\/www.plymouthbrethrenchristianchurch.org\/wp-content\/uploads\/2020\/05\/site-logo.svg","contentUrl":"https:\/\/www.plymouthbrethrenchristianchurch.org\/wp-content\/uploads\/2020\/05\/site-logo.svg","caption":"Plymouth Brethren Christian Church"},"image":{"@id":"https:\/\/www.plymouthbrethrenchristianchurch.org\/#\/schema\/logo\/image\/"},"sameAs":["https:\/\/www.facebook.com\/PlymouthBrethrenChristianChurch","https:\/\/www.youtube.com\/channel\/UC76fGueDJBbLvhs988yTBXQ","https:\/\/www.pinterest.com.au\/plymouthbcc\/"]}]}},"_links":{"self":[{"href":"https:\/\/www.plymouthbrethrenchristianchurch.org\/sv\/wp-json\/wp\/v2\/pages\/2970"}],"collection":[{"href":"https:\/\/www.plymouthbrethrenchristianchurch.org\/sv\/wp-json\/wp\/v2\/pages"}],"about":[{"href":"https:\/\/www.plymouthbrethrenchristianchurch.org\/sv\/wp-json\/wp\/v2\/types\/page"}],"author":[{"embeddable":true,"href":"https:\/\/www.plymouthbrethrenchristianchurch.org\/sv\/wp-json\/wp\/v2\/users\/1"}],"replies":[{"embeddable":true,"href":"https:\/\/www.plymouthbrethrenchristianchurch.org\/sv\/wp-json\/wp\/v2\/comments?post=2970"}],"version-history":[{"count":16,"href":"https:\/\/www.plymouthbrethrenchristianchurch.org\/sv\/wp-json\/wp\/v2\/pages\/2970\/revisions"}],"predecessor-version":[{"id":9288,"href":"https:\/\/www.plymouthbrethrenchristianchurch.org\/sv\/wp-json\/wp\/v2\/pages\/2970\/revisions\/9288"}],"wp:attachment":[{"href":"https:\/\/www.plymouthbrethrenchristianchurch.org\/sv\/wp-json\/wp\/v2\/media?parent=2970"}],"curies":[{"name":"wp","href":"https:\/\/api.w.org\/{rel}","templated":true}]}}