{"id":2988,"date":"2020-04-28T04:12:07","date_gmt":"2020-04-27T18:12:07","guid":{"rendered":"https:\/\/www.plymouthbrethrenchristianchurch.org\/kontakta\/"},"modified":"2025-06-18T01:21:05","modified_gmt":"2025-06-17T15:21:05","slug":"kontakta","status":"publish","type":"page","link":"https:\/\/www.plymouthbrethrenchristianchurch.org\/sv\/kontakta\/","title":{"rendered":"Kontakta"},"content":{"rendered":"","protected":false},"excerpt":{"rendered":"","protected":false},"author":1,"featured_media":0,"parent":0,"menu_order":12,"comment_status":"closed","ping_status":"closed","template":"page-templates\/acf-flexible-content.php","meta":{"_acf_changed":false,"_relevanssi_hide_post":"","_relevanssi_hide_content":"","_relevanssi_pin_for_all":"","_relevanssi_pin_keywords":"","_relevanssi_unpin_keywords":"","_relevanssi_related_keywords":"","_relevanssi_related_include_ids":"","_relevanssi_related_exclude_ids":"","_relevanssi_related_no_append":"","_relevanssi_related_not_related":"","_relevanssi_related_posts":"","_relevanssi_noindex_reason":"","inline_featured_image":false,"footnotes":""},"class_list":["post-2988","page","type-page","status-publish","hentry"],"acf":{"post_page_video":"","content":[{"acf_fc_layout":"page_header_with_links","override_title":false,"custom_title":"","intro_text":"<p>Om du har fr\u00e5gor om Plymouth Brothers kristna kyrkan, v\u00e4nligen kontakta oss via telefon, e-post eller post. Vi ser fram emot att h\u00f6ra fr\u00e5n dig.<\/p>\n","enable_button":true,"button":{"button_text":"","button_url":"","open_in_new_tab":false,"button_class":""},"link_source":"menu","select_a_menu":{"value":"41","label":"Kontakta"},"menu_title":"L\u00e4nkar","custom_links":[{"link_text":"Villkor","link_url":""},{"link_text":"Privatliv","link_url":""},{"link_text":"Cookies","link_url":""},{"link_text":"Ansvarsfriskrivning","link_url":""},{"link_text":"Diverse","link_url":""}],"header_styles":{"":null,"background_colour":"","background_image":326,"text_colour":"white"},"row_class":""},{"acf_fc_layout":"module_section","row":[{"column_gap":"6","column":[{"module":[{"acf_fc_layout":"gravity_form_block","description":"F\u00f6r att komma i kontakt med oss, fyll i formul\u00e4ret, alternativt kan du kontakta oss via telefon, mail eller mail.","choose_form":"1","show_form_title":false,"show_form_description":false},{"acf_fc_layout":"rich_media_block","image":false,"header":{"":null,"title":"<i class=\"fa fa-map-marker\"><\/i>  Letar du efter v\u00e5ra brittiska kyrkan platser?","heading_level":"h2","header_styles":{"":null,"background_colour":"","background_image":false,"text_colour":"black"},"make_separator":false},"content":"","enable_button":true,"button":{"button_text":"Visa platser","button_url":{"title":"","url":"http:\/\/theplymouthbrethren.org.uk\/our-locations\/","target":""},"open_in_new_tab":true,"button_class":""},"class":""},{"acf_fc_layout":"rich_media_block","image":false,"header":{"":null,"title":"<i class=\"fa fa-user\"><\/i>  Ta kontakt med oss p\u00e5 sociala medier","heading_level":"h2","header_styles":{"":null,"background_colour":"","background_image":false,"text_colour":"black"},"make_separator":false},"content":"\n\n<ul class=\"fa-social-icons flex items-center\">\n  \n    \n\n  <li class=\"fa-social-icon flex items-center px-1\"><a target=\"_blank\" href=\"https:\/\/www.facebook.com\/profile.php?id=100080310843168\"\n      class=\"text-lg fab fa-facebook\"><\/a><\/li>\n\n    \n\n  <li class=\"fa-social-icon flex items-center px-1\"><a target=\"_blank\" href=\"https:\/\/www.youtube.com\/channel\/UC76fGueDJBbLvhs988yTBXQ\"\n      class=\"text-lg fab fa-youtube\"><\/a><\/li>\n\n  \n<\/ul>\n\n\n","enable_button":true,"button":{"button_text":"","button_url":"","open_in_new_tab":false,"button_class":""},"class":""}],"columns_sm":"8","columns_md":"none","columns_lg":"8"},{"module":[{"acf_fc_layout":"rich_media_block","image":false,"header":{"":null,"title":"Australien kontakter","heading_level":"h3","header_styles":{"":null,"background_colour":"","background_image":false,"text_colour":"black"},"make_separator":true},"content":"<p><strong>TELEFON: <\/strong> <span class=\"text-md\" style=\"color: var(--color-bravo);\"><a style=\"color: var(--color-bravo);\" href=\"tel:1300780858\">\n\n<a class=\"company-phone\" href=\"tel:+61290618201\">\n  <span>+612 9061 8201<\/span>\n<\/a>\n\n<\/a><\/span><\/p>\n<p><strong>PRESSKONTAKT:<\/strong><br \/>\nF\u00f6r australiska mediaf\u00f6rfr\u00e5gningar, v\u00e4nligen maila <a href=\"mailto:media@pbccservices.com\">media@pbccservices.com<\/a> eller ring oss p\u00e5:<\/p>\n<p><a href=\"tel:+61290618201\"><span class=\"text-md\" style=\"color: var(--color-bravo);\">+61 2 9061 8201<\/span><\/a><\/p>\n","enable_button":true,"button":{"button_text":"","button_url":"","open_in_new_tab":false,"button_class":""},"class":"contact-links"},{"acf_fc_layout":"rich_media_block","image":false,"header":{"":null,"title":"Storbritannien Kontakter","heading_level":"h3","header_styles":{"":null,"background_colour":"","background_image":false,"text_colour":"black"},"make_separator":true},"content":"<p><strong>TELEFON: <\/strong><a href=\"tel:+442083917620\"><span class=\"text-md\" style=\"color: var(--color-bravo);\">+44 208 391 7620<\/span><\/a><\/p>\n<p><a href=\"http:\/\/theplymouthbrethren.org.uk\/our-locations\/\" target=\"_blank\" rel=\"noopener\"><span class=\"text-md\" style=\"color: var(--color-bravo);\">Se platser i Storbritannien<\/span><\/a><\/p>\n","enable_button":true,"button":{"button_text":"","button_url":"","open_in_new_tab":false,"button_class":""},"class":"contact-links"},{"acf_fc_layout":"rich_media_block","image":false,"header":{"":null,"title":"USA & Kanada Kontakter","heading_level":"h3","header_styles":{"":null,"background_colour":"","background_image":false,"text_colour":"black"},"make_separator":true},"content":"<p><strong>TELEFON: <\/strong><a href=\"tel:+18777907222\"><span class=\"text-md\" style=\"color: var(--color-bravo);\">+1 877 790 7222<\/span><\/a><\/p>\n","enable_button":true,"button":{"button_text":"","button_url":"","open_in_new_tab":false,"button_class":""},"class":"contact-links"},{"acf_fc_layout":"rich_media_block","image":false,"header":{"":null,"title":"NZ Kontakter","heading_level":"h3","header_styles":{"":null,"background_colour":"","background_image":false,"text_colour":"black"},"make_separator":true},"content":"<p><strong>TELEFON: <\/strong><a href=\"tel:+642825504377\"><span class=\"text-md\" style=\"color: var(--color-bravo);\">+64 282 550 4377<\/span><\/a><\/p>\n","enable_button":true,"button":{"button_text":"","button_url":"","open_in_new_tab":false,"button_class":""},"class":"contact-links"}],"columns_sm":"4","columns_md":"none","columns_lg":"4"}],"row_class":"","module_padding":{"":null,"padding_top_xs":"","padding_bottom_xs":"","padding_left_xs":"","padding_right_xs":"","padding_top_md":"","padding_bottom_md":"","padding_left_md":"","padding_right_md":"","padding_top_lg":"","padding_bottom_lg":"","padding_left_lg":"","padding_right_lg":""},"module_margin":{"":null,"margin_top_xs":"","margin_bottom_xs":"","margin_left_xs":"","margin_right_xs":"","margin_top_md":"","margin_bottom_md":"","margin_left_md":"","margin_right_md":"","margin_top_lg":"","margin_bottom_lg":"","margin_left_lg":"","margin_right_lg":""}}],"section_heading":"","section_class":"","module_padding":{"":null,"padding_top_xs":"","padding_bottom_xs":"","padding_left_xs":"","padding_right_xs":"","padding_top_md":"","padding_bottom_md":"","padding_left_md":"","padding_right_md":"","padding_top_lg":"","padding_bottom_lg":"","padding_left_lg":"","padding_right_lg":""},"module_margin":{"":null,"margin_top_xs":"","margin_bottom_xs":"","margin_left_xs":"","margin_right_xs":"","margin_top_md":"","margin_bottom_md":"","margin_left_md":"","margin_right_md":"","margin_top_lg":"","margin_bottom_lg":"","margin_left_lg":"","margin_right_lg":""}}]},"yoast_head":"<!-- This site is optimized with the Yoast SEO plugin v25.2 - https:\/\/yoast.com\/wordpress\/plugins\/seo\/ -->\n<title>Kontakta | Plymouth Brethren Christian Church<\/title>\n<meta name=\"description\" content=\"Visit the Kontakta page on the website of the Plymouth Brethren Christian Church, a Christian fellowship based on the Holy Bible as the Word of God.\" \/>\n<meta name=\"robots\" content=\"index, follow, max-snippet:-1, max-image-preview:large, max-video-preview:-1\" \/>\n<link rel=\"canonical\" href=\"https:\/\/www.plymouthbrethrenchristianchurch.org\/sv\/kontakta\/\" \/>\n<meta property=\"og:locale\" content=\"sv_SE\" \/>\n<meta property=\"og:type\" content=\"article\" \/>\n<meta property=\"og:title\" content=\"Kontakta | Plymouth Brethren Christian Church\" \/>\n<meta property=\"og:description\" content=\"Visit the Kontakta page on the website of the Plymouth Brethren Christian Church, a Christian fellowship based on the Holy Bible as the Word of God.\" \/>\n<meta property=\"og:url\" content=\"https:\/\/www.plymouthbrethrenchristianchurch.org\/sv\/kontakta\/\" \/>\n<meta property=\"og:site_name\" content=\"Plymouth Brethren Christian Church\" \/>\n<meta property=\"article:publisher\" content=\"https:\/\/www.facebook.com\/PlymouthBrethrenChristianChurch\" \/>\n<meta property=\"article:modified_time\" content=\"2025-06-17T15:21:05+00:00\" \/>\n<meta name=\"twitter:card\" content=\"summary_large_image\" \/>\n<script type=\"application\/ld+json\" class=\"yoast-schema-graph\">{\"@context\":\"https:\/\/schema.org\",\"@graph\":[{\"@type\":\"WebPage\",\"@id\":\"https:\/\/www.plymouthbrethrenchristianchurch.org\/sv\/kontakta\/\",\"url\":\"https:\/\/www.plymouthbrethrenchristianchurch.org\/sv\/kontakta\/\",\"name\":\"Kontakta | Plymouth Brethren Christian Church\",\"isPartOf\":{\"@id\":\"https:\/\/www.plymouthbrethrenchristianchurch.org\/#website\"},\"datePublished\":\"2020-04-27T18:12:07+00:00\",\"dateModified\":\"2025-06-17T15:21:05+00:00\",\"description\":\"Visit the Kontakta page on the website of the Plymouth Brethren Christian Church, a Christian fellowship based on the Holy Bible as the Word of God.\",\"breadcrumb\":{\"@id\":\"https:\/\/www.plymouthbrethrenchristianchurch.org\/sv\/kontakta\/#breadcrumb\"},\"inLanguage\":\"sv-SE\",\"potentialAction\":[{\"@type\":\"ReadAction\",\"target\":[\"https:\/\/www.plymouthbrethrenchristianchurch.org\/sv\/kontakta\/\"]}]},{\"@type\":\"BreadcrumbList\",\"@id\":\"https:\/\/www.plymouthbrethrenchristianchurch.org\/sv\/kontakta\/#breadcrumb\",\"itemListElement\":[{\"@type\":\"ListItem\",\"position\":1,\"name\":\"Home\",\"item\":\"https:\/\/www.plymouthbrethrenchristianchurch.org\/sv\/hem\/\"},{\"@type\":\"ListItem\",\"position\":2,\"name\":\"Kontakta\"}]},{\"@type\":\"WebSite\",\"@id\":\"https:\/\/www.plymouthbrethrenchristianchurch.org\/#website\",\"url\":\"https:\/\/www.plymouthbrethrenchristianchurch.org\/\",\"name\":\"Plymouth Brethren Christian Church\",\"description\":\"\",\"publisher\":{\"@id\":\"https:\/\/www.plymouthbrethrenchristianchurch.org\/#organization\"},\"potentialAction\":[{\"@type\":\"SearchAction\",\"target\":{\"@type\":\"EntryPoint\",\"urlTemplate\":\"https:\/\/www.plymouthbrethrenchristianchurch.org\/?s={search_term_string}\"},\"query-input\":{\"@type\":\"PropertyValueSpecification\",\"valueRequired\":true,\"valueName\":\"search_term_string\"}}],\"inLanguage\":\"sv-SE\"},{\"@type\":\"Organization\",\"@id\":\"https:\/\/www.plymouthbrethrenchristianchurch.org\/#organization\",\"name\":\"Plymouth Brethren Christian Church\",\"url\":\"https:\/\/www.plymouthbrethrenchristianchurch.org\/\",\"logo\":{\"@type\":\"ImageObject\",\"inLanguage\":\"sv-SE\",\"@id\":\"https:\/\/www.plymouthbrethrenchristianchurch.org\/#\/schema\/logo\/image\/\",\"url\":\"https:\/\/www.plymouthbrethrenchristianchurch.org\/wp-content\/uploads\/2020\/05\/site-logo.svg\",\"contentUrl\":\"https:\/\/www.plymouthbrethrenchristianchurch.org\/wp-content\/uploads\/2020\/05\/site-logo.svg\",\"caption\":\"Plymouth Brethren Christian Church\"},\"image\":{\"@id\":\"https:\/\/www.plymouthbrethrenchristianchurch.org\/#\/schema\/logo\/image\/\"},\"sameAs\":[\"https:\/\/www.facebook.com\/PlymouthBrethrenChristianChurch\",\"https:\/\/www.youtube.com\/channel\/UC76fGueDJBbLvhs988yTBXQ\",\"https:\/\/www.pinterest.com.au\/plymouthbcc\/\"]}]}<\/script>\n<!-- \/ Yoast SEO plugin. -->","yoast_head_json":{"title":"Kontakta | Plymouth Brethren Christian Church","description":"Visit the Kontakta page on the website of the Plymouth Brethren Christian Church, a Christian fellowship based on the Holy Bible as the Word of God.","robots":{"index":"index","follow":"follow","max-snippet":"max-snippet:-1","max-image-preview":"max-image-preview:large","max-video-preview":"max-video-preview:-1"},"canonical":"https:\/\/www.plymouthbrethrenchristianchurch.org\/sv\/kontakta\/","og_locale":"sv_SE","og_type":"article","og_title":"Kontakta | Plymouth Brethren Christian Church","og_description":"Visit the Kontakta page on the website of the Plymouth Brethren Christian Church, a Christian fellowship based on the Holy Bible as the Word of God.","og_url":"https:\/\/www.plymouthbrethrenchristianchurch.org\/sv\/kontakta\/","og_site_name":"Plymouth Brethren Christian Church","article_publisher":"https:\/\/www.facebook.com\/PlymouthBrethrenChristianChurch","article_modified_time":"2025-06-17T15:21:05+00:00","twitter_card":"summary_large_image","schema":{"@context":"https:\/\/schema.org","@graph":[{"@type":"WebPage","@id":"https:\/\/www.plymouthbrethrenchristianchurch.org\/sv\/kontakta\/","url":"https:\/\/www.plymouthbrethrenchristianchurch.org\/sv\/kontakta\/","name":"Kontakta | Plymouth Brethren Christian Church","isPartOf":{"@id":"https:\/\/www.plymouthbrethrenchristianchurch.org\/#website"},"datePublished":"2020-04-27T18:12:07+00:00","dateModified":"2025-06-17T15:21:05+00:00","description":"Visit the Kontakta page on the website of the Plymouth Brethren Christian Church, a Christian fellowship based on the Holy Bible as the Word of God.","breadcrumb":{"@id":"https:\/\/www.plymouthbrethrenchristianchurch.org\/sv\/kontakta\/#breadcrumb"},"inLanguage":"sv-SE","potentialAction":[{"@type":"ReadAction","target":["https:\/\/www.plymouthbrethrenchristianchurch.org\/sv\/kontakta\/"]}]},{"@type":"BreadcrumbList","@id":"https:\/\/www.plymouthbrethrenchristianchurch.org\/sv\/kontakta\/#breadcrumb","itemListElement":[{"@type":"ListItem","position":1,"name":"Home","item":"https:\/\/www.plymouthbrethrenchristianchurch.org\/sv\/hem\/"},{"@type":"ListItem","position":2,"name":"Kontakta"}]},{"@type":"WebSite","@id":"https:\/\/www.plymouthbrethrenchristianchurch.org\/#website","url":"https:\/\/www.plymouthbrethrenchristianchurch.org\/","name":"Plymouth Brethren Christian Church","description":"","publisher":{"@id":"https:\/\/www.plymouthbrethrenchristianchurch.org\/#organization"},"potentialAction":[{"@type":"SearchAction","target":{"@type":"EntryPoint","urlTemplate":"https:\/\/www.plymouthbrethrenchristianchurch.org\/?s={search_term_string}"},"query-input":{"@type":"PropertyValueSpecification","valueRequired":true,"valueName":"search_term_string"}}],"inLanguage":"sv-SE"},{"@type":"Organization","@id":"https:\/\/www.plymouthbrethrenchristianchurch.org\/#organization","name":"Plymouth Brethren Christian Church","url":"https:\/\/www.plymouthbrethrenchristianchurch.org\/","logo":{"@type":"ImageObject","inLanguage":"sv-SE","@id":"https:\/\/www.plymouthbrethrenchristianchurch.org\/#\/schema\/logo\/image\/","url":"https:\/\/www.plymouthbrethrenchristianchurch.org\/wp-content\/uploads\/2020\/05\/site-logo.svg","contentUrl":"https:\/\/www.plymouthbrethrenchristianchurch.org\/wp-content\/uploads\/2020\/05\/site-logo.svg","caption":"Plymouth Brethren Christian Church"},"image":{"@id":"https:\/\/www.plymouthbrethrenchristianchurch.org\/#\/schema\/logo\/image\/"},"sameAs":["https:\/\/www.facebook.com\/PlymouthBrethrenChristianChurch","https:\/\/www.youtube.com\/channel\/UC76fGueDJBbLvhs988yTBXQ","https:\/\/www.pinterest.com.au\/plymouthbcc\/"]}]}},"_links":{"self":[{"href":"https:\/\/www.plymouthbrethrenchristianchurch.org\/sv\/wp-json\/wp\/v2\/pages\/2988"}],"collection":[{"href":"https:\/\/www.plymouthbrethrenchristianchurch.org\/sv\/wp-json\/wp\/v2\/pages"}],"about":[{"href":"https:\/\/www.plymouthbrethrenchristianchurch.org\/sv\/wp-json\/wp\/v2\/types\/page"}],"author":[{"embeddable":true,"href":"https:\/\/www.plymouthbrethrenchristianchurch.org\/sv\/wp-json\/wp\/v2\/users\/1"}],"replies":[{"embeddable":true,"href":"https:\/\/www.plymouthbrethrenchristianchurch.org\/sv\/wp-json\/wp\/v2\/comments?post=2988"}],"version-history":[{"count":5,"href":"https:\/\/www.plymouthbrethrenchristianchurch.org\/sv\/wp-json\/wp\/v2\/pages\/2988\/revisions"}],"predecessor-version":[{"id":9294,"href":"https:\/\/www.plymouthbrethrenchristianchurch.org\/sv\/wp-json\/wp\/v2\/pages\/2988\/revisions\/9294"}],"wp:attachment":[{"href":"https:\/\/www.plymouthbrethrenchristianchurch.org\/sv\/wp-json\/wp\/v2\/media?parent=2988"}],"curies":[{"name":"wp","href":"https:\/\/api.w.org\/{rel}","templated":true}]}}