{"id":3008,"date":"2020-04-30T06:51:54","date_gmt":"2020-04-29T20:51:54","guid":{"rendered":"https:\/\/www.plymouthbrethrenchristianchurch.org\/dyrkan\/"},"modified":"2024-09-10T15:38:22","modified_gmt":"2024-09-10T05:38:22","slug":"tillbedjan","status":"publish","type":"page","link":"https:\/\/www.plymouthbrethrenchristianchurch.org\/sv\/tillbedjan\/","title":{"rendered":"Dyrkan"},"content":{"rendered":"","protected":false},"excerpt":{"rendered":"<p>Plymouth Br\u00f6der medlemmar n\u00e4rvara regelbundna gudstj\u00e4nster varje s\u00f6ndag f\u00f6r att fira Herrens Nattvard och predika evangeliet.  <\/p>\n","protected":false},"author":1,"featured_media":0,"parent":0,"menu_order":9,"comment_status":"closed","ping_status":"closed","template":"page-templates\/acf-flexible-content.php","meta":{"_acf_changed":false,"_relevanssi_hide_post":"","_relevanssi_hide_content":"","_relevanssi_pin_for_all":"","_relevanssi_pin_keywords":"","_relevanssi_unpin_keywords":"","_relevanssi_related_keywords":"","_relevanssi_related_include_ids":"","_relevanssi_related_exclude_ids":"","_relevanssi_related_no_append":"","_relevanssi_related_not_related":"","_relevanssi_related_posts":"","_relevanssi_noindex_reason":"","inline_featured_image":false,"footnotes":""},"class_list":["post-3008","page","type-page","status-publish","hentry"],"acf":{"post_page_video":"","content":[{"acf_fc_layout":"page_header_with_links","override_title":false,"custom_title":"","intro_text":"<p>Liksom m\u00e5nga kristna, ger Bibeln v\u00e5ra medlemmar med tro, engagemang och mod att dela Guds ord med v\u00e4rlden.<\/p>\n","enable_button":true,"button":{"button_text":"","button_url":"","open_in_new_tab":false,"button_class":""},"link_source":"off","select_a_menu":{"value":"24","label":"Dyrkan"},"menu_title":"","custom_links":false,"header_styles":{"":null,"background_colour":"#ffffff","background_image":1326,"text_colour":"black"},"row_class":""},{"acf_fc_layout":"module_section","row":[{"column_gap":"4","column":[{"module":[{"acf_fc_layout":"rich_media_block","image":false,"header":{"":null,"title":"N\u00e4r vi samlas","heading_level":"h2","header_styles":{"":null,"background_colour":"","background_image":false,"text_colour":"orange"},"make_separator":false},"content":"<p>Vi samlas varje s\u00f6ndag i enkla m\u00f6tesrum (Gospel Halls) f\u00f6r att fira Herrens nattvard (nattvarden) och f\u00f6r att predika evangeliet. Vi samlas ocks\u00e5 dagligen f\u00f6r bibell\u00e4sningar och b\u00f6ner. Vi ber om avskildhet som en f\u00f6rsamling f\u00f6r firandet av Herrens nattvard och andra speciella tillf\u00e4llen som \u00e4r genom inbjudan.<\/p>\n","enable_button":false,"button":{"button_text":"","button_url":"","open_in_new_tab":false,"button_class":""},"class":""}],"columns_sm":"4","columns_md":"none","columns_lg":"4"},{"module":[{"acf_fc_layout":"rich_media_block","image":false,"header":{"":null,"title":"Evangeliet predikar","heading_level":"h2","header_styles":{"":null,"background_colour":"","background_image":false,"text_colour":"violet"},"make_separator":false},"content":"<p>Plymouth Br\u00f6der medlemmar n\u00e4rvara regelbundna gudstj\u00e4nster varje s\u00f6ndag f\u00f6r att fira Herrens Nattvard och predika evangeliet. Vi h\u00e4rleder en stor k\u00e4nsla av tr\u00f6st fr\u00e5n den \u00f6msesidiga studiet av Den Heliga Bibeln och genom b\u00f6n.<\/p>\n","enable_button":false,"button":{"button_text":"","button_url":"","open_in_new_tab":false,"button_class":""},"class":""}],"columns_sm":"4","columns_md":"none","columns_lg":"4"},{"module":[{"acf_fc_layout":"rich_media_block","image":false,"header":{"":null,"title":"Alla f\u00f6rfr\u00e5gningar","heading_level":"h2","header_styles":{"":null,"background_colour":"","background_image":false,"text_colour":"brown"},"make_separator":false},"content":"<p>F\u00f6r att fr\u00e5ga mer om Plymouth Brothers kristna kyrkan, v\u00e4nligen sl\u00e4pp oss en rad p\u00e5 v\u00e5r <a href=\"https:\/\/www.plymouthbrethrenchristianchurch.org\/contact-us\/\">kontakta oss<\/a> sida &#8211; vi ser fram emot att h\u00f6ra fr\u00e5n dig.<\/p>\n","enable_button":false,"button":{"button_text":"Ta kontakt","button_url":{"title":"","url":"\/contact","target":""},"open_in_new_tab":false,"button_class":""},"class":""}],"columns_sm":"4","columns_md":"none","columns_lg":"4"}],"row_class":"","module_padding":{"":null,"padding_top_xs":"","padding_bottom_xs":"","padding_left_xs":"","padding_right_xs":"","padding_top_md":"","padding_bottom_md":"","padding_left_md":"","padding_right_md":"","padding_top_lg":"","padding_bottom_lg":"","padding_left_lg":"","padding_right_lg":""},"module_margin":{"":null,"margin_top_xs":"","margin_bottom_xs":"","margin_left_xs":"","margin_right_xs":"","margin_top_md":"","margin_bottom_md":"","margin_left_md":"","margin_right_md":"","margin_top_lg":"","margin_bottom_lg":"","margin_left_lg":"","margin_right_lg":""}}],"section_heading":"","section_class":"py-0","module_padding":{"":null,"padding_top_xs":"","padding_bottom_xs":"","padding_left_xs":"","padding_right_xs":"","padding_top_md":"","padding_bottom_md":"","padding_left_md":"","padding_right_md":"","padding_top_lg":"","padding_bottom_lg":"","padding_left_lg":"","padding_right_lg":""},"module_margin":{"":null,"margin_top_xs":"","margin_bottom_xs":"","margin_left_xs":"","margin_right_xs":"","margin_top_md":"","margin_bottom_md":"","margin_left_md":"","margin_right_md":"","margin_top_lg":"","margin_bottom_lg":"","margin_left_lg":"","margin_right_lg":""}},{"acf_fc_layout":"content_grid_1_2","section_title":"","content_row":[{"content_title":"M\u00f6ten","content_body":"<p>L\u00e4r dig mer om Plymouth Brothers&#8217;s Church-gudstj\u00e4nster p\u00e5 s\u00f6ndagar och andra vanliga bibell\u00e4sningar och b\u00f6nem\u00f6ten.<\/p>\n","image":1335,"enable_quote_overlay":false,"quote_overlay":{"quote_text":"","quote_source":""},"icon":{"icon":false,"icon_position":"left","icon_vertical_offset":""},"enable_link":true,"link":{"title":"M\u00f6ten","url":"https:\/\/www.plymouthbrethrenchristianchurch.org\/sv\/tillbedjan\/moten\/","target":""},"header_styles":{"":null,"background_colour":"","background_image":false,"text_colour":"orange"}},{"content_title":"Gospelsalar & kyrkor","content_body":"<p>Varje dag tr\u00e4ffas Br\u00f6der i specialbyggda kyrkor, som endast anv\u00e4nds f\u00f6r kristen dyrkan och inte f\u00f6r sekul\u00e4ra eller andra aktiviteter.<\/p>\n","image":1341,"enable_quote_overlay":false,"quote_overlay":{"quote_text":"","quote_source":""},"icon":{"icon":false,"icon_position":"left","icon_vertical_offset":""},"enable_link":true,"link":{"title":"Gospelsalar &amp; kyrkor","url":"https:\/\/www.plymouthbrethrenchristianchurch.org\/sv\/tillbedjan\/moteslokaler-kyrkor\/","target":""},"header_styles":{"":null,"background_colour":"","background_image":false,"text_colour":"violet"}}]},{"acf_fc_layout":"quote_section","background_color":"orange","passage_text":"Och de fortsatte stedfast i apostlarnas l\u00e4ra och gemenskap, och i att bryta br\u00f6d och i b\u00f6ner.","passage_source":"Akter 2 mot 42","background_image":126}]},"yoast_head":"<!-- This site is optimized with the Yoast SEO plugin v25.2 - https:\/\/yoast.com\/wordpress\/plugins\/seo\/ -->\n<title>Dyrkan | Plymouth Brethren Christian Church<\/title>\n<meta name=\"description\" content=\"Visit the Dyrkan page on the website of the Plymouth Brethren Christian Church, a Christian fellowship based on the Holy Bible as the Word of God.\" \/>\n<meta name=\"robots\" content=\"index, follow, max-snippet:-1, max-image-preview:large, max-video-preview:-1\" \/>\n<link rel=\"canonical\" href=\"https:\/\/www.plymouthbrethrenchristianchurch.org\/sv\/tillbedjan\/\" \/>\n<meta property=\"og:locale\" content=\"sv_SE\" \/>\n<meta property=\"og:type\" content=\"article\" \/>\n<meta property=\"og:title\" content=\"Dyrkan | Plymouth Brethren Christian Church\" \/>\n<meta property=\"og:description\" content=\"Visit the Dyrkan page on the website of the Plymouth Brethren Christian Church, a Christian fellowship based on the Holy Bible as the Word of God.\" \/>\n<meta property=\"og:url\" content=\"https:\/\/www.plymouthbrethrenchristianchurch.org\/sv\/tillbedjan\/\" \/>\n<meta property=\"og:site_name\" content=\"Plymouth Brethren Christian Church\" \/>\n<meta property=\"article:publisher\" content=\"https:\/\/www.facebook.com\/PlymouthBrethrenChristianChurch\" \/>\n<meta property=\"article:modified_time\" content=\"2024-09-10T05:38:22+00:00\" \/>\n<meta name=\"twitter:card\" content=\"summary_large_image\" \/>\n<script type=\"application\/ld+json\" class=\"yoast-schema-graph\">{\"@context\":\"https:\/\/schema.org\",\"@graph\":[{\"@type\":\"WebPage\",\"@id\":\"https:\/\/www.plymouthbrethrenchristianchurch.org\/sv\/tillbedjan\/\",\"url\":\"https:\/\/www.plymouthbrethrenchristianchurch.org\/sv\/tillbedjan\/\",\"name\":\"Dyrkan | Plymouth Brethren Christian Church\",\"isPartOf\":{\"@id\":\"https:\/\/www.plymouthbrethrenchristianchurch.org\/#website\"},\"datePublished\":\"2020-04-29T20:51:54+00:00\",\"dateModified\":\"2024-09-10T05:38:22+00:00\",\"description\":\"Visit the Dyrkan page on the website of the Plymouth Brethren Christian Church, a Christian fellowship based on the Holy Bible as the Word of God.\",\"breadcrumb\":{\"@id\":\"https:\/\/www.plymouthbrethrenchristianchurch.org\/sv\/tillbedjan\/#breadcrumb\"},\"inLanguage\":\"sv-SE\",\"potentialAction\":[{\"@type\":\"ReadAction\",\"target\":[\"https:\/\/www.plymouthbrethrenchristianchurch.org\/sv\/tillbedjan\/\"]}]},{\"@type\":\"BreadcrumbList\",\"@id\":\"https:\/\/www.plymouthbrethrenchristianchurch.org\/sv\/tillbedjan\/#breadcrumb\",\"itemListElement\":[{\"@type\":\"ListItem\",\"position\":1,\"name\":\"Home\",\"item\":\"https:\/\/www.plymouthbrethrenchristianchurch.org\/sv\/hem\/\"},{\"@type\":\"ListItem\",\"position\":2,\"name\":\"Dyrkan\"}]},{\"@type\":\"WebSite\",\"@id\":\"https:\/\/www.plymouthbrethrenchristianchurch.org\/#website\",\"url\":\"https:\/\/www.plymouthbrethrenchristianchurch.org\/\",\"name\":\"Plymouth Brethren Christian Church\",\"description\":\"\",\"publisher\":{\"@id\":\"https:\/\/www.plymouthbrethrenchristianchurch.org\/#organization\"},\"potentialAction\":[{\"@type\":\"SearchAction\",\"target\":{\"@type\":\"EntryPoint\",\"urlTemplate\":\"https:\/\/www.plymouthbrethrenchristianchurch.org\/?s={search_term_string}\"},\"query-input\":{\"@type\":\"PropertyValueSpecification\",\"valueRequired\":true,\"valueName\":\"search_term_string\"}}],\"inLanguage\":\"sv-SE\"},{\"@type\":\"Organization\",\"@id\":\"https:\/\/www.plymouthbrethrenchristianchurch.org\/#organization\",\"name\":\"Plymouth Brethren Christian Church\",\"url\":\"https:\/\/www.plymouthbrethrenchristianchurch.org\/\",\"logo\":{\"@type\":\"ImageObject\",\"inLanguage\":\"sv-SE\",\"@id\":\"https:\/\/www.plymouthbrethrenchristianchurch.org\/#\/schema\/logo\/image\/\",\"url\":\"https:\/\/www.plymouthbrethrenchristianchurch.org\/wp-content\/uploads\/2020\/05\/site-logo.svg\",\"contentUrl\":\"https:\/\/www.plymouthbrethrenchristianchurch.org\/wp-content\/uploads\/2020\/05\/site-logo.svg\",\"caption\":\"Plymouth Brethren Christian Church\"},\"image\":{\"@id\":\"https:\/\/www.plymouthbrethrenchristianchurch.org\/#\/schema\/logo\/image\/\"},\"sameAs\":[\"https:\/\/www.facebook.com\/PlymouthBrethrenChristianChurch\",\"https:\/\/www.youtube.com\/channel\/UC76fGueDJBbLvhs988yTBXQ\",\"https:\/\/www.pinterest.com.au\/plymouthbcc\/\"]}]}<\/script>\n<!-- \/ Yoast SEO plugin. -->","yoast_head_json":{"title":"Dyrkan | Plymouth Brethren Christian Church","description":"Visit the Dyrkan page on the website of the Plymouth Brethren Christian Church, a Christian fellowship based on the Holy Bible as the Word of God.","robots":{"index":"index","follow":"follow","max-snippet":"max-snippet:-1","max-image-preview":"max-image-preview:large","max-video-preview":"max-video-preview:-1"},"canonical":"https:\/\/www.plymouthbrethrenchristianchurch.org\/sv\/tillbedjan\/","og_locale":"sv_SE","og_type":"article","og_title":"Dyrkan | Plymouth Brethren Christian Church","og_description":"Visit the Dyrkan page on the website of the Plymouth Brethren Christian Church, a Christian fellowship based on the Holy Bible as the Word of God.","og_url":"https:\/\/www.plymouthbrethrenchristianchurch.org\/sv\/tillbedjan\/","og_site_name":"Plymouth Brethren Christian Church","article_publisher":"https:\/\/www.facebook.com\/PlymouthBrethrenChristianChurch","article_modified_time":"2024-09-10T05:38:22+00:00","twitter_card":"summary_large_image","schema":{"@context":"https:\/\/schema.org","@graph":[{"@type":"WebPage","@id":"https:\/\/www.plymouthbrethrenchristianchurch.org\/sv\/tillbedjan\/","url":"https:\/\/www.plymouthbrethrenchristianchurch.org\/sv\/tillbedjan\/","name":"Dyrkan | Plymouth Brethren Christian Church","isPartOf":{"@id":"https:\/\/www.plymouthbrethrenchristianchurch.org\/#website"},"datePublished":"2020-04-29T20:51:54+00:00","dateModified":"2024-09-10T05:38:22+00:00","description":"Visit the Dyrkan page on the website of the Plymouth Brethren Christian Church, a Christian fellowship based on the Holy Bible as the Word of God.","breadcrumb":{"@id":"https:\/\/www.plymouthbrethrenchristianchurch.org\/sv\/tillbedjan\/#breadcrumb"},"inLanguage":"sv-SE","potentialAction":[{"@type":"ReadAction","target":["https:\/\/www.plymouthbrethrenchristianchurch.org\/sv\/tillbedjan\/"]}]},{"@type":"BreadcrumbList","@id":"https:\/\/www.plymouthbrethrenchristianchurch.org\/sv\/tillbedjan\/#breadcrumb","itemListElement":[{"@type":"ListItem","position":1,"name":"Home","item":"https:\/\/www.plymouthbrethrenchristianchurch.org\/sv\/hem\/"},{"@type":"ListItem","position":2,"name":"Dyrkan"}]},{"@type":"WebSite","@id":"https:\/\/www.plymouthbrethrenchristianchurch.org\/#website","url":"https:\/\/www.plymouthbrethrenchristianchurch.org\/","name":"Plymouth Brethren Christian Church","description":"","publisher":{"@id":"https:\/\/www.plymouthbrethrenchristianchurch.org\/#organization"},"potentialAction":[{"@type":"SearchAction","target":{"@type":"EntryPoint","urlTemplate":"https:\/\/www.plymouthbrethrenchristianchurch.org\/?s={search_term_string}"},"query-input":{"@type":"PropertyValueSpecification","valueRequired":true,"valueName":"search_term_string"}}],"inLanguage":"sv-SE"},{"@type":"Organization","@id":"https:\/\/www.plymouthbrethrenchristianchurch.org\/#organization","name":"Plymouth Brethren Christian Church","url":"https:\/\/www.plymouthbrethrenchristianchurch.org\/","logo":{"@type":"ImageObject","inLanguage":"sv-SE","@id":"https:\/\/www.plymouthbrethrenchristianchurch.org\/#\/schema\/logo\/image\/","url":"https:\/\/www.plymouthbrethrenchristianchurch.org\/wp-content\/uploads\/2020\/05\/site-logo.svg","contentUrl":"https:\/\/www.plymouthbrethrenchristianchurch.org\/wp-content\/uploads\/2020\/05\/site-logo.svg","caption":"Plymouth Brethren Christian Church"},"image":{"@id":"https:\/\/www.plymouthbrethrenchristianchurch.org\/#\/schema\/logo\/image\/"},"sameAs":["https:\/\/www.facebook.com\/PlymouthBrethrenChristianChurch","https:\/\/www.youtube.com\/channel\/UC76fGueDJBbLvhs988yTBXQ","https:\/\/www.pinterest.com.au\/plymouthbcc\/"]}]}},"_links":{"self":[{"href":"https:\/\/www.plymouthbrethrenchristianchurch.org\/sv\/wp-json\/wp\/v2\/pages\/3008"}],"collection":[{"href":"https:\/\/www.plymouthbrethrenchristianchurch.org\/sv\/wp-json\/wp\/v2\/pages"}],"about":[{"href":"https:\/\/www.plymouthbrethrenchristianchurch.org\/sv\/wp-json\/wp\/v2\/types\/page"}],"author":[{"embeddable":true,"href":"https:\/\/www.plymouthbrethrenchristianchurch.org\/sv\/wp-json\/wp\/v2\/users\/1"}],"replies":[{"embeddable":true,"href":"https:\/\/www.plymouthbrethrenchristianchurch.org\/sv\/wp-json\/wp\/v2\/comments?post=3008"}],"version-history":[{"count":5,"href":"https:\/\/www.plymouthbrethrenchristianchurch.org\/sv\/wp-json\/wp\/v2\/pages\/3008\/revisions"}],"predecessor-version":[{"id":7989,"href":"https:\/\/www.plymouthbrethrenchristianchurch.org\/sv\/wp-json\/wp\/v2\/pages\/3008\/revisions\/7989"}],"wp:attachment":[{"href":"https:\/\/www.plymouthbrethrenchristianchurch.org\/sv\/wp-json\/wp\/v2\/media?parent=3008"}],"curies":[{"name":"wp","href":"https:\/\/api.w.org\/{rel}","templated":true}]}}