{"id":5662,"date":"2024-02-29T15:00:44","date_gmt":"2024-02-29T05:00:44","guid":{"rendered":"https:\/\/www.plymouthbrethrenchristianchurch.org\/?page_id=5662"},"modified":"2026-03-18T23:38:09","modified_gmt":"2026-03-18T13:38:09","slug":"vart-natverk","status":"publish","type":"page","link":"https:\/\/www.plymouthbrethrenchristianchurch.org\/sv\/samhallet\/vart-natverk\/","title":{"rendered":"V\u00e5rt n\u00e4tverk"},"content":{"rendered":"","protected":false},"excerpt":{"rendered":"<p>Vi lever, arbetar och ber som &#8217;Br\u00f6der&#8217; \u2013 en gemenskap av familjer som h\u00e5lls samman av v\u00e5r gemensamma kristna tro.<\/p>\n","protected":false},"author":13,"featured_media":0,"parent":2895,"menu_order":2,"comment_status":"closed","ping_status":"closed","template":"page-templates\/acf-flexible-content.php","meta":{"_acf_changed":false,"_relevanssi_hide_post":"","_relevanssi_hide_content":"","_relevanssi_pin_for_all":"","_relevanssi_pin_keywords":"","_relevanssi_unpin_keywords":"","_relevanssi_related_keywords":"","_relevanssi_related_include_ids":"","_relevanssi_related_exclude_ids":"","_relevanssi_related_no_append":"","_relevanssi_related_not_related":"","_relevanssi_related_posts":"","_relevanssi_noindex_reason":"","inline_featured_image":false,"footnotes":""},"class_list":["post-5662","page","type-page","status-publish","hentry"],"acf":{"post_page_video":"","content":[{"acf_fc_layout":"page_header_with_links","override_title":true,"custom_title":"V\u00e5rt n\u00e4tverk","intro_text":"<p>Drivna av v\u00e5ra h\u00e5rt arbetande medlemmar har vi etablerat ett n\u00e4tverk av f\u00f6retag som, \u00e4ven om de inte \u00e4gs av kyrkan, finns till f\u00f6r att st\u00f6dja samh\u00e4llet och lokala, regionala och globala samh\u00e4llen d\u00e4r v\u00e5ra medlemmar bor, arbetar och tj\u00e4nar.<\/p>\n","enable_button":true,"button":{"button_text":"","button_url":"","open_in_new_tab":false,"button_class":""},"link_source":"off","select_a_menu":false,"menu_title":"","custom_links":false,"header_styles":{"":null,"background_colour":"#ffffff","background_image":682,"text_colour":"black"},"row_class":""},{"acf_fc_layout":"module_section","row":[{"column_gap":"3","column":[{"module":[{"acf_fc_layout":"rich_media_block","image":false,"header":{"":null,"title":"Rapid Relief Team: V\u00e5r globala v\u00e4lg\u00f6renhetsorganisation","heading_level":"h2","header_styles":{"":null,"background_colour":"","background_image":false,"text_colour":"orange"},"make_separator":true},"content":"<p><span data-contrast=\"auto\">Det finns<\/span> <span data-contrast=\"auto\">en stark och gener\u00f6s barmh\u00e4rtighetsanda bland br\u00f6derna, och m\u00e5nga av oss \u00e4gnar aktivt v\u00e5r tid \u00e5t att arbeta som volont\u00e4rer och bidra ekonomiskt till \u00e4ndam\u00e5l n\u00e4ra hemmet och \u00f6ver hela v\u00e4rlden. <\/span><\/p>\n<p><span data-contrast=\"auto\">\u00c5r 2013 inledde <\/span><a href=\"http:\/\/www.rrtglobal.org\/\"><span data-contrast=\"auto\">Rapid Relief Team (RRT)<\/span><\/a><span data-contrast=\"auto\"> grundades f\u00f6r att hj\u00e4lpa till att oms\u00e4tta v\u00e5r omsorg och medk\u00e4nsla i handling till f\u00f6rm\u00e5n f\u00f6r m\u00e4nniskor i n\u00f6d. Snabbspola fram till idag, och RRT \u00e4r aktivt i 14 l\u00e4nder och drivs av 14 500 volont\u00e4rer fr\u00e5n v\u00e5r gemenskap. <\/span><\/p>\n<p><span data-contrast=\"auto\">RRT:s volont\u00e4rer ger en hj\u00e4lpande hand till r\u00e4ddningspersonal och de som drabbats av katastrofer, samt ger s\u00e4rskilt st\u00f6d till ungdomar, personer som st\u00e5r inf\u00f6r h\u00e4lso- och funktionshinderutmaningar och heml\u00f6sa eller m\u00e4nniskor som p\u00e5verkas av fattigdom och sv\u00e5righeter. <\/span><\/p>\n","enable_button":true,"button":{"button_text":"L\u00e4s mer om RRT","button_url":{"title":"L\u00e4s mer om RRT","url":"http:\/\/www.rrtglobal.org","target":""},"open_in_new_tab":true,"button_class":""},"class":""}],"columns_sm":"none","columns_md":"8","columns_lg":"none"},{"module":[{"acf_fc_layout":"image_module","header":{"":null,"title":"Familjen","heading_level":"h2","header_styles":{"":null,"background_colour":"","background_image":false,"text_colour":"white"},"make_separator":false},"image":6728,"class":"","image_size":"large"}],"columns_sm":"none","columns_md":"4","columns_lg":"none"}],"row_class":"","module_padding":{"":null,"padding_top_xs":"","padding_bottom_xs":"","padding_left_xs":"","padding_right_xs":"","padding_top_md":"","padding_bottom_md":"","padding_left_md":"","padding_right_md":"","padding_top_lg":"","padding_bottom_lg":"","padding_left_lg":"","padding_right_lg":""},"module_margin":{"":null,"margin_top_xs":"","margin_bottom_xs":"","margin_left_xs":"","margin_right_xs":"","margin_top_md":"","margin_bottom_md":"","margin_left_md":"","margin_right_md":"","margin_top_lg":"","margin_bottom_lg":"","margin_left_lg":"","margin_right_lg":""}}],"section_heading":"","section_class":"","module_padding":{"":null,"padding_top_xs":"","padding_bottom_xs":"","padding_left_xs":"","padding_right_xs":"","padding_top_md":"","padding_bottom_md":"","padding_left_md":"","padding_right_md":"","padding_top_lg":"","padding_bottom_lg":"","padding_left_lg":"","padding_right_lg":""},"module_margin":{"":null,"margin_top_xs":"","margin_bottom_xs":"","margin_left_xs":"","margin_right_xs":"","margin_top_md":"","margin_bottom_md":"","margin_left_md":"","margin_right_md":"","margin_top_lg":"","margin_bottom_lg":"","margin_left_lg":"","margin_right_lg":""}},{"acf_fc_layout":"module_section","row":[{"column_gap":"3","column":[{"module":[{"acf_fc_layout":"rich_media_block","image":false,"header":{"":null,"title":"OneSchool Global: V\u00e5rt oberoende n\u00e4tverk av skolor","heading_level":"h2","header_styles":{"":null,"background_colour":"","background_image":false,"text_colour":"orange"},"make_separator":true},"content":"<p>\u00c5r 1994 bildade medlemmar i Plymouth Brethren Christian Church ett n\u00e4tverk av frist\u00e5ende skolor \u2013 <a href=\"https:\/\/www.oneschoolglobal.com\/\">OneSchool Global<\/a>. OneSchool utbildar kritiska och lyh\u00f6rda, livsl\u00e5nga elever i moderna, teknikdrivna l\u00e4rmilj\u00f6er, som st\u00f6ds av ett innovativt f\u00f6rh\u00e5llningss\u00e4tt till utbildning.<\/p>\n<p>OneSchool Global \u00e4r inte en religi\u00f6s skola och skolans l\u00e4rare \u00e4r inte medlemmar i kyrkan. OneSchool Global levererar den nationellt godk\u00e4nda l\u00e4roplanen i det land eller den stat d\u00e4r campus \u00e4r baserat.<\/p>\n<p>Under 30 \u00e5r har OneSchool Global-n\u00e4tverket vuxit till \u00f6ver 120 campus i 20 l\u00e4nder, undervisar 8 000 elever och syssels\u00e4tter \u00f6ver 1 800 l\u00e4rare och personal utanf\u00f6r v\u00e5rt samh\u00e4lle.<\/p>\n<p><span data-contrast=\"auto\">M\u00e5nga skolalumner g\u00e5r vidare till att arbeta i n\u00e4ringslivet och genomf\u00f6ra h\u00f6gre utbildning eller studera genom <\/span><a href=\"https:\/\/youtu.be\/gCBFqlcJYzg\"><span data-contrast=\"auto\">distansutbildningsprogram<\/span><\/a><span data-contrast=\"auto\">. Vi \u00e4r av den best\u00e4mda \u00e5sikten att du ska tj\u00e4na samtidigt som du l\u00e4r dig \u2013 det \u00e4r en win, win.<\/span><\/p>\n","enable_button":true,"button":{"button_text":"L\u00e4s mer om OSG","button_url":{"title":"L\u00e4s mer om OSG","url":"http:\/\/www.oneschoolglobal.com","target":""},"open_in_new_tab":true,"button_class":""},"class":""}],"columns_sm":"none","columns_md":"8","columns_lg":"none"},{"module":[{"acf_fc_layout":"image_module","header":{"":null,"title":"","heading_level":"h2","header_styles":{"":null,"background_colour":"","background_image":false,"text_colour":"white"},"make_separator":false},"image":6735,"class":"","image_size":"large"}],"columns_sm":"none","columns_md":"4","columns_lg":"none"}],"row_class":"","module_padding":{"":null,"padding_top_xs":"","padding_bottom_xs":"","padding_left_xs":"","padding_right_xs":"","padding_top_md":"","padding_bottom_md":"","padding_left_md":"","padding_right_md":"","padding_top_lg":"","padding_bottom_lg":"","padding_left_lg":"","padding_right_lg":""},"module_margin":{"":null,"margin_top_xs":"","margin_bottom_xs":"","margin_left_xs":"","margin_right_xs":"","margin_top_md":"","margin_bottom_md":"","margin_left_md":"","margin_right_md":"","margin_top_lg":"","margin_bottom_lg":"","margin_left_lg":"","margin_right_lg":""}}],"section_heading":"","section_class":"","module_padding":{"":null,"padding_top_xs":"","padding_bottom_xs":"","padding_left_xs":"","padding_right_xs":"","padding_top_md":"","padding_bottom_md":"","padding_left_md":"","padding_right_md":"","padding_top_lg":"","padding_bottom_lg":"","padding_left_lg":"","padding_right_lg":""},"module_margin":{"":null,"margin_top_xs":"","margin_bottom_xs":"","margin_left_xs":"","margin_right_xs":"","margin_top_md":"","margin_bottom_md":"","margin_left_md":"","margin_right_md":"","margin_top_lg":"","margin_bottom_lg":"","margin_left_lg":"","margin_right_lg":""}},{"acf_fc_layout":"module_section","row":[{"column_gap":"3","column":[{"module":[{"acf_fc_layout":"rich_media_block","image":false,"header":{"":null,"title":"Universal Business Team: V\u00e5rt aff\u00e4rsr\u00e5dgivningsf\u00f6retag","heading_level":"h2","header_styles":{"":null,"background_colour":"","background_image":false,"text_colour":"orange"},"make_separator":true},"content":"<p><a href=\"http:\/\/www.universalbusinessteam.com\/\"><span data-contrast=\"auto\">Universal Business Team (UBT)<\/span><\/a><span data-contrast=\"auto\"> \u00e4r ett globalt f\u00f6retag som tillhandah\u00e5ller r\u00e5dgivning och gruppk\u00f6pstj\u00e4nster, f\u00f6retagsutbildning, r\u00e5dgivning, ledarskap och mentorskap av h\u00f6gsta kvalitet till f\u00f6retag som \u00e4gs och drivs av medlemmar i v\u00e5r kyrka. <\/span><\/p>\n<p><span data-contrast=\"auto\">UBT \u00e4r en innovativ organisation med fokus p\u00e5 att hj\u00e4lpa f\u00f6retag att v\u00e4xa genom att utveckla och anv\u00e4nda den senaste tekniken och ledarskapsstrategierna.<\/span><\/p>\n<p><span data-contrast=\"auto\">UBT:s arbetsstyrka best\u00e5r av anst\u00e4llda b\u00e5de fr\u00e5n PBCC-gemenskapen och personer som inte \u00e4r anslutna till kyrkan. UBT st\u00f6der gener\u00f6st utbildning och v\u00e4lg\u00f6renhetsarbete. <\/span><\/p>\n","enable_button":true,"button":{"button_text":"L\u00e4s mer om UBT","button_url":{"title":"L\u00e4s mer om UBT","url":"http:\/\/www.universalbusinessteam.com","target":"_blank"},"open_in_new_tab":true,"button_class":""},"class":""}],"columns_sm":"none","columns_md":"8","columns_lg":"none"},{"module":[{"acf_fc_layout":"image_module","header":{"":null,"title":"","heading_level":"h2","header_styles":{"":null,"background_colour":"","background_image":false,"text_colour":"white"},"make_separator":false},"image":6742,"class":"","image_size":"large"}],"columns_sm":"none","columns_md":"4","columns_lg":"none"}],"row_class":"","module_padding":{"":null,"padding_top_xs":"","padding_bottom_xs":"","padding_left_xs":"","padding_right_xs":"","padding_top_md":"","padding_bottom_md":"","padding_left_md":"","padding_right_md":"","padding_top_lg":"","padding_bottom_lg":"","padding_left_lg":"","padding_right_lg":""},"module_margin":{"":null,"margin_top_xs":"","margin_bottom_xs":"","margin_left_xs":"","margin_right_xs":"","margin_top_md":"","margin_bottom_md":"","margin_left_md":"","margin_right_md":"","margin_top_lg":"","margin_bottom_lg":"","margin_left_lg":"","margin_right_lg":""}}],"section_heading":"","section_class":"","module_padding":{"":null,"padding_top_xs":"","padding_bottom_xs":"","padding_left_xs":"","padding_right_xs":"","padding_top_md":"","padding_bottom_md":"","padding_left_md":"","padding_right_md":"","padding_top_lg":"","padding_bottom_lg":"","padding_left_lg":"","padding_right_lg":""},"module_margin":{"":null,"margin_top_xs":"","margin_bottom_xs":"","margin_left_xs":"","margin_right_xs":"","margin_top_md":"","margin_bottom_md":"","margin_left_md":"","margin_right_md":"","margin_top_lg":"","margin_bottom_lg":"","margin_left_lg":"","margin_right_lg":""}},{"acf_fc_layout":"module_section","row":[{"column_gap":"3","column":[{"module":[{"acf_fc_layout":"rich_media_block","image":false,"header":{"":null,"title":"Campus&Co: V\u00e5r butikskedja","heading_level":"h2","header_styles":{"":null,"background_colour":"","background_image":false,"text_colour":"orange"},"make_separator":true},"content":"<p><span data-contrast=\"auto\"><span class=\"TextRun SCXW86808884 BCX8\" lang=\"EN-US\" xml:lang=\"EN-US\" data-contrast=\"auto\"><span class=\"NormalTextRun SpellingErrorV2Themed SCXW86808884 BCX8\">Cam<\/span><span class=\"NormalTextRun SpellingErrorV2Themed SCXW86808884 BCX8\">pus<\/span><span class=\"NormalTextRun SpellingErrorV2Themed SCXW86808884 BCX8\">&amp;Co<\/span><span class=\"NormalTextRun SCXW86808884 BCX8\"> \u00e4r en global butikskedja, som \u00e4r en<\/span><span class=\"NormalTextRun SCXW86808884 BCX8\">del<\/span> av<span class=\"NormalTextRun SCXW86808884 BCX8\"> drivs av lokala volont\u00e4rer fr\u00e5n kyrkan. All vinst som butikerna g\u00f6r \u00e5terinvesteras i samh\u00e4llet genom Rapid Relief Team (RRT) och <\/span><span class=\"NormalTextRun SpellingErrorV2Themed SCXW86808884 BCX8\">OneSchool<\/span><span class=\"NormalTextRun SCXW86808884 BCX8\"> Global (OSG). <\/span> <\/span> <\/span><\/p>\n","enable_button":false,"button":{"button_text":"","button_url":null,"open_in_new_tab":false,"button_class":""},"class":""}],"columns_sm":"none","columns_md":"8","columns_lg":"none"},{"module":[{"acf_fc_layout":"image_module","header":{"":null,"title":"","heading_level":"h2","header_styles":{"":null,"background_colour":"","background_image":false,"text_colour":"white"},"make_separator":false},"image":6749,"class":"","image_size":"large"}],"columns_sm":"none","columns_md":"4","columns_lg":"none"}],"row_class":"","module_padding":{"":null,"padding_top_xs":"","padding_bottom_xs":"","padding_left_xs":"","padding_right_xs":"","padding_top_md":"","padding_bottom_md":"","padding_left_md":"","padding_right_md":"","padding_top_lg":"","padding_bottom_lg":"","padding_left_lg":"","padding_right_lg":""},"module_margin":{"":null,"margin_top_xs":"","margin_bottom_xs":"","margin_left_xs":"","margin_right_xs":"","margin_top_md":"","margin_bottom_md":"","margin_left_md":"","margin_right_md":"","margin_top_lg":"","margin_bottom_lg":"","margin_left_lg":"","margin_right_lg":""}}],"section_heading":"","section_class":"","module_padding":{"":null,"padding_top_xs":"","padding_bottom_xs":"","padding_left_xs":"","padding_right_xs":"","padding_top_md":"","padding_bottom_md":"","padding_left_md":"","padding_right_md":"","padding_top_lg":"","padding_bottom_lg":"","padding_left_lg":"","padding_right_lg":""},"module_margin":{"":null,"margin_top_xs":"","margin_bottom_xs":"","margin_left_xs":"","margin_right_xs":"","margin_top_md":"","margin_bottom_md":"","margin_left_md":"","margin_right_md":"","margin_top_lg":"","margin_bottom_lg":"","margin_left_lg":"","margin_right_lg":""}},{"acf_fc_layout":"social_media_feed","section_heading":"H\u00e5ll dig uppkopplad","content":"<p>H\u00e5ll dig uppdaterad om Plymouth Brethren Christian Church (PBCC) och prenumerera p\u00e5 v\u00e5r YouTube-kanal.<\/p>\n","text_color":"--color-foxtrot","feed_shortcode":"[youtube-feed feed=2]","width":"full_width","row_class":"","section_class":"background-overlay","background_image":"https:\/\/www.plymouthbrethrenchristianchurch.org\/wp-content\/uploads\/2020\/06\/gospel-hall-design-plymouth-brethren.jpg","background_color":"--color-bravo","module_padding":{"":null,"padding_top_xs":"","padding_bottom_xs":"","padding_left_xs":"","padding_right_xs":"","padding_top_md":"","padding_bottom_md":"","padding_left_md":"","padding_right_md":"","padding_top_lg":"","padding_bottom_lg":"","padding_left_lg":"","padding_right_lg":""}}]},"yoast_head":"<!-- This site is optimized with the Yoast SEO plugin v25.2 - https:\/\/yoast.com\/wordpress\/plugins\/seo\/ -->\n<title>V\u00e5rt n\u00e4tverk | Plymouth Brethren Christian Church<\/title>\n<meta name=\"description\" content=\"Bes\u00f6k v\u00e5r n\u00e4tverkssida p\u00e5 kyrkans hemsida, en kristen gemenskap som bygger p\u00e5 Bibeln som Guds ord.\" \/>\n<meta name=\"robots\" content=\"index, follow, max-snippet:-1, max-image-preview:large, max-video-preview:-1\" \/>\n<link rel=\"canonical\" href=\"https:\/\/www.plymouthbrethrenchristianchurch.org\/sv\/samhallet\/vart-natverk\/\" \/>\n<meta property=\"og:locale\" content=\"sv_SE\" \/>\n<meta property=\"og:type\" content=\"article\" \/>\n<meta property=\"og:title\" content=\"V\u00e5rt n\u00e4tverk | Plymouth Brethren Christian Church\" \/>\n<meta property=\"og:description\" content=\"Bes\u00f6k v\u00e5r n\u00e4tverkssida p\u00e5 kyrkans hemsida, en kristen gemenskap som bygger p\u00e5 Bibeln som Guds ord.\" \/>\n<meta property=\"og:url\" content=\"https:\/\/www.plymouthbrethrenchristianchurch.org\/sv\/samhallet\/vart-natverk\/\" \/>\n<meta property=\"og:site_name\" content=\"Plymouth Brethren Christian Church\" \/>\n<meta property=\"article:publisher\" content=\"https:\/\/www.facebook.com\/PlymouthBrethrenChristianChurch\" \/>\n<meta property=\"article:modified_time\" content=\"2026-03-18T13:38:09+00:00\" \/>\n<meta name=\"twitter:card\" content=\"summary_large_image\" \/>\n<script type=\"application\/ld+json\" class=\"yoast-schema-graph\">{\"@context\":\"https:\/\/schema.org\",\"@graph\":[{\"@type\":\"WebPage\",\"@id\":\"https:\/\/www.plymouthbrethrenchristianchurch.org\/sv\/samhallet\/vart-natverk\/\",\"url\":\"https:\/\/www.plymouthbrethrenchristianchurch.org\/sv\/samhallet\/vart-natverk\/\",\"name\":\"V\u00e5rt n\u00e4tverk | Plymouth Brethren Christian Church\",\"isPartOf\":{\"@id\":\"https:\/\/www.plymouthbrethrenchristianchurch.org\/#website\"},\"datePublished\":\"2024-02-29T05:00:44+00:00\",\"dateModified\":\"2026-03-18T13:38:09+00:00\",\"description\":\"Bes\u00f6k v\u00e5r n\u00e4tverkssida p\u00e5 kyrkans hemsida, en kristen gemenskap som bygger p\u00e5 Bibeln som Guds ord.\",\"breadcrumb\":{\"@id\":\"https:\/\/www.plymouthbrethrenchristianchurch.org\/sv\/samhallet\/vart-natverk\/#breadcrumb\"},\"inLanguage\":\"sv-SE\",\"potentialAction\":[{\"@type\":\"ReadAction\",\"target\":[\"https:\/\/www.plymouthbrethrenchristianchurch.org\/sv\/samhallet\/vart-natverk\/\"]}]},{\"@type\":\"BreadcrumbList\",\"@id\":\"https:\/\/www.plymouthbrethrenchristianchurch.org\/sv\/samhallet\/vart-natverk\/#breadcrumb\",\"itemListElement\":[{\"@type\":\"ListItem\",\"position\":1,\"name\":\"Home\",\"item\":\"https:\/\/www.plymouthbrethrenchristianchurch.org\/sv\/hem\/\"},{\"@type\":\"ListItem\",\"position\":2,\"name\":\"Livsstil\",\"item\":\"https:\/\/www.plymouthbrethrenchristianchurch.org\/sv\/samhallet\/\"},{\"@type\":\"ListItem\",\"position\":3,\"name\":\"V\u00e5rt n\u00e4tverk\"}]},{\"@type\":\"WebSite\",\"@id\":\"https:\/\/www.plymouthbrethrenchristianchurch.org\/#website\",\"url\":\"https:\/\/www.plymouthbrethrenchristianchurch.org\/\",\"name\":\"Plymouth Brethren Christian Church\",\"description\":\"\",\"publisher\":{\"@id\":\"https:\/\/www.plymouthbrethrenchristianchurch.org\/#organization\"},\"potentialAction\":[{\"@type\":\"SearchAction\",\"target\":{\"@type\":\"EntryPoint\",\"urlTemplate\":\"https:\/\/www.plymouthbrethrenchristianchurch.org\/?s={search_term_string}\"},\"query-input\":{\"@type\":\"PropertyValueSpecification\",\"valueRequired\":true,\"valueName\":\"search_term_string\"}}],\"inLanguage\":\"sv-SE\"},{\"@type\":\"Organization\",\"@id\":\"https:\/\/www.plymouthbrethrenchristianchurch.org\/#organization\",\"name\":\"Plymouth Brethren Christian Church\",\"url\":\"https:\/\/www.plymouthbrethrenchristianchurch.org\/\",\"logo\":{\"@type\":\"ImageObject\",\"inLanguage\":\"sv-SE\",\"@id\":\"https:\/\/www.plymouthbrethrenchristianchurch.org\/#\/schema\/logo\/image\/\",\"url\":\"https:\/\/www.plymouthbrethrenchristianchurch.org\/wp-content\/uploads\/2020\/05\/site-logo.svg\",\"contentUrl\":\"https:\/\/www.plymouthbrethrenchristianchurch.org\/wp-content\/uploads\/2020\/05\/site-logo.svg\",\"caption\":\"Plymouth Brethren Christian Church\"},\"image\":{\"@id\":\"https:\/\/www.plymouthbrethrenchristianchurch.org\/#\/schema\/logo\/image\/\"},\"sameAs\":[\"https:\/\/www.facebook.com\/PlymouthBrethrenChristianChurch\",\"https:\/\/www.youtube.com\/channel\/UC76fGueDJBbLvhs988yTBXQ\",\"https:\/\/www.pinterest.com.au\/plymouthbcc\/\"]}]}<\/script>\n<!-- \/ Yoast SEO plugin. -->","yoast_head_json":{"title":"V\u00e5rt n\u00e4tverk | Plymouth Brethren Christian Church","description":"Bes\u00f6k v\u00e5r n\u00e4tverkssida p\u00e5 kyrkans hemsida, en kristen gemenskap som bygger p\u00e5 Bibeln som Guds ord.","robots":{"index":"index","follow":"follow","max-snippet":"max-snippet:-1","max-image-preview":"max-image-preview:large","max-video-preview":"max-video-preview:-1"},"canonical":"https:\/\/www.plymouthbrethrenchristianchurch.org\/sv\/samhallet\/vart-natverk\/","og_locale":"sv_SE","og_type":"article","og_title":"V\u00e5rt n\u00e4tverk | Plymouth Brethren Christian Church","og_description":"Bes\u00f6k v\u00e5r n\u00e4tverkssida p\u00e5 kyrkans hemsida, en kristen gemenskap som bygger p\u00e5 Bibeln som Guds ord.","og_url":"https:\/\/www.plymouthbrethrenchristianchurch.org\/sv\/samhallet\/vart-natverk\/","og_site_name":"Plymouth Brethren Christian Church","article_publisher":"https:\/\/www.facebook.com\/PlymouthBrethrenChristianChurch","article_modified_time":"2026-03-18T13:38:09+00:00","twitter_card":"summary_large_image","schema":{"@context":"https:\/\/schema.org","@graph":[{"@type":"WebPage","@id":"https:\/\/www.plymouthbrethrenchristianchurch.org\/sv\/samhallet\/vart-natverk\/","url":"https:\/\/www.plymouthbrethrenchristianchurch.org\/sv\/samhallet\/vart-natverk\/","name":"V\u00e5rt n\u00e4tverk | Plymouth Brethren Christian Church","isPartOf":{"@id":"https:\/\/www.plymouthbrethrenchristianchurch.org\/#website"},"datePublished":"2024-02-29T05:00:44+00:00","dateModified":"2026-03-18T13:38:09+00:00","description":"Bes\u00f6k v\u00e5r n\u00e4tverkssida p\u00e5 kyrkans hemsida, en kristen gemenskap som bygger p\u00e5 Bibeln som Guds ord.","breadcrumb":{"@id":"https:\/\/www.plymouthbrethrenchristianchurch.org\/sv\/samhallet\/vart-natverk\/#breadcrumb"},"inLanguage":"sv-SE","potentialAction":[{"@type":"ReadAction","target":["https:\/\/www.plymouthbrethrenchristianchurch.org\/sv\/samhallet\/vart-natverk\/"]}]},{"@type":"BreadcrumbList","@id":"https:\/\/www.plymouthbrethrenchristianchurch.org\/sv\/samhallet\/vart-natverk\/#breadcrumb","itemListElement":[{"@type":"ListItem","position":1,"name":"Home","item":"https:\/\/www.plymouthbrethrenchristianchurch.org\/sv\/hem\/"},{"@type":"ListItem","position":2,"name":"Livsstil","item":"https:\/\/www.plymouthbrethrenchristianchurch.org\/sv\/samhallet\/"},{"@type":"ListItem","position":3,"name":"V\u00e5rt n\u00e4tverk"}]},{"@type":"WebSite","@id":"https:\/\/www.plymouthbrethrenchristianchurch.org\/#website","url":"https:\/\/www.plymouthbrethrenchristianchurch.org\/","name":"Plymouth Brethren Christian Church","description":"","publisher":{"@id":"https:\/\/www.plymouthbrethrenchristianchurch.org\/#organization"},"potentialAction":[{"@type":"SearchAction","target":{"@type":"EntryPoint","urlTemplate":"https:\/\/www.plymouthbrethrenchristianchurch.org\/?s={search_term_string}"},"query-input":{"@type":"PropertyValueSpecification","valueRequired":true,"valueName":"search_term_string"}}],"inLanguage":"sv-SE"},{"@type":"Organization","@id":"https:\/\/www.plymouthbrethrenchristianchurch.org\/#organization","name":"Plymouth Brethren Christian Church","url":"https:\/\/www.plymouthbrethrenchristianchurch.org\/","logo":{"@type":"ImageObject","inLanguage":"sv-SE","@id":"https:\/\/www.plymouthbrethrenchristianchurch.org\/#\/schema\/logo\/image\/","url":"https:\/\/www.plymouthbrethrenchristianchurch.org\/wp-content\/uploads\/2020\/05\/site-logo.svg","contentUrl":"https:\/\/www.plymouthbrethrenchristianchurch.org\/wp-content\/uploads\/2020\/05\/site-logo.svg","caption":"Plymouth Brethren Christian Church"},"image":{"@id":"https:\/\/www.plymouthbrethrenchristianchurch.org\/#\/schema\/logo\/image\/"},"sameAs":["https:\/\/www.facebook.com\/PlymouthBrethrenChristianChurch","https:\/\/www.youtube.com\/channel\/UC76fGueDJBbLvhs988yTBXQ","https:\/\/www.pinterest.com.au\/plymouthbcc\/"]}]}},"_links":{"self":[{"href":"https:\/\/www.plymouthbrethrenchristianchurch.org\/sv\/wp-json\/wp\/v2\/pages\/5662"}],"collection":[{"href":"https:\/\/www.plymouthbrethrenchristianchurch.org\/sv\/wp-json\/wp\/v2\/pages"}],"about":[{"href":"https:\/\/www.plymouthbrethrenchristianchurch.org\/sv\/wp-json\/wp\/v2\/types\/page"}],"author":[{"embeddable":true,"href":"https:\/\/www.plymouthbrethrenchristianchurch.org\/sv\/wp-json\/wp\/v2\/users\/13"}],"replies":[{"embeddable":true,"href":"https:\/\/www.plymouthbrethrenchristianchurch.org\/sv\/wp-json\/wp\/v2\/comments?post=5662"}],"version-history":[{"count":3,"href":"https:\/\/www.plymouthbrethrenchristianchurch.org\/sv\/wp-json\/wp\/v2\/pages\/5662\/revisions"}],"predecessor-version":[{"id":8219,"href":"https:\/\/www.plymouthbrethrenchristianchurch.org\/sv\/wp-json\/wp\/v2\/pages\/5662\/revisions\/8219"}],"up":[{"embeddable":true,"href":"https:\/\/www.plymouthbrethrenchristianchurch.org\/sv\/wp-json\/wp\/v2\/pages\/2895"}],"wp:attachment":[{"href":"https:\/\/www.plymouthbrethrenchristianchurch.org\/sv\/wp-json\/wp\/v2\/media?parent=5662"}],"curies":[{"name":"wp","href":"https:\/\/api.w.org\/{rel}","templated":true}]}}